{"id":173435,"date":"2025-11-11T14:44:15","date_gmt":"2025-11-11T14:44:15","guid":{"rendered":"https:\/\/holmatro.com\/?page_id=173435"},"modified":"2025-11-19T14:12:52","modified_gmt":"2025-11-19T14:12:52","slug":"tools-for-life","status":"publish","type":"page","link":"https:\/\/www.holmatro.com\/na\/es\/acerca-de-holmatro\/colaboraciones\/tools-for-life\/","title":{"rendered":"Tools for Life"},"content":{"rendered":"\n<figure class=\"wp-block-image size-full\"><img loading=\"lazy\" decoding=\"async\" width=\"630\" height=\"300\" src=\"https:\/\/www.holmatro.com\/app\/uploads\/2025\/09\/Corporate_300_auto_q_Holmatro_Safety_Team_1280x853px_E_NR-13412-3.jpg\" alt=\"\" class=\"wp-image-859\" srcset=\"https:\/\/www.holmatro.com\/app\/uploads\/2025\/09\/Corporate_300_auto_q_Holmatro_Safety_Team_1280x853px_E_NR-13412-3.jpg 630w, https:\/\/www.holmatro.com\/app\/uploads\/2025\/09\/Corporate_300_auto_q_Holmatro_Safety_Team_1280x853px_E_NR-13412-3-300x143.jpg 300w, https:\/\/www.holmatro.com\/app\/uploads\/2025\/09\/Corporate_300_auto_q_Holmatro_Safety_Team_1280x853px_E_NR-13412-3-600x286.jpg 600w\" sizes=\"auto, (max-width: 630px) 100vw, 630px\" \/><\/figure>\n\n\n\n<p><strong>En 2017 Holmatro celebr\u00f3 su 50.\u00ba aniversario: un logro del que estamos agradecidos. Este era el momento perfecto para devolver algo a la sociedad, por lo que decidimos llevar nuestro Programa de Desarrollo de \u201cTools for Life\u201d al siguiente nivel.<\/strong><\/p>\n\n\n\n<p><strong>Salvar m\u00e1s vidas<\/strong><br>Unimos fuerzas con UKRO IDP y ampliamos nuestra colaboraci\u00f3n con Firefighters Without Borders. Ambas organizaciones tratan de salvar m\u00e1s vidas en los pa\u00edses en desarrollo. \u00bfC\u00f3mo? Mejorando el nivel de los servicios locales de bomberos y rescates con la donaci\u00f3n de equipos y con programas de formaci\u00f3n. Este es un objetivo que compartimos todos: salvar vidas.&nbsp;<\/p>\n\n\n\n<p><strong>El programa de ayuda<\/strong><br>\u201cTools for Life\u201d de Holmatro proporciona herramientas de rescate, formaci\u00f3n y otros servicios para contribuir a los proyectos de nuestros socios.&nbsp;Cada organizaci\u00f3n recibi\u00f3 un cheque simb\u00f3lico con un valor de 100 000 euros de ayuda.<\/p>\n\n\n<div class=\"align wp-block-buttons\">\n\n  <div class=\"button-group-block\">\n                  <a class=\"button button--default\" href=\"https:\/\/ukro.org\/\" target=\"_blank\" rel=\"noopener\">\n\n    \n    M\u00e1s informaci\u00f3n acerca de UKRO IDP\n\n        <\/a>\n                        <a class=\"button button--default\" href=\"https:\/\/ffwb.eu\/\" target=\"_blank\" rel=\"noopener\">\n\n    \n    M\u00e1s informaci\u00f3n acerca de Firefighters Without Borders\n\n        <\/a>\n            <\/div>\n\n  <\/div>\n\n\n\n<h2 class=\"wp-block-heading\">Donaci\u00f3n de Herramientas de Rescate y Formaci\u00f3n en Ucrania<\/h2>\n\n\n\n<figure class=\"wp-block-image size-full\"><img loading=\"lazy\" decoding=\"async\" width=\"630\" height=\"300\" src=\"https:\/\/www.holmatro.com\/app\/uploads\/2025\/09\/Rescue-tools-donation-and-training-Ukraine.jpg\" alt=\"\" class=\"wp-image-861\" srcset=\"https:\/\/www.holmatro.com\/app\/uploads\/2025\/09\/Rescue-tools-donation-and-training-Ukraine.jpg 630w, https:\/\/www.holmatro.com\/app\/uploads\/2025\/09\/Rescue-tools-donation-and-training-Ukraine-300x143.jpg 300w, https:\/\/www.holmatro.com\/app\/uploads\/2025\/09\/Rescue-tools-donation-and-training-Ukraine-600x286.jpg 600w\" sizes=\"auto, (max-width: 630px) 100vw, 630px\" \/><\/figure>\n\n\n\n<p><strong>Octubre de 2017<\/strong><br>Los miembros de UKRO IDP&nbsp;viajan a la regi\u00f3n Poltava Oblast, en Ucrania, para donar un conjunto completo de herramientas de rescate de Holmatro y formar a las brigadas de bomberos locales. El viaje forma parte del programa de desarrollo y mejora de la capacidad en rescates de veh\u00edculos, intervenci\u00f3n en incidentes y asistencia m\u00e9dica en esta regi\u00f3n.<\/p>\n\n\n\n<h2 class=\"wp-block-heading\">Donaci\u00f3n de Herramientas de Rescate en Bolivia<\/h2>\n\n\n\n<figure class=\"wp-block-image size-full\"><img loading=\"lazy\" decoding=\"async\" width=\"630\" height=\"300\" src=\"https:\/\/www.holmatro.com\/app\/uploads\/2025\/09\/Tools-for-Life_Rescue-tools-donation-Bolivia_La_Paz.jpg\" alt=\"\" class=\"wp-image-863\" srcset=\"https:\/\/www.holmatro.com\/app\/uploads\/2025\/09\/Tools-for-Life_Rescue-tools-donation-Bolivia_La_Paz.jpg 630w, https:\/\/www.holmatro.com\/app\/uploads\/2025\/09\/Tools-for-Life_Rescue-tools-donation-Bolivia_La_Paz-300x143.jpg 300w, https:\/\/www.holmatro.com\/app\/uploads\/2025\/09\/Tools-for-Life_Rescue-tools-donation-Bolivia_La_Paz-600x286.jpg 600w\" sizes=\"auto, (max-width: 630px) 100vw, 630px\" \/><\/figure>\n\n\n\n<p><strong>Enero de 2018<\/strong><br>En representaci\u00f3n de Firefighers Without Borders, el equipo holand\u00e9s &#8220;Firemen Dakarteam&#8221; don\u00f3 un conjunto de herramientas de rescate de Holmatro al servicio contraincendios local de La Paz, donde hicieron una parada durante el Rally Dakar de 2018.<\/p>\n\n\n\n<h2 class=\"wp-block-heading\">Donaci\u00f3n de Herramientas de Rescate en Hungr\u00eda<\/h2>\n\n\n\n<figure class=\"wp-block-image size-full\"><img loading=\"lazy\" decoding=\"async\" width=\"630\" height=\"300\" src=\"https:\/\/www.holmatro.com\/app\/uploads\/2025\/09\/Team-Holmatro_donation_Hungary_FWB.jpg\" alt=\"\" class=\"wp-image-862\" srcset=\"https:\/\/www.holmatro.com\/app\/uploads\/2025\/09\/Team-Holmatro_donation_Hungary_FWB.jpg 630w, https:\/\/www.holmatro.com\/app\/uploads\/2025\/09\/Team-Holmatro_donation_Hungary_FWB-300x143.jpg 300w, https:\/\/www.holmatro.com\/app\/uploads\/2025\/09\/Team-Holmatro_donation_Hungary_FWB-600x286.jpg 600w\" sizes=\"auto, (max-width: 630px) 100vw, 630px\" \/><\/figure>\n\n\n\n<p><strong>Mayo de 2018<\/strong><br>Miembros de Bomberos sin Fronteras viajaron a Hungr\u00eda para donar un equipo de rescate de Holmatro a la Fundaci\u00f3n Kotel, que ha obtenido recientemente la categor\u00eda oficial de Servicio de Bomberos y Rescate. Y hay m\u00e1s de un motivo para la fiesta: \u00a1los voluntarios de esta Fundaci\u00f3n tambi\u00e9n celebran su 20 aniversario!<\/p>\n\n\n\n<h2 class=\"wp-block-heading\">Donaci\u00f3n de Herramientas de Rescate y Rescue Challenge en Ucrania<\/h2>\n\n\n\n<figure class=\"wp-block-image size-full\"><img loading=\"lazy\" decoding=\"async\" width=\"900\" height=\"600\" src=\"https:\/\/www.holmatro.com\/app\/uploads\/2025\/11\/Holmatro-toolsforlife-Moldova_1.jpg\" alt=\"\" class=\"wp-image-173423\" srcset=\"https:\/\/www.holmatro.com\/app\/uploads\/2025\/11\/Holmatro-toolsforlife-Moldova_1.jpg 900w, https:\/\/www.holmatro.com\/app\/uploads\/2025\/11\/Holmatro-toolsforlife-Moldova_1-300x200.jpg 300w, https:\/\/www.holmatro.com\/app\/uploads\/2025\/11\/Holmatro-toolsforlife-Moldova_1-768x512.jpg 768w, https:\/\/www.holmatro.com\/app\/uploads\/2025\/11\/Holmatro-toolsforlife-Moldova_1-600x400.jpg 600w\" sizes=\"auto, (max-width: 900px) 100vw, 900px\" \/><\/figure>\n\n\n\n<p><br><strong>Enero de 2019<\/strong><br>Tras las provechosas visitas anteriores en 2017 y 2018, los miembros de\u00a0<a href=\"https:\/\/www.ukro.org\/International-Development\" target=\"_blank\" rel=\"noreferrer noopener\">UKRO IDP\u00a0<\/a>viajaron a la regi\u00f3n de Poltava en Ucrania para entregar tres camiones de bomberos totalmente equipados, provistas con herramientas de rescate de Holmatro. Lo hicieron junto con la\u00a0<a href=\"https:\/\/www.sera.scot\/\" target=\"_blank\" rel=\"noreferrer noopener\">Scottish Emergency Rescue Association (SERA)<\/a>. Adem\u00e1s, UKRO IDP y SERA organizaron una semana de formaci\u00f3n en intervenci\u00f3n en accidentes de tr\u00e1fico seguida de un reto de rescate en veh\u00edculos. En esta competici\u00f3n de rescate (\u00a1la primera celebrada en esta regi\u00f3n!) los bomberos de Poltava pudieron mostrar sus habilidades empleando las herramientas de rescate Holmatro que hab\u00edan recibido. Este equipo mejorar\u00e1 notablemente las capacidades de rescate en Ucrania.<\/p>\n\n\n\n<h2 class=\"wp-block-heading\">Donaci\u00f3n de Herramientas de Rescate en Paraguay<\/h2>\n\n\n\n<figure class=\"wp-block-image size-full\"><img loading=\"lazy\" decoding=\"async\" width=\"900\" height=\"600\" src=\"https:\/\/www.holmatro.com\/app\/uploads\/2025\/09\/Rescue-tool-donation-Holmatro-Paraguay_0.jpg\" alt=\"\" class=\"wp-image-860\" srcset=\"https:\/\/www.holmatro.com\/app\/uploads\/2025\/09\/Rescue-tool-donation-Holmatro-Paraguay_0.jpg 900w, https:\/\/www.holmatro.com\/app\/uploads\/2025\/09\/Rescue-tool-donation-Holmatro-Paraguay_0-300x200.jpg 300w, https:\/\/www.holmatro.com\/app\/uploads\/2025\/09\/Rescue-tool-donation-Holmatro-Paraguay_0-768x512.jpg 768w, https:\/\/www.holmatro.com\/app\/uploads\/2025\/09\/Rescue-tool-donation-Holmatro-Paraguay_0-600x400.jpg 600w\" sizes=\"auto, (max-width: 900px) 100vw, 900px\" \/><\/figure>\n\n\n\n<p><strong>Abril de 2018<\/strong><br>La Fundaci\u00f3n Bomberos sin Fronteras dona un contenedor de gran tama\u00f1o con equipo t\u00e9cnico de rescate, m\u00e9dico y de protecci\u00f3n personal a&nbsp;<a href=\"https:\/\/www.facebook.com\/bomberospresidentefranco\/\" target=\"_blank\" rel=\"noopener\">los Bomberos Voluntarios del parque de bomberos Presidente Franco<\/a>&nbsp;en Paraguay. La donaci\u00f3n incluye 5 juegos de herramientas de rescate Holmatro formados por separadores hidr\u00e1ulicos, herramientas combinadas, cilindros, bombas y mangueras.&nbsp;<br>&nbsp;<\/p>\n\n\n\n<p><\/p>\n","protected":false},"excerpt":{"rendered":"<p>En 2017 Holmatro celebr\u00f3 su 50.\u00ba aniversario: un logro del que estamos agradecidos. Este era el momento perfecto para devolver\u2026<\/p>\n","protected":false},"author":10,"featured_media":0,"parent":173366,"menu_order":0,"comment_status":"closed","ping_status":"closed","template":"","meta":{"_acf_changed":false,"content-type":"","ep_exclude_from_search":false,"footnotes":""},"class_list":["post-173435","page","type-page","status-publish","hentry"],"acf":[],"lang":"es","translations":{"es":173435,"en":858,"fr":173433},"pll_sync_post":[],"_links":{"self":[{"href":"https:\/\/www.holmatro.com\/na\/wp-json\/wp\/v2\/pages\/173435","targetHints":{"allow":["GET"]}}],"collection":[{"href":"https:\/\/www.holmatro.com\/na\/wp-json\/wp\/v2\/pages"}],"about":[{"href":"https:\/\/www.holmatro.com\/na\/wp-json\/wp\/v2\/types\/page"}],"author":[{"embeddable":true,"href":"https:\/\/www.holmatro.com\/na\/wp-json\/wp\/v2\/users\/10"}],"replies":[{"embeddable":true,"href":"https:\/\/www.holmatro.com\/na\/wp-json\/wp\/v2\/comments?post=173435"}],"version-history":[{"count":2,"href":"https:\/\/www.holmatro.com\/na\/wp-json\/wp\/v2\/pages\/173435\/revisions"}],"predecessor-version":[{"id":176256,"href":"https:\/\/www.holmatro.com\/na\/wp-json\/wp\/v2\/pages\/173435\/revisions\/176256"}],"up":[{"embeddable":true,"href":"https:\/\/www.holmatro.com\/na\/wp-json\/wp\/v2\/pages\/173366"}],"wp:attachment":[{"href":"https:\/\/www.holmatro.com\/na\/wp-json\/wp\/v2\/media?parent=173435"}],"curies":[{"name":"wp","href":"https:\/\/api.w.org\/{rel}","templated":true}]}}