{"id":173433,"date":"2025-11-11T14:40:23","date_gmt":"2025-11-11T14:40:23","guid":{"rendered":"https:\/\/holmatro.com\/?page_id=173433"},"modified":"2025-11-19T14:13:14","modified_gmt":"2025-11-19T14:13:14","slug":"tools-for-life","status":"publish","type":"page","link":"https:\/\/www.holmatro.com\/na\/fr\/a-propos-de-holmatro\/partenariats\/tools-for-life\/","title":{"rendered":"Tools for Life"},"content":{"rendered":"\n<figure class=\"wp-block-image size-full\"><img loading=\"lazy\" decoding=\"async\" width=\"630\" height=\"300\" src=\"https:\/\/www.holmatro.com\/app\/uploads\/2025\/09\/Corporate_300_auto_q_Holmatro_Safety_Team_1280x853px_E_NR-13412-3.jpg\" alt=\"\" class=\"wp-image-859\" srcset=\"https:\/\/www.holmatro.com\/app\/uploads\/2025\/09\/Corporate_300_auto_q_Holmatro_Safety_Team_1280x853px_E_NR-13412-3.jpg 630w, https:\/\/www.holmatro.com\/app\/uploads\/2025\/09\/Corporate_300_auto_q_Holmatro_Safety_Team_1280x853px_E_NR-13412-3-300x143.jpg 300w, https:\/\/www.holmatro.com\/app\/uploads\/2025\/09\/Corporate_300_auto_q_Holmatro_Safety_Team_1280x853px_E_NR-13412-3-600x286.jpg 600w\" sizes=\"auto, (max-width: 630px) 100vw, 630px\" \/><\/figure>\n\n\n\n<p><strong>En 2017 Holmatro a c\u00e9l\u00e9br\u00e9 son 50e anniversaire&nbsp;: une \u00e9tape dont on peut \u00eatre fiers. C&#8217;\u00e9tait occasion de faire un geste pour aider la collectivit\u00e9, c&#8217;est pourquoi nous avons d\u00e9cid\u00e9 d\u2019acc\u00e9l\u00e9rer le programme de d\u00e9veloppement \u00abTools for Life\u00bb.<\/strong><\/p>\n\n\n\n<p><strong>Sauver davantage de vies<\/strong><br>Nous avons joint nos forces \u00e0 l&#8217;ONG UKRO IDP et nous avons d\u00e9velopp\u00e9 notre partenariat avec Firefighters Without Borders. Ces deux organismes ont pour but de sauver plus de vies dans les pays en voie de d\u00e9veloppement. De quelle mani\u00e8re? En am\u00e9liorant les services locaux d&#8217;incendie et de sauvetage par l&#8217;interm\u00e9diaire de dons de mat\u00e9riel et de programmes de formation. Nous avons un objectif en commun: sauver la vie des gens.<\/p>\n\n\n\n<p><strong>Programme de soutien<\/strong><br>Gr\u00e2ce \u00e0 son initiative \u00abTools for Life\u00bb, Holmatro fournit des outils de d\u00e9sincarc\u00e9ration, des formations et d&#8217;autres services qui viennent en soutien des projets de nos partenaires.&nbsp;Chacune des organisations a re\u00e7u un ch\u00e8que de 100&nbsp;000 euros correspondant au soutien fourni.<\/p>\n\n\n<div class=\"align wp-block-buttons\">\n\n  <div class=\"button-group-block\">\n                  <a class=\"button button--default\" href=\"https:\/\/ukro.org\/\" target=\"_blank\" rel=\"noopener\">\n\n    \n    Pour des informations compl\u00e9mentaires sur UKRO IDP\n\n        <\/a>\n                        <a class=\"button button--default\" href=\"https:\/\/ffwb.eu\/\" target=\"_blank\" rel=\"noopener\">\n\n    \n    Pour des informations compl\u00e9mentaires sur Firefighters without Borders\n\n        <\/a>\n            <\/div>\n\n  <\/div>\n\n\n\n<h2 class=\"wp-block-heading\">Outils de D\u00e9sincarc\u00e9ration et Formation en Ukraine<\/h2>\n\n\n\n<figure class=\"wp-block-image size-full\"><img loading=\"lazy\" decoding=\"async\" width=\"630\" height=\"300\" src=\"https:\/\/www.holmatro.com\/app\/uploads\/2025\/09\/Rescue-tools-donation-and-training-Ukraine.jpg\" alt=\"\" class=\"wp-image-861\" srcset=\"https:\/\/www.holmatro.com\/app\/uploads\/2025\/09\/Rescue-tools-donation-and-training-Ukraine.jpg 630w, https:\/\/www.holmatro.com\/app\/uploads\/2025\/09\/Rescue-tools-donation-and-training-Ukraine-300x143.jpg 300w, https:\/\/www.holmatro.com\/app\/uploads\/2025\/09\/Rescue-tools-donation-and-training-Ukraine-600x286.jpg 600w\" sizes=\"auto, (max-width: 630px) 100vw, 630px\" \/><\/figure>\n\n\n\n<p><strong>Octobre 2017&nbsp;<\/strong><br>Des membres d&#8217;UKRO IDP se se sont rendus dans la r\u00e9gion de l&#8217;oblast de Poltava en Ukraine pour offrir un ensemble complet d&#8217;outils de d\u00e9sincarc\u00e9ration Holmatro et pour former des pompiers locaux. Ce d\u00e9placement s&#8217;int\u00e8gre dans un programme de cinq ans visant \u00e0 d\u00e9velopper et \u00e0 am\u00e9liorer les aptitudes en termes de d\u00e9sincarc\u00e9ration automobile, de gestion des incidents et de prise en charge m\u00e9dicale dans cette r\u00e9gion.<\/p>\n\n\n\n<h2 class=\"wp-block-heading\">Don D&#8217;outils de D\u00e9sincarc\u00e9ration en Bolivie<\/h2>\n\n\n\n<figure class=\"wp-block-image size-full\"><img loading=\"lazy\" decoding=\"async\" width=\"630\" height=\"300\" src=\"https:\/\/www.holmatro.com\/app\/uploads\/2025\/09\/Tools-for-Life_Rescue-tools-donation-Bolivia_La_Paz.jpg\" alt=\"\" class=\"wp-image-863\" srcset=\"https:\/\/www.holmatro.com\/app\/uploads\/2025\/09\/Tools-for-Life_Rescue-tools-donation-Bolivia_La_Paz.jpg 630w, https:\/\/www.holmatro.com\/app\/uploads\/2025\/09\/Tools-for-Life_Rescue-tools-donation-Bolivia_La_Paz-300x143.jpg 300w, https:\/\/www.holmatro.com\/app\/uploads\/2025\/09\/Tools-for-Life_Rescue-tools-donation-Bolivia_La_Paz-600x286.jpg 600w\" sizes=\"auto, (max-width: 630px) 100vw, 630px\" \/><\/figure>\n\n\n\n<p><strong>Janvier 2018<\/strong><br>Au nom de Firefighers Without Borders, la Firemen Dakar Team n\u00e9erlandais a offert un jeu d&#8217;outils de d\u00e9sincarc\u00e9ration \u00e0 une caserne de La Paz, o\u00f9 ils se sont arr\u00eat\u00e9s au cours de leur participation au Rallye Dakar 2018.<\/p>\n\n\n\n<h2 class=\"wp-block-heading\">Don D&#8217;outils de D\u00e9sincarc\u00e9ration en Hongrie<\/h2>\n\n\n\n<figure class=\"wp-block-image size-full\"><img loading=\"lazy\" decoding=\"async\" width=\"630\" height=\"300\" src=\"https:\/\/www.holmatro.com\/app\/uploads\/2025\/09\/Team-Holmatro_donation_Hungary_FWB.jpg\" alt=\"\" class=\"wp-image-862\" srcset=\"https:\/\/www.holmatro.com\/app\/uploads\/2025\/09\/Team-Holmatro_donation_Hungary_FWB.jpg 630w, https:\/\/www.holmatro.com\/app\/uploads\/2025\/09\/Team-Holmatro_donation_Hungary_FWB-300x143.jpg 300w, https:\/\/www.holmatro.com\/app\/uploads\/2025\/09\/Team-Holmatro_donation_Hungary_FWB-600x286.jpg 600w\" sizes=\"auto, (max-width: 630px) 100vw, 630px\" \/><\/figure>\n\n\n\n<p><strong>Mai 2018<\/strong><br>Des membres de Pompiers sans fronti\u00e8res en d\u00e9placement en Hongrie pour offrir un ensemble d&#8217;outils de d\u00e9sincarc\u00e9ration Holmatro \u00e0 la fondation Kotel qui a r\u00e9cemment obtenu le statut officiel de service d&#8217;incendie et de secours. Et il n&#8217;y a pas qu&#8217;une raison de faire la f\u00eate&nbsp;: les volontaires de la fondation c\u00e9l\u00e8brent \u00e9galement les 20 ans de celle-ci!<\/p>\n\n\n\n<h2 class=\"wp-block-heading\">Don D&#8217;outils De Desincarceration Et Rescue Challenge Ukraine<\/h2>\n\n\n\n<figure class=\"wp-block-image size-full\"><img loading=\"lazy\" decoding=\"async\" width=\"900\" height=\"600\" src=\"https:\/\/www.holmatro.com\/app\/uploads\/2025\/11\/Holmatro-toolsforlife-Moldova_1.jpg\" alt=\"\" class=\"wp-image-173423\" srcset=\"https:\/\/www.holmatro.com\/app\/uploads\/2025\/11\/Holmatro-toolsforlife-Moldova_1.jpg 900w, https:\/\/www.holmatro.com\/app\/uploads\/2025\/11\/Holmatro-toolsforlife-Moldova_1-300x200.jpg 300w, https:\/\/www.holmatro.com\/app\/uploads\/2025\/11\/Holmatro-toolsforlife-Moldova_1-768x512.jpg 768w, https:\/\/www.holmatro.com\/app\/uploads\/2025\/11\/Holmatro-toolsforlife-Moldova_1-600x400.jpg 600w\" sizes=\"auto, (max-width: 900px) 100vw, 900px\" \/><\/figure>\n\n\n\n<p><br><strong>Janvier 2019<\/strong><br>Dans la continuit\u00e9 du succ\u00e8s des visites en 2017 et 2018, des membres d\u2019\u00a0<a href=\"https:\/\/www.ukro.org\/International-Development\" target=\"_blank\" rel=\"noreferrer noopener\">UKRO IDP<\/a>\u00a0se sont rendus dans la r\u00e9gion de Poltava en Ukraine pour livrer trois fourgons d&#8217;incendie totalement \u00e9quip\u00e9s avec notamment des outils de d\u00e9sincarc\u00e9ration Holmatro. Cette action s\u2019est faite avec l&#8217;association \u00e9cossaise de secours d&#8217;urgence (<a href=\"https:\/\/www.sera.scot\/\" target=\"_blank\" rel=\"noreferrer noopener\">Scottish Emergency Rescue Association &#8211; SERA<\/a>). UKOR IDP et SERA ont en outre organis\u00e9 une semaine de formation sur les accidents de la route suivie par un d\u00e9fi de d\u00e9sincarc\u00e9ration (Vehicle Extrication Challenge). Au cours de cette comp\u00e9tition de sauvetage (le tout premier dans cette r\u00e9gion), les pompiers de Poltava ont eu l&#8217;occasion de montrer leurs comp\u00e9tences en utilisant les outils de d\u00e9sincarc\u00e9ration re\u00e7us en don d\u2019Holmatro. Ces \u00e9quipements vont am\u00e9liorer de mani\u00e8re significative les capacit\u00e9s de d\u00e9sincarc\u00e9ration en Ukraine.<\/p>\n\n\n\n<h2 class=\"wp-block-heading\">Don D\u2019outils De D\u00e9sincarc\u00e9ration Paraguay<\/h2>\n\n\n\n<figure class=\"wp-block-image size-full\"><img loading=\"lazy\" decoding=\"async\" width=\"900\" height=\"600\" src=\"https:\/\/www.holmatro.com\/app\/uploads\/2025\/09\/Rescue-tool-donation-Holmatro-Paraguay_0.jpg\" alt=\"\" class=\"wp-image-860\" srcset=\"https:\/\/www.holmatro.com\/app\/uploads\/2025\/09\/Rescue-tool-donation-Holmatro-Paraguay_0.jpg 900w, https:\/\/www.holmatro.com\/app\/uploads\/2025\/09\/Rescue-tool-donation-Holmatro-Paraguay_0-300x200.jpg 300w, https:\/\/www.holmatro.com\/app\/uploads\/2025\/09\/Rescue-tool-donation-Holmatro-Paraguay_0-768x512.jpg 768w, https:\/\/www.holmatro.com\/app\/uploads\/2025\/09\/Rescue-tool-donation-Holmatro-Paraguay_0-600x400.jpg 600w\" sizes=\"auto, (max-width: 900px) 100vw, 900px\" \/><\/figure>\n\n\n\n<p><strong>Avril 2018<\/strong><br>La fondation Firefighters Without Borders fait dont d\u2019un grand container d\u2019outils de d\u00e9sincarc\u00e9ration, de mat\u00e9riel m\u00e9dical et de protection individuelle aux pompiers volontaires de\u00a0<a href=\"https:\/\/www.facebook.com\/bomberospresidentefranco\/\" target=\"_blank\" rel=\"noreferrer noopener\">la caserne de pompiers Presidente Franco<\/a>\u00a0au Paraguay. Le don comprend 5 jeux d\u2019outils de d\u00e9sincarc\u00e9ration Holmatro avec des \u00e9carteurs hydrauliques, des outils combin\u00e9s, des v\u00e9rins ram, des pompes et des flexibles.\u00a0<\/p>\n","protected":false},"excerpt":{"rendered":"<p>En 2017 Holmatro a c\u00e9l\u00e9br\u00e9 son 50e anniversaire&nbsp;: une \u00e9tape dont on peut \u00eatre fiers. C&#8217;\u00e9tait occasion de faire un\u2026<\/p>\n","protected":false},"author":10,"featured_media":0,"parent":173373,"menu_order":0,"comment_status":"closed","ping_status":"closed","template":"","meta":{"_acf_changed":false,"content-type":"","ep_exclude_from_search":false,"footnotes":""},"class_list":["post-173433","page","type-page","status-publish","hentry"],"acf":[],"lang":"fr","translations":{"fr":173433,"en":858,"es":173435},"pll_sync_post":[],"_links":{"self":[{"href":"https:\/\/www.holmatro.com\/na\/wp-json\/wp\/v2\/pages\/173433","targetHints":{"allow":["GET"]}}],"collection":[{"href":"https:\/\/www.holmatro.com\/na\/wp-json\/wp\/v2\/pages"}],"about":[{"href":"https:\/\/www.holmatro.com\/na\/wp-json\/wp\/v2\/types\/page"}],"author":[{"embeddable":true,"href":"https:\/\/www.holmatro.com\/na\/wp-json\/wp\/v2\/users\/10"}],"replies":[{"embeddable":true,"href":"https:\/\/www.holmatro.com\/na\/wp-json\/wp\/v2\/comments?post=173433"}],"version-history":[{"count":2,"href":"https:\/\/www.holmatro.com\/na\/wp-json\/wp\/v2\/pages\/173433\/revisions"}],"predecessor-version":[{"id":176258,"href":"https:\/\/www.holmatro.com\/na\/wp-json\/wp\/v2\/pages\/173433\/revisions\/176258"}],"up":[{"embeddable":true,"href":"https:\/\/www.holmatro.com\/na\/wp-json\/wp\/v2\/pages\/173373"}],"wp:attachment":[{"href":"https:\/\/www.holmatro.com\/na\/wp-json\/wp\/v2\/media?parent=173433"}],"curies":[{"name":"wp","href":"https:\/\/api.w.org\/{rel}","templated":true}]}}