{"id":173411,"date":"2025-11-11T14:19:32","date_gmt":"2025-11-11T14:19:32","guid":{"rendered":"https:\/\/holmatro.com\/?page_id=173411"},"modified":"2025-11-11T14:23:22","modified_gmt":"2025-11-11T14:23:22","slug":"el-rescate-en-deportes-de-motor","status":"publish","type":"page","link":"https:\/\/www.holmatro.com\/na\/es\/acerca-de-holmatro\/colaboraciones\/el-rescate-en-deportes-de-motor\/","title":{"rendered":"El Rescate en Deportes de Motor"},"content":{"rendered":"<div class=\"video-block\">\n                            <div class=\"video-block__overlay\">\n            <img decoding=\"async\" class=\"video-block__overlay-image\"\n                src=\"https:\/\/img.youtube.com\/vi\/fpbuH5vEQ4o\/hqdefault.jpg \"\n                alt=\"\">\n            <button class=\"video-block__overlay-button\" tabindex=\"0\"><\/button>\n        <\/div>\n        \n        <iframe class=\"video-block__iframe\" allowfullscreen='true' allow=\"autoplay\"\n            data-src='https:\/\/www.youtube.com\/embed\/fpbuH5vEQ4o?rel=0&amp;disablekb=1' longdesc='https:\/\/www.youtube.com\/watch?v=fpbuH5vEQ4o'\n            data-cookieblock-src=\"https:\/\/www.youtube.com\/embed\/fpbuH5vEQ4o?rel=0&amp;disablekb=1\"\n            data-cookieconsent=\"marketing\"\n                    ><\/iframe>\n        <div class=\"video-block__optout cookiebot-optout cookieconsent-optout-marketing\">\n            <p>\n                Please &nbsp; <a href=\"javascript:Cookiebot.renew()\"> accept marketing-cookies <\/a> &nbsp; to watch this video.\n            <\/p>\n        <\/div>\n    <\/div>\n            \n\n\n<h2 class=\"wp-block-heading\">Cuando la carrera es por la vida<\/h2>\n\n\n\n<p>Estamos extraordinariamente orgullosos de estar asociados con el l\u00edder mundial en seguridad de los deportes de motor y respuesta en pista, el INDYCAR Safety Team. \u00bfPero sab\u00eda usted que tambi\u00e9n apoyamos a otros equipos de rescate de deportes de motor? Cuando la carrera es por la vida, ellos tambi\u00e9n pueden contar con las herramientas de rescate de Holmatro para la extracci\u00f3n de los conductores atrapados.<\/p>\n\n\n\n<h2 class=\"wp-block-heading\">Nuestro objetivo<\/h2>\n\n\n\n<p>Como l\u00edderes mundiales en herramientas de rescate, todos los d\u00edas se recurre a nuestro material para salvar vidas. Lo que aprendemos de las carreras nos ayuda a adelantarnos a las nuevas tecnolog\u00edas, que a la larga, acabar\u00e1n llegando a los coches de la calle. Los coches que usar\u00e1n nuestros clientes. Al suministrarles a los equipos de seguridad de deportes de motor herramientas de rescate, formaci\u00f3n y asistencia t\u00e9cnica, aprendemos de los mejores rescatistas profesionales del mundo a la vez que contribuimos a la mejora continua de la seguridad en las pistas.<\/p>\n\n\n\n<h2 class=\"wp-block-heading\">Testimonio CMRT (canad\u00e1)<\/h2>\n\n\n<div class=\"video-block\">\n                            <div class=\"video-block__overlay\">\n            <img decoding=\"async\" class=\"video-block__overlay-image\"\n                src=\"https:\/\/img.youtube.com\/vi\/_bOHnUQbhIs\/hqdefault.jpg \"\n                alt=\"\">\n            <button class=\"video-block__overlay-button\" tabindex=\"0\"><\/button>\n        <\/div>\n        \n        <iframe class=\"video-block__iframe\" allowfullscreen='true' allow=\"autoplay\"\n            data-src='https:\/\/www.youtube.com\/embed\/_bOHnUQbhIs?rel=0&amp;disablekb=1' longdesc='https:\/\/www.youtube.com\/watch?v=_bOHnUQbhIs'\n            data-cookieblock-src=\"https:\/\/www.youtube.com\/embed\/_bOHnUQbhIs?rel=0&amp;disablekb=1\"\n            data-cookieconsent=\"marketing\"\n                    ><\/iframe>\n        <div class=\"video-block__optout cookiebot-optout cookieconsent-optout-marketing\">\n            <p>\n                Please &nbsp; <a href=\"javascript:Cookiebot.renew()\"> accept marketing-cookies <\/a> &nbsp; to watch this video.\n            <\/p>\n        <\/div>\n    <\/div>\n            \n\n\n<h2 class=\"wp-block-heading\">Lucas Oil Safety Team (EE. UU.)<\/h2>\n\n\n\n<figure class=\"wp-block-image size-full\"><img loading=\"lazy\" decoding=\"async\" width=\"900\" height=\"675\" src=\"https:\/\/www.holmatro.com\/app\/uploads\/2025\/09\/Corporate_300_auto_q_Holmatro_Safety_Team_1280x853px_E_NR-13412-2.jpg\" alt=\"\" class=\"wp-image-856\" srcset=\"https:\/\/www.holmatro.com\/app\/uploads\/2025\/09\/Corporate_300_auto_q_Holmatro_Safety_Team_1280x853px_E_NR-13412-2.jpg 900w, https:\/\/www.holmatro.com\/app\/uploads\/2025\/09\/Corporate_300_auto_q_Holmatro_Safety_Team_1280x853px_E_NR-13412-2-300x225.jpg 300w, https:\/\/www.holmatro.com\/app\/uploads\/2025\/09\/Corporate_300_auto_q_Holmatro_Safety_Team_1280x853px_E_NR-13412-2-768x576.jpg 768w, https:\/\/www.holmatro.com\/app\/uploads\/2025\/09\/Corporate_300_auto_q_Holmatro_Safety_Team_1280x853px_E_NR-13412-2-600x450.jpg 600w\" sizes=\"auto, (max-width: 900px) 100vw, 900px\" \/><\/figure>\n\n\n\n<h2 class=\"wp-block-heading\">Toca Safety Team (Reino Unido)<\/h2>\n\n\n\n<figure class=\"wp-block-image size-full\"><img loading=\"lazy\" decoding=\"async\" width=\"900\" height=\"600\" src=\"https:\/\/www.holmatro.com\/app\/uploads\/2025\/09\/TOCA-017-Large_0.jpg\" alt=\"\" class=\"wp-image-855\" srcset=\"https:\/\/www.holmatro.com\/app\/uploads\/2025\/09\/TOCA-017-Large_0.jpg 900w, https:\/\/www.holmatro.com\/app\/uploads\/2025\/09\/TOCA-017-Large_0-300x200.jpg 300w, https:\/\/www.holmatro.com\/app\/uploads\/2025\/09\/TOCA-017-Large_0-768x512.jpg 768w, https:\/\/www.holmatro.com\/app\/uploads\/2025\/09\/TOCA-017-Large_0-600x400.jpg 600w\" sizes=\"auto, (max-width: 900px) 100vw, 900px\" \/><\/figure>\n","protected":false},"excerpt":{"rendered":"<p>Cuando la carrera es por la vida Estamos extraordinariamente orgullosos de estar asociados con el l\u00edder mundial en seguridad de\u2026<\/p>\n","protected":false},"author":10,"featured_media":0,"parent":173366,"menu_order":0,"comment_status":"closed","ping_status":"closed","template":"","meta":{"_acf_changed":false,"content-type":"","ep_exclude_from_search":false,"footnotes":""},"class_list":["post-173411","page","type-page","status-publish","hentry"],"acf":[],"lang":"es","translations":{"es":173411,"en":853,"fr":173407},"pll_sync_post":[],"_links":{"self":[{"href":"https:\/\/www.holmatro.com\/na\/wp-json\/wp\/v2\/pages\/173411","targetHints":{"allow":["GET"]}}],"collection":[{"href":"https:\/\/www.holmatro.com\/na\/wp-json\/wp\/v2\/pages"}],"about":[{"href":"https:\/\/www.holmatro.com\/na\/wp-json\/wp\/v2\/types\/page"}],"author":[{"embeddable":true,"href":"https:\/\/www.holmatro.com\/na\/wp-json\/wp\/v2\/users\/10"}],"replies":[{"embeddable":true,"href":"https:\/\/www.holmatro.com\/na\/wp-json\/wp\/v2\/comments?post=173411"}],"version-history":[{"count":2,"href":"https:\/\/www.holmatro.com\/na\/wp-json\/wp\/v2\/pages\/173411\/revisions"}],"predecessor-version":[{"id":173416,"href":"https:\/\/www.holmatro.com\/na\/wp-json\/wp\/v2\/pages\/173411\/revisions\/173416"}],"up":[{"embeddable":true,"href":"https:\/\/www.holmatro.com\/na\/wp-json\/wp\/v2\/pages\/173366"}],"wp:attachment":[{"href":"https:\/\/www.holmatro.com\/na\/wp-json\/wp\/v2\/media?parent=173411"}],"curies":[{"name":"wp","href":"https:\/\/api.w.org\/{rel}","templated":true}]}}