{"id":173407,"date":"2025-11-11T14:16:25","date_gmt":"2025-11-11T14:16:25","guid":{"rendered":"https:\/\/holmatro.com\/?page_id=173407"},"modified":"2025-11-11T14:26:17","modified_gmt":"2025-11-11T14:26:17","slug":"le-sauvetage-en-sports-automobiles","status":"publish","type":"page","link":"https:\/\/www.holmatro.com\/na\/fr\/a-propos-de-holmatro\/partenariats\/le-sauvetage-en-sports-automobiles\/","title":{"rendered":"Le Sauvetage en Sports Automobiles"},"content":{"rendered":"<div class=\"video-block\">\n                            <div class=\"video-block__overlay\">\n            <img decoding=\"async\" class=\"video-block__overlay-image\"\n                src=\"https:\/\/img.youtube.com\/vi\/fpbuH5vEQ4o\/hqdefault.jpg \"\n                alt=\"\">\n            <button class=\"video-block__overlay-button\" tabindex=\"0\"><\/button>\n        <\/div>\n        \n        <iframe class=\"video-block__iframe\" allowfullscreen='true' allow=\"autoplay\"\n            data-src='https:\/\/www.youtube.com\/embed\/fpbuH5vEQ4o?rel=0&amp;disablekb=1' longdesc='https:\/\/www.youtube.com\/watch?v=fpbuH5vEQ4o'\n            data-cookieblock-src=\"https:\/\/www.youtube.com\/embed\/fpbuH5vEQ4o?rel=0&amp;disablekb=1\"\n            data-cookieconsent=\"marketing\"\n                    ><\/iframe>\n        <div class=\"video-block__optout cookiebot-optout cookieconsent-optout-marketing\">\n            <p>\n                Please &nbsp; <a href=\"javascript:Cookiebot.renew()\"> accept marketing-cookies <\/a> &nbsp; to watch this video.\n            <\/p>\n        <\/div>\n    <\/div>\n            \n\n\n<h2 class=\"wp-block-heading\">Une course pour la vie<\/h2>\n\n\n\n<p>Nous sommes particuli\u00e8rement fiers d&#8217;\u00eatre affili\u00e9s au leader mondial en mati\u00e8re de s\u00e9curit\u00e9 et d&#8217;intervention sur circuit automobile, la Safety Team INDYCAR. Mais saviez-vous que nous sommes \u00e9galement aux c\u00f4t\u00e9s d&#8217;autres \u00e9quipes d&#8217;intervention en sports automobiles ? Dans leur course pour la vie, eux aussi peuvent compter sur les outils de d\u00e9sincarc\u00e9ration d&#8217;Holmatro pour sauver un pilote.<\/p>\n\n\n\n<h2 class=\"wp-block-heading\">Notre objectif<\/h2>\n\n\n\n<p>En tant que leader mondial dans le secteur des outils de sauvetage, notre mat\u00e9riel est utilis\u00e9 chaque jour pour sauver des vies. Ce que nous apprenons sur les circuits nous permet de rester \u00e0 la pointe des nouvelles technologies, qui seront finalement utilis\u00e9es dans les voitures circulant sur la voie publique. Ces m\u00eames v\u00e9hicules sur lesquels op\u00e9reront nos clients. Lorsque nous fournissons des outils de d\u00e9sincarc\u00e9ration, une formation et une assistance technique aux \u00e9quipes s\u00e9curit\u00e9 des courses automobiles, nous apprenons nous-m\u00eames aupr\u00e8s des meilleurs professionnels du monde en mati\u00e8re de sauvetage. En m\u00eame temps, nous contribuons \u00e0 am\u00e9liorer la s\u00e9curit\u00e9 sur les circuits.<\/p>\n\n\n\n<h2 class=\"wp-block-heading\">T\u00e9moignage CMRT (Canada)<\/h2>\n\n\n<div class=\"video-block\">\n                            <div class=\"video-block__overlay\">\n            <img decoding=\"async\" class=\"video-block__overlay-image\"\n                src=\"https:\/\/img.youtube.com\/vi\/_bOHnUQbhIs\/hqdefault.jpg \"\n                alt=\"\">\n            <button class=\"video-block__overlay-button\" tabindex=\"0\"><\/button>\n        <\/div>\n        \n        <iframe class=\"video-block__iframe\" allowfullscreen='true' allow=\"autoplay\"\n            data-src='https:\/\/www.youtube.com\/embed\/_bOHnUQbhIs?rel=0&amp;disablekb=1' longdesc='https:\/\/www.youtube.com\/watch?v=_bOHnUQbhIs'\n            data-cookieblock-src=\"https:\/\/www.youtube.com\/embed\/_bOHnUQbhIs?rel=0&amp;disablekb=1\"\n            data-cookieconsent=\"marketing\"\n                    ><\/iframe>\n        <div class=\"video-block__optout cookiebot-optout cookieconsent-optout-marketing\">\n            <p>\n                Please &nbsp; <a href=\"javascript:Cookiebot.renew()\"> accept marketing-cookies <\/a> &nbsp; to watch this video.\n            <\/p>\n        <\/div>\n    <\/div>\n            \n\n\n<h2 class=\"wp-block-heading\">Lucas oil safety team (E-U)<\/h2>\n\n\n\n<figure class=\"wp-block-image size-full\"><img loading=\"lazy\" decoding=\"async\" width=\"900\" height=\"675\" src=\"https:\/\/www.holmatro.com\/app\/uploads\/2025\/09\/Corporate_300_auto_q_Holmatro_Safety_Team_1280x853px_E_NR-13412-2.jpg\" alt=\"\" class=\"wp-image-856\" srcset=\"https:\/\/www.holmatro.com\/app\/uploads\/2025\/09\/Corporate_300_auto_q_Holmatro_Safety_Team_1280x853px_E_NR-13412-2.jpg 900w, https:\/\/www.holmatro.com\/app\/uploads\/2025\/09\/Corporate_300_auto_q_Holmatro_Safety_Team_1280x853px_E_NR-13412-2-300x225.jpg 300w, https:\/\/www.holmatro.com\/app\/uploads\/2025\/09\/Corporate_300_auto_q_Holmatro_Safety_Team_1280x853px_E_NR-13412-2-768x576.jpg 768w, https:\/\/www.holmatro.com\/app\/uploads\/2025\/09\/Corporate_300_auto_q_Holmatro_Safety_Team_1280x853px_E_NR-13412-2-600x450.jpg 600w\" sizes=\"auto, (max-width: 900px) 100vw, 900px\" \/><\/figure>\n\n\n\n<h2 class=\"wp-block-heading\">Toca Safety Team (R.-U.)<\/h2>\n\n\n\n<figure class=\"wp-block-image size-full\"><img loading=\"lazy\" decoding=\"async\" width=\"900\" height=\"600\" src=\"https:\/\/www.holmatro.com\/app\/uploads\/2025\/09\/TOCA-017-Large_0.jpg\" alt=\"\" class=\"wp-image-855\" srcset=\"https:\/\/www.holmatro.com\/app\/uploads\/2025\/09\/TOCA-017-Large_0.jpg 900w, https:\/\/www.holmatro.com\/app\/uploads\/2025\/09\/TOCA-017-Large_0-300x200.jpg 300w, https:\/\/www.holmatro.com\/app\/uploads\/2025\/09\/TOCA-017-Large_0-768x512.jpg 768w, https:\/\/www.holmatro.com\/app\/uploads\/2025\/09\/TOCA-017-Large_0-600x400.jpg 600w\" sizes=\"auto, (max-width: 900px) 100vw, 900px\" \/><\/figure>\n","protected":false},"excerpt":{"rendered":"<p>Une course pour la vie Nous sommes particuli\u00e8rement fiers d&#8217;\u00eatre affili\u00e9s au leader mondial en mati\u00e8re de s\u00e9curit\u00e9 et d&#8217;intervention\u2026<\/p>\n","protected":false},"author":10,"featured_media":0,"parent":173373,"menu_order":0,"comment_status":"closed","ping_status":"closed","template":"","meta":{"_acf_changed":false,"content-type":"","ep_exclude_from_search":false,"footnotes":""},"class_list":["post-173407","page","type-page","status-publish","hentry"],"acf":[],"lang":"fr","translations":{"fr":173407,"en":853,"es":173411},"pll_sync_post":[],"_links":{"self":[{"href":"https:\/\/www.holmatro.com\/na\/wp-json\/wp\/v2\/pages\/173407","targetHints":{"allow":["GET"]}}],"collection":[{"href":"https:\/\/www.holmatro.com\/na\/wp-json\/wp\/v2\/pages"}],"about":[{"href":"https:\/\/www.holmatro.com\/na\/wp-json\/wp\/v2\/types\/page"}],"author":[{"embeddable":true,"href":"https:\/\/www.holmatro.com\/na\/wp-json\/wp\/v2\/users\/10"}],"replies":[{"embeddable":true,"href":"https:\/\/www.holmatro.com\/na\/wp-json\/wp\/v2\/comments?post=173407"}],"version-history":[{"count":2,"href":"https:\/\/www.holmatro.com\/na\/wp-json\/wp\/v2\/pages\/173407\/revisions"}],"predecessor-version":[{"id":173420,"href":"https:\/\/www.holmatro.com\/na\/wp-json\/wp\/v2\/pages\/173407\/revisions\/173420"}],"up":[{"embeddable":true,"href":"https:\/\/www.holmatro.com\/na\/wp-json\/wp\/v2\/pages\/173373"}],"wp:attachment":[{"href":"https:\/\/www.holmatro.com\/na\/wp-json\/wp\/v2\/media?parent=173407"}],"curies":[{"name":"wp","href":"https:\/\/api.w.org\/{rel}","templated":true}]}}