{"id":173390,"date":"2025-11-11T13:56:20","date_gmt":"2025-11-11T13:56:20","guid":{"rendered":"https:\/\/holmatro.com\/?page_id=173390"},"modified":"2025-11-19T14:12:07","modified_gmt":"2025-11-19T14:12:07","slug":"fia","status":"publish","type":"page","link":"https:\/\/www.holmatro.com\/na\/fr\/a-propos-de-holmatro\/partenariats\/fia\/","title":{"rendered":"FIA"},"content":{"rendered":"\n<h2 class=\"wp-block-heading\">De La S\u00e9curit\u00e9 du Circuit \u00e0 la S\u00e9curit\u00e9 de la Route<\/h2>\n\n\n\n<p>Holmatro fournit depuis 1990&nbsp;des outils \u00e0 la IndyCar Safety Team et l\u2019entreprise est \u00e0 pr\u00e9sent devenue leader du march\u00e9 pour la fabrication d\u2019\u00e9quipements de sauvetage pour la d\u00e9sincarc\u00e9ration rapide et s\u00fbre des pilotes apr\u00e8s un accident sur le circuit. &nbsp;La connaissance acquise sur les courses se traduit souvent par une application pour les v\u00e9hicules particuliers permettant \u00e0 Holmatro d\u2019accro\u00eetre son niveau technique de d\u00e9sincarc\u00e9ration suite \u00e0 des accidents de la voie publique.&nbsp;<\/p>\n\n\n\n<p><br>\u00ab Nous sommes fiers de pouvoir proposer les \u00e9quipements les plus r\u00e9cents d\u2019Holmatro \u00e0 nos circuits dans le monde entier. Il est d\u2019importance vitale pour nos \u00e9quipes de sauvetage d&#8217;avoir acc\u00e8s aux \u00e9quipements de d\u00e9sincarc\u00e9ration les plus modernes qui respectent nos exigences strictes et qui peuvent \u00eatre utilis\u00e9s pour des programmes de formation afin d\u2019am\u00e9liorer encore la s\u00e9curit\u00e9. \u00bb, explique Adam Baker, Directeur s\u00e9curit\u00e9 de la FIA.&nbsp;<\/p>\n\n\n\n<figure class=\"wp-block-image size-large\"><img loading=\"lazy\" decoding=\"async\" width=\"1024\" height=\"683\" src=\"https:\/\/www.holmatro.com\/app\/uploads\/2025\/09\/Corporate_300_auto_q_Holmatro_Safety_Team_1280x853px_E_NR-13412-1024x683.jpg\" alt=\"\" class=\"wp-image-847\" srcset=\"https:\/\/www.holmatro.com\/app\/uploads\/2025\/09\/Corporate_300_auto_q_Holmatro_Safety_Team_1280x853px_E_NR-13412-1024x683.jpg 1024w, https:\/\/www.holmatro.com\/app\/uploads\/2025\/09\/Corporate_300_auto_q_Holmatro_Safety_Team_1280x853px_E_NR-13412-300x200.jpg 300w, https:\/\/www.holmatro.com\/app\/uploads\/2025\/09\/Corporate_300_auto_q_Holmatro_Safety_Team_1280x853px_E_NR-13412-768x512.jpg 768w, https:\/\/www.holmatro.com\/app\/uploads\/2025\/09\/Corporate_300_auto_q_Holmatro_Safety_Team_1280x853px_E_NR-13412-1536x1024.jpg 1536w, https:\/\/www.holmatro.com\/app\/uploads\/2025\/09\/Corporate_300_auto_q_Holmatro_Safety_Team_1280x853px_E_NR-13412-600x400.jpg 600w, https:\/\/www.holmatro.com\/app\/uploads\/2025\/09\/Corporate_300_auto_q_Holmatro_Safety_Team_1280x853px_E_NR-13412.jpg 1584w\" sizes=\"auto, (max-width: 1024px) 100vw, 1024px\" \/><\/figure>\n\n\n\n<h3 class=\"wp-block-heading\">\u00c0 Propos de la FIA<\/h3>\n\n\n\n<p>La FIA est l\u2019instance dirigeante qui r\u00e9git les sports m\u00e9caniques et la f\u00e9d\u00e9ration qui regroupe les principales organisations mondiales d\u2019automobilistes. Fond\u00e9e en 1904, la FIA regroupe 240 organisations nationales d\u2019automobilistes et de sports m\u00e9caniques issues de 144 pays et elle repr\u00e9sente des millions d\u2019automobilistes dans le monde. Dans le domaine du sport m\u00e9canique, elle g\u00e8re les r\u00e8gles et les r\u00e9glementations de toutes les comp\u00e9titions internationales de courses de v\u00e9hicules \u00e0 quatre roues, y compris la Formule 1 et le championnat FIA World Rallycross.<\/p>\n\n\n<div class=\"align wp-block-buttons\">\n\n  <div class=\"button-group-block\">\n                  <a class=\"button button--default\" href=\"https:\/\/www.fia.com\/\" target=\"_blank\" rel=\"noopener\">\n\n    \n    Cliquez ici pour aller sur le site web de la FIA\n\n        <\/a>\n                        <a class=\"button button--default\" href=\"https:\/\/www.holmatro.com\/na\/fr\/sauvetage\/ressources\/nouvelles\/holmatro-prolonge-son-partenariat-avec-la-fia\/\" target=\"\">\n\n    \n    Cliquez ici pour le communiqu\u00e9 de presse\n\n        <\/a>\n            <\/div>\n\n  <\/div>\n\n\n<div class=\"wp-block-spacer\"  aria-hidden=\"true\"><\/div>\n","protected":false},"excerpt":{"rendered":"<p>De La S\u00e9curit\u00e9 du Circuit \u00e0 la S\u00e9curit\u00e9 de la Route Holmatro fournit depuis 1990&nbsp;des outils \u00e0 la IndyCar Safety\u2026<\/p>\n","protected":false},"author":10,"featured_media":0,"parent":173373,"menu_order":0,"comment_status":"closed","ping_status":"closed","template":"","meta":{"_acf_changed":false,"content-type":"","ep_exclude_from_search":false,"footnotes":""},"class_list":["post-173390","page","type-page","status-publish","hentry"],"acf":[],"lang":"fr","translations":{"fr":173390,"en":846,"es":173375},"pll_sync_post":[],"_links":{"self":[{"href":"https:\/\/www.holmatro.com\/na\/wp-json\/wp\/v2\/pages\/173390","targetHints":{"allow":["GET"]}}],"collection":[{"href":"https:\/\/www.holmatro.com\/na\/wp-json\/wp\/v2\/pages"}],"about":[{"href":"https:\/\/www.holmatro.com\/na\/wp-json\/wp\/v2\/types\/page"}],"author":[{"embeddable":true,"href":"https:\/\/www.holmatro.com\/na\/wp-json\/wp\/v2\/users\/10"}],"replies":[{"embeddable":true,"href":"https:\/\/www.holmatro.com\/na\/wp-json\/wp\/v2\/comments?post=173390"}],"version-history":[{"count":2,"href":"https:\/\/www.holmatro.com\/na\/wp-json\/wp\/v2\/pages\/173390\/revisions"}],"predecessor-version":[{"id":176251,"href":"https:\/\/www.holmatro.com\/na\/wp-json\/wp\/v2\/pages\/173390\/revisions\/176251"}],"up":[{"embeddable":true,"href":"https:\/\/www.holmatro.com\/na\/wp-json\/wp\/v2\/pages\/173373"}],"wp:attachment":[{"href":"https:\/\/www.holmatro.com\/na\/wp-json\/wp\/v2\/media?parent=173390"}],"curies":[{"name":"wp","href":"https:\/\/api.w.org\/{rel}","templated":true}]}}