{"id":173375,"date":"2025-11-11T13:42:47","date_gmt":"2025-11-11T13:42:47","guid":{"rendered":"https:\/\/holmatro.com\/?page_id=173375"},"modified":"2025-11-19T14:12:19","modified_gmt":"2025-11-19T14:12:19","slug":"fia","status":"publish","type":"page","link":"https:\/\/www.holmatro.com\/na\/es\/acerca-de-holmatro\/colaboraciones\/fia\/","title":{"rendered":"FIA"},"content":{"rendered":"\n<h2 class=\"wp-block-heading\">De la Seguridad en el Circuito a la Seguridad Vial<\/h2>\n\n\n\n<p>Holmatro es proveedor de herramientas de rescate para el IndyCar Safety Team desde 1990, y se ha convertido en un l\u00edder en la fabricaci\u00f3n de equipos de rescate para una extracci\u00f3n r\u00e1pida y segura de los pilotos de carreras tras un accidente en la pista. &nbsp;Los conocimientos obtenidos en el marco de las carreras suelen utilizarse luego para los coches de pasajeros, lo que permite a Holmatro aumentar el nivel de rescate t\u00e9cnico posterior a accidentes de tr\u00e1fico.&nbsp;<br>\u00abEstamos orgullosos de poder ofrecer las herramientas m\u00e1s modernas de Holmatro a nuestros circuitos de todo el mundo. Es fundamental que los equipos de rescate tengan acceso a las herramientas de rescate m\u00e1s recientes, que cumplan con los rigurosos est\u00e1ndares que hemos establecido, y tambi\u00e9n que puedan participar en programas de formaci\u00f3n que mejoren a\u00fan m\u00e1s la seguridad\u00bb, afirma Adam Baker, director de seguridad de la FIA.&nbsp;<\/p>\n\n\n\n<figure class=\"wp-block-image size-large\"><img loading=\"lazy\" decoding=\"async\" width=\"1024\" height=\"683\" src=\"https:\/\/www.holmatro.com\/app\/uploads\/2025\/09\/Corporate_300_auto_q_Holmatro_Safety_Team_1280x853px_E_NR-13412-1024x683.jpg\" alt=\"\" class=\"wp-image-847\" srcset=\"https:\/\/www.holmatro.com\/app\/uploads\/2025\/09\/Corporate_300_auto_q_Holmatro_Safety_Team_1280x853px_E_NR-13412-1024x683.jpg 1024w, https:\/\/www.holmatro.com\/app\/uploads\/2025\/09\/Corporate_300_auto_q_Holmatro_Safety_Team_1280x853px_E_NR-13412-300x200.jpg 300w, https:\/\/www.holmatro.com\/app\/uploads\/2025\/09\/Corporate_300_auto_q_Holmatro_Safety_Team_1280x853px_E_NR-13412-768x512.jpg 768w, https:\/\/www.holmatro.com\/app\/uploads\/2025\/09\/Corporate_300_auto_q_Holmatro_Safety_Team_1280x853px_E_NR-13412-1536x1024.jpg 1536w, https:\/\/www.holmatro.com\/app\/uploads\/2025\/09\/Corporate_300_auto_q_Holmatro_Safety_Team_1280x853px_E_NR-13412-600x400.jpg 600w, https:\/\/www.holmatro.com\/app\/uploads\/2025\/09\/Corporate_300_auto_q_Holmatro_Safety_Team_1280x853px_E_NR-13412.jpg 1584w\" sizes=\"auto, (max-width: 1024px) 100vw, 1024px\" \/><\/figure>\n\n\n\n<h3 class=\"wp-block-heading\">Acerca De La FIA<\/h3>\n\n\n\n<p>La FIA es el organismo rector del automovilismo mundial y la federaci\u00f3n que re\u00fane a las principales organizaciones automovil\u00edsticas del mundo. Fundada en 1904, agrupa 240 organizaciones automovil\u00edsticas y deportivas nacionales de 144 pa\u00edses, y representa a millones de automovilistas a nivel mundial. En el deporte de motor, administra las normas y reglamentos para todos los deportes internacionales sobre cuatro ruedas, incluidos la F\u00f3rmula 1 y el Campeonato Mundial de Rallycross de la FIA.<\/p>\n\n\n<div class=\"align wp-block-buttons\">\n\n  <div class=\"button-group-block\">\n                  <a class=\"button button--default\" href=\"https:\/\/www.fia.com\/\" target=\"_blank\" rel=\"noopener\">\n\n    \n    Haga clic aqu\u00ed para ir al sitio web de la FIA\n\n        <\/a>\n                        <a class=\"button button--default\" href=\"https:\/\/www.holmatro.com\/na\/es\/rescate\/recursos\/noticias\/holmatro-amplia-su-colaboracion-con-la-fia\/\" target=\"\">\n\n    \n    Haga clic aqu\u00ed para acceder al comunicado de prensa\n\n        <\/a>\n                        <a class=\"button button--default\" href=\"https:\/\/www.fia.com\/multimedia\/publication\/auto-medical-17\" target=\"_blank\" rel=\"noopener\">\n\n    \n    FIA auto + Medical Article\n\n        <\/a>\n            <\/div>\n\n  <\/div>\n\n\n<div class=\"wp-block-spacer\"  aria-hidden=\"true\"><\/div>\n","protected":false},"excerpt":{"rendered":"<p>De la Seguridad en el Circuito a la Seguridad Vial Holmatro es proveedor de herramientas de rescate para el IndyCar\u2026<\/p>\n","protected":false},"author":10,"featured_media":0,"parent":173366,"menu_order":0,"comment_status":"closed","ping_status":"closed","template":"","meta":{"_acf_changed":false,"content-type":"","ep_exclude_from_search":false,"footnotes":""},"class_list":["post-173375","page","type-page","status-publish","hentry"],"acf":[],"lang":"es","translations":{"es":173375,"en":846,"fr":173390},"pll_sync_post":[],"_links":{"self":[{"href":"https:\/\/www.holmatro.com\/na\/wp-json\/wp\/v2\/pages\/173375","targetHints":{"allow":["GET"]}}],"collection":[{"href":"https:\/\/www.holmatro.com\/na\/wp-json\/wp\/v2\/pages"}],"about":[{"href":"https:\/\/www.holmatro.com\/na\/wp-json\/wp\/v2\/types\/page"}],"author":[{"embeddable":true,"href":"https:\/\/www.holmatro.com\/na\/wp-json\/wp\/v2\/users\/10"}],"replies":[{"embeddable":true,"href":"https:\/\/www.holmatro.com\/na\/wp-json\/wp\/v2\/comments?post=173375"}],"version-history":[{"count":2,"href":"https:\/\/www.holmatro.com\/na\/wp-json\/wp\/v2\/pages\/173375\/revisions"}],"predecessor-version":[{"id":176254,"href":"https:\/\/www.holmatro.com\/na\/wp-json\/wp\/v2\/pages\/173375\/revisions\/176254"}],"up":[{"embeddable":true,"href":"https:\/\/www.holmatro.com\/na\/wp-json\/wp\/v2\/pages\/173366"}],"wp:attachment":[{"href":"https:\/\/www.holmatro.com\/na\/wp-json\/wp\/v2\/media?parent=173375"}],"curies":[{"name":"wp","href":"https:\/\/api.w.org\/{rel}","templated":true}]}}