{"id":173373,"date":"2025-11-11T13:36:11","date_gmt":"2025-11-11T13:36:11","guid":{"rendered":"https:\/\/holmatro.com\/?page_id=173373"},"modified":"2025-11-11T15:47:36","modified_gmt":"2025-11-11T15:47:36","slug":"partenariats","status":"publish","type":"page","link":"https:\/\/www.holmatro.com\/na\/fr\/a-propos-de-holmatro\/partenariats\/","title":{"rendered":"Partenariats"},"content":{"rendered":"\n<h2 class=\"wp-block-heading\">FIA<\/h2>\n\n\n\n<p>Depuis le 1er mai 2019, Holmatro peut se revendiquer \u00ab Fournisseur officiel de la FIA \u00bb. Cela signifie qu\u2019Holmatro fournit \u00e0 ce titre les \u00e9quipements hydrauliques de sauvetage les plus r\u00e9cents aux circuits d\u00e9sign\u00e9s par la FIA.<\/p>\n\n\n<div class=\"align wp-block-buttons\">\n\n  <div class=\"button-group-block\">\n                  <a\n    class=\"button button--default\" href=\"https:\/\/www.holmatro.com\/fr\/a-propos-de-holmatro\/partenariats\/fia\/\" target=\"\"\n        >\n\n    \n    En savoir plus sur la FIA\n\n        <\/a>\n            <\/div>\n\n  <\/div>\n\n\n\n<h2 class=\"wp-block-heading\">IndyCar <\/h2>\n\n\n\n<p>Depuis le d\u00e9but des ann\u00e9es 1990, Holmatro s&#8217;implique fortement dans les op\u00e9rations de sauvetage sur circuits automobiles. Avant tout, en tant que fournisseur officiel d&#8217;outils de d\u00e9sincarc\u00e9ration de la c\u00e9l\u00e8bre \u00e9quipe s\u00e9curit\u00e9 de l&#8217;INDYCAR. Et c&#8217;est toujours le cas \u00e0 ce jour. Ce que moins de gens savent, c&#8217;est que nous sommes \u00e9galement aux c\u00f4t\u00e9s d&#8217;autres \u00e9quipes s\u00e9curit\u00e9 de courses automobiles, \u00e0 qui nous fournissons outils, formation et assistance technique afin d&#8217;optimiser la s\u00e9curit\u00e9 des pilotes.\u00a0<\/p>\n\n\n<div class=\"align wp-block-buttons\">\n\n  <div class=\"button-group-block\">\n                  <a\n    class=\"button button--default\" href=\"https:\/\/www.holmatro.com\/fr\/a-propos-de-holmatro\/partenariats\/le-sauvetage-en-sports-automobiles\/\" target=\"\"\n        >\n\n    \n    En savoir plus sur Indycar\n\n        <\/a>\n            <\/div>\n\n  <\/div>\n\n\n\n<h2 class=\"wp-block-heading\">Tools for Life<\/h2>\n\n\n\n<p>Sauver davantage de vies\u00a0: Voici un objectif que nous avons en commun avec UKRO IDP et Firefighters Without Borders, nos partenaires de \u00abTools for Life\u00bb. Ces deux organisations s&#8217;attachent \u00e0 am\u00e9liorer le niveau des services locaux d&#8217;incendie et de sauvetage dans les pays en d\u00e9veloppement par l&#8217;interm\u00e9diaire de dons de mat\u00e9riel et de programmes de formation. Holmatro soutient leurs projets par l&#8217;interm\u00e9diaire d&#8217;outils de d\u00e9sincarc\u00e9ration, de formations et d&#8217;autres services.<\/p>\n\n\n<div class=\"align wp-block-buttons\">\n\n  <div class=\"button-group-block\">\n                  <a\n    class=\"button button--default\" href=\"https:\/\/www.holmatro.com\/about-holmatro\/partnerships\/tools-for-life\/\" target=\"\"\n        >\n\n    \n    En Savoir Plus sur Tools For Life\n\n        <\/a>\n            <\/div>\n\n  <\/div>\n\n\n\n<h2 class=\"wp-block-heading\"><\/h2>\n","protected":false},"excerpt":{"rendered":"<p>FIA Depuis le 1er mai 2019, Holmatro peut se revendiquer \u00ab Fournisseur officiel de la FIA \u00bb. Cela signifie qu\u2019Holmatro\u2026<\/p>\n","protected":false},"author":10,"featured_media":847,"parent":171832,"menu_order":0,"comment_status":"closed","ping_status":"closed","template":"","meta":{"_acf_changed":false,"content-type":"","ep_exclude_from_search":false,"footnotes":""},"class_list":["post-173373","page","type-page","status-publish","has-post-thumbnail","hentry"],"acf":[],"lang":"fr","translations":{"fr":173373,"en":45,"es":173366},"pll_sync_post":[],"_links":{"self":[{"href":"https:\/\/www.holmatro.com\/na\/wp-json\/wp\/v2\/pages\/173373","targetHints":{"allow":["GET"]}}],"collection":[{"href":"https:\/\/www.holmatro.com\/na\/wp-json\/wp\/v2\/pages"}],"about":[{"href":"https:\/\/www.holmatro.com\/na\/wp-json\/wp\/v2\/types\/page"}],"author":[{"embeddable":true,"href":"https:\/\/www.holmatro.com\/na\/wp-json\/wp\/v2\/users\/10"}],"replies":[{"embeddable":true,"href":"https:\/\/www.holmatro.com\/na\/wp-json\/wp\/v2\/comments?post=173373"}],"version-history":[{"count":2,"href":"https:\/\/www.holmatro.com\/na\/wp-json\/wp\/v2\/pages\/173373\/revisions"}],"predecessor-version":[{"id":173449,"href":"https:\/\/www.holmatro.com\/na\/wp-json\/wp\/v2\/pages\/173373\/revisions\/173449"}],"up":[{"embeddable":true,"href":"https:\/\/www.holmatro.com\/na\/wp-json\/wp\/v2\/pages\/171832"}],"wp:featuredmedia":[{"embeddable":true,"href":"https:\/\/www.holmatro.com\/na\/wp-json\/wp\/v2\/media\/847"}],"wp:attachment":[{"href":"https:\/\/www.holmatro.com\/na\/wp-json\/wp\/v2\/media?parent=173373"}],"curies":[{"name":"wp","href":"https:\/\/api.w.org\/{rel}","templated":true}]}}