{"id":173366,"date":"2025-11-11T13:34:13","date_gmt":"2025-11-11T13:34:13","guid":{"rendered":"https:\/\/holmatro.com\/?page_id=173366"},"modified":"2025-11-11T15:49:57","modified_gmt":"2025-11-11T15:49:57","slug":"colaboraciones","status":"publish","type":"page","link":"https:\/\/www.holmatro.com\/na\/es\/acerca-de-holmatro\/colaboraciones\/","title":{"rendered":"Colaboraciones"},"content":{"rendered":"\n<h2 class=\"wp-block-heading\">FIA<\/h2>\n\n\n\n<p>Desde el 1 de mayo de 2019, Holmatro es \u00abProveedor oficial de la FIA\u00bb. Este t\u00edtulo significa que Holmatro provee de las m\u00e1s modernas herramientas hidr\u00e1ulicas de rescate a los circuitos designados por la FIA.<\/p>\n\n\n<div class=\"align wp-block-buttons\">\n\n  <div class=\"button-group-block\">\n                  <a\n    class=\"button button--default\" href=\"https:\/\/www.holmatro.com\/es\/acerca-de-holmatro\/colaboraciones\/fia\/\" target=\"\"\n        >\n\n    \n    Saber m\u00e1s de FIA\n\n        <\/a>\n            <\/div>\n\n  <\/div>\n\n\n\n<h2 class=\"wp-block-heading\">IndyCar <\/h2>\n\n\n\n<p>Ya desde los inicios de la d\u00e9cada de 1990, Holmatro est\u00e1 profundamente involucrada con las labores de rescate de los deportes de motor. En primer lugar, como proveedor oficial de herramientas de rescate del renombrado equipo de seguridad de INDYCAR, algo que seguimos siendo. Lo que mucha gente no sabe, sin embargo, es que hay m\u00e1s equipos de seguridad de deportes de motor a los que apoyamos con nuestras herramientas de rescate, formaci\u00f3n y asistencia t\u00e9cnica para optimizar la seguridad de los pilotos.\u00a0<\/p>\n\n\n<div class=\"align wp-block-buttons\">\n\n  <div class=\"button-group-block\">\n                  <a\n    class=\"button button--default\" href=\"https:\/\/www.holmatro.com\/es\/acerca-de-holmatro\/colaboraciones\/el-rescate-en-deportes-de-motor\/\" target=\"\"\n        >\n\n    \n    Saber m\u00e1s de IndyCar\n\n        <\/a>\n            <\/div>\n\n  <\/div>\n\n\n\n<h2 class=\"wp-block-heading\">Tools for Life<\/h2>\n\n\n\n<p>Salvar m\u00e1s vidas: Este es un objetivo que tenemos en com\u00fan con nuestros socios de \u201cTools for Life\u201d, \u00a0UKRO IDP y Firefighters Without Borders. Ambas organizaciones se esfuerzan en mejorar el nivel de los servicios de bomberos y de rescate en los pa\u00edses en desarrollo, mediante la donaci\u00f3n de equipos y los programas de formaci\u00f3n. Holmatro contribuye a sus proyectos con herramientas de rescate, formaci\u00f3n y otros servicios.<\/p>\n\n\n<div class=\"align wp-block-buttons\">\n\n  <div class=\"button-group-block\">\n                  <a\n    class=\"button button--default\" href=\"https:\/\/www.holmatro.com\/es\/acerca-de-holmatro\/colaboraciones\/tools-for-life\/\" target=\"\"\n        >\n\n    \n    M\u00e1s informaci\u00f3n acerca Tools For Life\n\n        <\/a>\n            <\/div>\n\n  <\/div>\n\n\n\n<h2 class=\"wp-block-heading\"><\/h2>\n","protected":false},"excerpt":{"rendered":"<p>FIA Desde el 1 de mayo de 2019, Holmatro es \u00abProveedor oficial de la FIA\u00bb. Este t\u00edtulo significa que Holmatro\u2026<\/p>\n","protected":false},"author":10,"featured_media":847,"parent":171826,"menu_order":0,"comment_status":"closed","ping_status":"closed","template":"","meta":{"_acf_changed":false,"content-type":"","ep_exclude_from_search":false,"footnotes":""},"class_list":["post-173366","page","type-page","status-publish","has-post-thumbnail","hentry"],"acf":[],"lang":"es","translations":{"es":173366,"en":45,"fr":173373},"pll_sync_post":[],"_links":{"self":[{"href":"https:\/\/www.holmatro.com\/na\/wp-json\/wp\/v2\/pages\/173366","targetHints":{"allow":["GET"]}}],"collection":[{"href":"https:\/\/www.holmatro.com\/na\/wp-json\/wp\/v2\/pages"}],"about":[{"href":"https:\/\/www.holmatro.com\/na\/wp-json\/wp\/v2\/types\/page"}],"author":[{"embeddable":true,"href":"https:\/\/www.holmatro.com\/na\/wp-json\/wp\/v2\/users\/10"}],"replies":[{"embeddable":true,"href":"https:\/\/www.holmatro.com\/na\/wp-json\/wp\/v2\/comments?post=173366"}],"version-history":[{"count":2,"href":"https:\/\/www.holmatro.com\/na\/wp-json\/wp\/v2\/pages\/173366\/revisions"}],"predecessor-version":[{"id":173451,"href":"https:\/\/www.holmatro.com\/na\/wp-json\/wp\/v2\/pages\/173366\/revisions\/173451"}],"up":[{"embeddable":true,"href":"https:\/\/www.holmatro.com\/na\/wp-json\/wp\/v2\/pages\/171826"}],"wp:featuredmedia":[{"embeddable":true,"href":"https:\/\/www.holmatro.com\/na\/wp-json\/wp\/v2\/media\/847"}],"wp:attachment":[{"href":"https:\/\/www.holmatro.com\/na\/wp-json\/wp\/v2\/media?parent=173366"}],"curies":[{"name":"wp","href":"https:\/\/api.w.org\/{rel}","templated":true}]}}