{"id":173363,"date":"2025-11-11T13:31:51","date_gmt":"2025-11-11T13:31:51","guid":{"rendered":"https:\/\/holmatro.com\/?page_id=173363"},"modified":"2025-11-11T13:31:56","modified_gmt":"2025-11-11T13:31:56","slug":"responsabilite-sociale-des-entreprises","status":"publish","type":"page","link":"https:\/\/www.holmatro.com\/na\/fr\/a-propos-de-holmatro\/responsabilite-sociale-des-entreprises\/","title":{"rendered":"Responsabilit\u00e9 Sociale des Entreprises"},"content":{"rendered":"\n<p><strong>Plus que jamais Holmatro met l&#8217;accent sur la responsabilit\u00e9 sociale des entreprises (RSE). Ceci est bien illustr\u00e9 par nos d\u00e9marches dans le domaine de la politique \u00e9nerg\u00e9tique et le choix conscient d&#8217;une construction et de mat\u00e9riaux durables. Nous utilisons les \u00e9l\u00e9ments de base tels qu&#8217;ils sont d\u00e9finis dans la norme ISP 26000 et, dans le domaine de la responsabilit\u00e9 sociale des entreprises, nous nous concentrons sur trois aspects&nbsp;: l&#8217;homme et l&#8217;environnement, l&#8217;homme et l&#8217;entreprise, et l&#8217;entreprise et l&#8217;environnement.<\/strong><\/p>\n\n\n\n<h2 class=\"wp-block-heading\">L&#8217;homme et l&#8217;environnement<\/h2>\n\n\n\n<p>Holmatro estime qu&#8217;il est tr\u00e8s important de mener ses activit\u00e9s de mani\u00e8re \u00e9cologique et durable. Nous faisons cela en&nbsp;:<\/p>\n\n\n\n<ul class=\"wp-block-list\">\n<li>S\u00e9lectionnant des mat\u00e9riaux respectueux de l&#8217;environnement tant pour le produit que dans le processus de production<\/li>\n\n\n\n<li>Minimisant le flux de d\u00e9chets de diff\u00e9rentes fa\u00e7ons<\/li>\n\n\n\n<li>Optimisant la consommation d&#8217;\u00e9nergie en investissant dans de nouvelles technologies<\/li>\n<\/ul>\n\n\n\n<h2 class=\"wp-block-heading\">L&#8217;homme et l&#8217;entreprise<\/h2>\n\n\n\n<p>Holmatro s&#8217;efforce de donner \u00e0 ses employ\u00e9s un milieu de travail sain et s\u00fbr et d&#8217;\u00eatre un employeur excellent. Nous travaillons en r\u00e9alisant un examen continu des conditions de travail et nous mettons fortement l&#8217;accent sur la s\u00e9curit\u00e9. De plus, le d\u00e9veloppement personnel de nos employ\u00e9s est notre objectif principal.<\/p>\n\n\n\n<h2 class=\"wp-block-heading\">L&#8217;entreprise et l&#8217;environnement<\/h2>\n\n\n\n<p>Holmatro contribue activement \u00e0 la collectivit\u00e9 de plusieurs fa\u00e7ons, notamment en participant \u00e0 diverses plates-formes, y compris des commissions des normes dans diff\u00e9rentes r\u00e9gions du monde. Nous avons pour objectif d&#8217;am\u00e9liorer de fa\u00e7on continue nos produits, de former r\u00e9guli\u00e8rement nos distributeurs, d&#8217;informer r\u00e9guli\u00e8rement nos utilisateurs finaux sur la bonne utilisation de nos produits et de les avertir de fa\u00e7on explicite de tout danger li\u00e9 au fonctionnement ou \u00e0 l&#8217;utilisation. De plus, notre forte implication dans le monde des outils de sauvetage est renforc\u00e9e par nos employ\u00e9s, dont beaucoup occupent des postes de volontaires dans les services d&#8217;incendie, aussi bien pendant qu&#8217;apr\u00e8s les heures de travail.<\/p>\n\n\n\n<p>Cette RSE est importante pour Holmatro, dans tous les sens du terme. En t\u00e9moigne notamment l&#8217;agrandissement de notre si\u00e8ge existant situ\u00e9 sur la route Zalmweg \u00e0 Raamsdonksveer. La priorit\u00e9 de l&#8217;agrandissement est un d\u00e9veloppement durable et le suivi des directives de la prestigieuse certification n\u00e9erlandaise BREEAM NL. On s&#8217;en rend compte dans le choix des mat\u00e9riaux, la fa\u00e7ade en verre int\u00e9grant des centaines de cellules solaires, l&#8217;installation d&#8217;une \u00e9olienne et panneaux solaires sur le toit des ateliers de fabrication. Le site peut ainsi g\u00e9n\u00e9rer 30&nbsp;% de ses besoins \u00e9nerg\u00e9tiques, ce qui fait de nous la premi\u00e8re entreprise de fabrication a atteindre ce niveau dans la r\u00e9gion.<\/p>\n\n\n\n<p>Holmatro est le fier d\u00e9tenteur&nbsp;<a href=\"https:\/\/degroenepluim.nl\/\" target=\"_blank\" rel=\"noopener\">de la Plume Verte<\/a>&nbsp;depuis juillet 2021. La Plume Verte est un prix pour l&#8217;entrepreneuriat durable. Les entreprises et\/ou organisations progressistes dans le domaine du d\u00e9veloppement durable sont positivement reconnues par la Plume Verte.<\/p>\n","protected":false},"excerpt":{"rendered":"<p>Plus que jamais Holmatro met l&#8217;accent sur la responsabilit\u00e9 sociale des entreprises (RSE). Ceci est bien illustr\u00e9 par nos d\u00e9marches\u2026<\/p>\n","protected":false},"author":10,"featured_media":822,"parent":171832,"menu_order":0,"comment_status":"closed","ping_status":"closed","template":"","meta":{"_acf_changed":false,"content-type":"","ep_exclude_from_search":false,"footnotes":""},"class_list":["post-173363","page","type-page","status-publish","has-post-thumbnail","hentry"],"acf":[],"lang":"fr","translations":{"fr":173363},"pll_sync_post":[],"_links":{"self":[{"href":"https:\/\/www.holmatro.com\/na\/wp-json\/wp\/v2\/pages\/173363","targetHints":{"allow":["GET"]}}],"collection":[{"href":"https:\/\/www.holmatro.com\/na\/wp-json\/wp\/v2\/pages"}],"about":[{"href":"https:\/\/www.holmatro.com\/na\/wp-json\/wp\/v2\/types\/page"}],"author":[{"embeddable":true,"href":"https:\/\/www.holmatro.com\/na\/wp-json\/wp\/v2\/users\/10"}],"replies":[{"embeddable":true,"href":"https:\/\/www.holmatro.com\/na\/wp-json\/wp\/v2\/comments?post=173363"}],"version-history":[{"count":1,"href":"https:\/\/www.holmatro.com\/na\/wp-json\/wp\/v2\/pages\/173363\/revisions"}],"predecessor-version":[{"id":173364,"href":"https:\/\/www.holmatro.com\/na\/wp-json\/wp\/v2\/pages\/173363\/revisions\/173364"}],"up":[{"embeddable":true,"href":"https:\/\/www.holmatro.com\/na\/wp-json\/wp\/v2\/pages\/171832"}],"wp:featuredmedia":[{"embeddable":true,"href":"https:\/\/www.holmatro.com\/na\/wp-json\/wp\/v2\/media\/822"}],"wp:attachment":[{"href":"https:\/\/www.holmatro.com\/na\/wp-json\/wp\/v2\/media?parent=173363"}],"curies":[{"name":"wp","href":"https:\/\/api.w.org\/{rel}","templated":true}]}}