{"id":173357,"date":"2025-11-11T13:27:56","date_gmt":"2025-11-11T13:27:56","guid":{"rendered":"https:\/\/holmatro.com\/?page_id=173357"},"modified":"2025-11-11T13:28:03","modified_gmt":"2025-11-11T13:28:03","slug":"responsabilidad-social-corporativa","status":"publish","type":"page","link":"https:\/\/www.holmatro.com\/na\/es\/acerca-de-holmatro\/responsabilidad-social-corporativa\/","title":{"rendered":"Responsabilidad Social Corporativa"},"content":{"rendered":"\n<p><strong>M\u00e1s que nunca, Holmatro pone su inter\u00e9s en la Responsabilidad Social Corporativa (RSC). Esto se muestra con claridad en nuestros pasos en el \u00e1rea de la pol\u00edtica energ\u00e9tica y la elecci\u00f3n deliberada de una construcci\u00f3n y unos materiales sostenibles. Empleamos los elementos base seg\u00fan lo estipulado en la norma ISO 26000 y, en el \u00e1rea de la responsabilidad social corporativa, nos centramos en tres dimensiones: Personas y medio ambiente, Personas y empresa, y Empresa y medio ambiente.<\/strong><\/p>\n\n\n\n<h2 class=\"wp-block-heading\">Personas y medio ambiente<\/h2>\n\n\n\n<p>Holmatro cree que es muy importante realizar sus actividades de forma respetuosa con el medio ambiente y sostenible. Lo hacemos as\u00ed:<\/p>\n\n\n\n<ul class=\"wp-block-list\">\n<li>Seleccionando materiales respetuosos con el medio ambiente tanto para el producto como para el proceso de producci\u00f3n<\/li>\n\n\n\n<li>Minimizando la cadena de residuos de varias formas<\/li>\n\n\n\n<li>Optimizando el uso energ\u00e9tico al invertir en nuevas tecnolog\u00edas<\/li>\n<\/ul>\n\n\n\n<h2 class=\"wp-block-heading\">Personas y empresa<\/h2>\n\n\n\n<p>Holmatro se esfuerza por ofrecer a sus empleados un ambiente laboral seguro y saludable y por ser un excelente empleador. Operamos con una inspecci\u00f3n continua de las condiciones de trabajo y ponemos una especial atenci\u00f3n en la seguridad. Adem\u00e1s, el desarrollo personal de nuestros empleados es el principal objetivo.<\/p>\n\n\n\n<h2 class=\"wp-block-heading\">Empresa y medio ambiente<\/h2>\n\n\n\n<p>Holmatro efect\u00faa su contribuci\u00f3n a la sociedad de muchas maneras, y una de ellas es la participaci\u00f3n en diversas plataformas, incluidas comisiones de normas en diferentes partes del mundo. Tratamos continuamente de mejorar nuestros productos, ofrecemos formaci\u00f3n a nuestros representantes con regularidad, informamos con frecuencia a nuestros usuarios finales sobre el uso adecuado de nuestros productos y los advertimos de forma expl\u00edcita sobre los riesgos operativos o de uso. Adem\u00e1s, nuestra significativa implicaci\u00f3n en el mundo de las herramientas de rescate se refuerza gracias a nuestros empleados \u2013muchos de los cuales est\u00e1n en activo en los cuerpos de bomberos voluntarios\u2013, tanto durante como despu\u00e9s de las horas de trabajo.\u00a0<\/p>\n\n\n\n<p>Que la RSC es importante para Holmatro en el sentido m\u00e1s amplio de la palabra tambi\u00e9n se pone de manifiesto por la expansi\u00f3n de nuestra sede central ubicada en la calle Zalmweg, en Raamsdonksveer. El planteamiento de la expansi\u00f3n reside en la sostenibilidad y en el cumplimiento de las directrices para la prestigiosa certificaci\u00f3n BREEAM-NL. Esto se hace patente en la elecci\u00f3n de materiales, una fachada de cristal con cientos de c\u00e9lulas solares integradas, la instalaci\u00f3n de un molino de viento y paneles solares en el tejado de las naves de producci\u00f3n. Esto significa que la sede puede generar un 30&nbsp;% de sus necesidades energ\u00e9ticas, lo que nos convierte en la primera empresa de producci\u00f3n en lograr esto en la regi\u00f3n.<\/p>\n\n\n\n<p>Holmatro ha sido el orgulloso poseedor&nbsp;<a href=\"https:\/\/degroenepluim.nl\/\" target=\"_blank\" rel=\"noopener\">de la Pluma Verde<\/a>&nbsp;desde julio de 2021. La Pluma Verde es un premio al emprendimiento sostenible. Las empresas y \/ u organizaciones progresistas en el campo de la sostenibilidad son reconocidas positivamente por la Pluma Verde.<\/p>\n","protected":false},"excerpt":{"rendered":"<p>M\u00e1s que nunca, Holmatro pone su inter\u00e9s en la Responsabilidad Social Corporativa (RSC). Esto se muestra con claridad en nuestros\u2026<\/p>\n","protected":false},"author":10,"featured_media":822,"parent":171826,"menu_order":0,"comment_status":"closed","ping_status":"closed","template":"","meta":{"_acf_changed":false,"content-type":"","ep_exclude_from_search":false,"footnotes":""},"class_list":["post-173357","page","type-page","status-publish","has-post-thumbnail","hentry"],"acf":[],"lang":"es","translations":{"es":173357,"en":820,"fr":173363},"pll_sync_post":[],"_links":{"self":[{"href":"https:\/\/www.holmatro.com\/na\/wp-json\/wp\/v2\/pages\/173357","targetHints":{"allow":["GET"]}}],"collection":[{"href":"https:\/\/www.holmatro.com\/na\/wp-json\/wp\/v2\/pages"}],"about":[{"href":"https:\/\/www.holmatro.com\/na\/wp-json\/wp\/v2\/types\/page"}],"author":[{"embeddable":true,"href":"https:\/\/www.holmatro.com\/na\/wp-json\/wp\/v2\/users\/10"}],"replies":[{"embeddable":true,"href":"https:\/\/www.holmatro.com\/na\/wp-json\/wp\/v2\/comments?post=173357"}],"version-history":[{"count":1,"href":"https:\/\/www.holmatro.com\/na\/wp-json\/wp\/v2\/pages\/173357\/revisions"}],"predecessor-version":[{"id":173358,"href":"https:\/\/www.holmatro.com\/na\/wp-json\/wp\/v2\/pages\/173357\/revisions\/173358"}],"up":[{"embeddable":true,"href":"https:\/\/www.holmatro.com\/na\/wp-json\/wp\/v2\/pages\/171826"}],"wp:featuredmedia":[{"embeddable":true,"href":"https:\/\/www.holmatro.com\/na\/wp-json\/wp\/v2\/media\/822"}],"wp:attachment":[{"href":"https:\/\/www.holmatro.com\/na\/wp-json\/wp\/v2\/media?parent=173357"}],"curies":[{"name":"wp","href":"https:\/\/api.w.org\/{rel}","templated":true}]}}