{"id":173305,"date":"2025-11-11T13:21:34","date_gmt":"2025-11-11T13:21:34","guid":{"rendered":"https:\/\/holmatro.com\/?page_id=173305"},"modified":"2025-11-11T13:21:43","modified_gmt":"2025-11-11T13:21:43","slug":"qualite","status":"publish","type":"page","link":"https:\/\/www.holmatro.com\/na\/fr\/a-propos-de-holmatro\/profil-de-lentreprise\/qualite\/","title":{"rendered":"Qualit\u00e9"},"content":{"rendered":"\n<h2 class=\"wp-block-heading\">Qualit\u00e9 et fiabilit\u00e9<\/h2>\n\n\n\n<p>Nous disposons de sites de production ultramodernes aux Pays-Bas et aux \u00c9tats-Unis pour garantir le maintien d&#8217;une qualit\u00e9 et d&#8217;une robustesse optimales. Les travaux sont effectu\u00e9s sur les deux sites conform\u00e9ment \u00e0 la norme de gestion de la qualit\u00e9 ISO 9001. Notre site aux Pays-Bas est \u00e9galement certifi\u00e9 selon la norme ISO 14001: 2015 sur le management environnemental et la norme ISO 45001: 2018 sur la sant\u00e9 et la s\u00e9curit\u00e9 au travail. Nos produits sont conformes aux normes internationales, telles que la norme europ\u00e9enne EN\u202f13204, EN\u202f13731 et \u00e0 la norme am\u00e9ricaine NFPA1936. Les outils Holmatro sont d\u00e9velopp\u00e9s, fabriqu\u00e9s et entretenus en conformit\u00e9 avec les normes de qualit\u00e9 les plus \u00e9lev\u00e9es en mati\u00e8re de durabilit\u00e9, de charge lat\u00e9rale, de d\u00e9formation m\u00e9canique et de surpression. Comme ils doivent \u00eatre r\u00e9sistants aux conditions les plus extr\u00eames, nos produits sont rigoureusement test\u00e9s avant d&#8217;\u00eatre autoris\u00e9s \u00e0 \u00eatre utilis\u00e9s dans la pratique.<\/p>\n\n\n\n<h2 class=\"wp-block-heading\">Certitude de 200 %<\/h2>\n\n\n\n<p>Les outils et syst\u00e8mes Holmatro sont fabriqu\u00e9s en interne \u00e0 l&#8217;aide de proc\u00e9d\u00e9s de fabrication et d&#8217;une automatisation avanc\u00e9s. Ils sont constitu\u00e9s de composants tr\u00e8s durables, de joints et de guides de qualit\u00e9 sup\u00e9rieure, ce qui contribue \u00e0 une dur\u00e9e de vie plus longue. Apr\u00e8s la fabrication ou la r\u00e9paration, un technicien ou un employ\u00e9 de maintenance teste tous nos outils. Ils subissent ensuite un test suppl\u00e9mentaire en interne dans le service de contr\u00f4le qualit\u00e9. Cela vous donne une certitude de 200&nbsp;%.&nbsp;<\/p>\n\n\n\n<h2 class=\"wp-block-heading\">Programme d&#8217;entretien complet<\/h2>\n\n\n\n<p>La ma\u00eetrise des forces \u00e9normes de tous les produits Holmatro est primordiale. Vous devez pouvoir compter dessus pour chaque utilisation et en toutes circonstances. Pour ce faire, un entretien r\u00e9gulier et une certification p\u00e9riodique sont indispensables, ainsi que l&#8217;utilisation r\u00e9fl\u00e9chie et s\u00fbre de vos \u00e9quipements hydrauliques. Lorsque vous travaillez en toute s\u00e9curit\u00e9, vous \u00eates non seulement plus efficace, mais vous contribuez \u00e9galement \u00e0 prolonger la dur\u00e9e de vie des outils. Nos outils sont fond\u00e9s sur les normes de haute qualit\u00e9 les plus strictes et extr\u00eamement solides, et notre programme complet d&#8217;entretien y est pour beaucoup.<\/p>\n","protected":false},"excerpt":{"rendered":"<p>Qualit\u00e9 et fiabilit\u00e9 Nous disposons de sites de production ultramodernes aux Pays-Bas et aux \u00c9tats-Unis pour garantir le maintien d&#8217;une\u2026<\/p>\n","protected":false},"author":10,"featured_media":9670,"parent":173263,"menu_order":0,"comment_status":"closed","ping_status":"closed","template":"","meta":{"_acf_changed":false,"content-type":"","ep_exclude_from_search":false,"footnotes":""},"class_list":["post-173305","page","type-page","status-publish","has-post-thumbnail","hentry"],"acf":[],"lang":"fr","translations":{"fr":173305,"en":811,"es":173303},"pll_sync_post":[],"_links":{"self":[{"href":"https:\/\/www.holmatro.com\/na\/wp-json\/wp\/v2\/pages\/173305","targetHints":{"allow":["GET"]}}],"collection":[{"href":"https:\/\/www.holmatro.com\/na\/wp-json\/wp\/v2\/pages"}],"about":[{"href":"https:\/\/www.holmatro.com\/na\/wp-json\/wp\/v2\/types\/page"}],"author":[{"embeddable":true,"href":"https:\/\/www.holmatro.com\/na\/wp-json\/wp\/v2\/users\/10"}],"replies":[{"embeddable":true,"href":"https:\/\/www.holmatro.com\/na\/wp-json\/wp\/v2\/comments?post=173305"}],"version-history":[{"count":1,"href":"https:\/\/www.holmatro.com\/na\/wp-json\/wp\/v2\/pages\/173305\/revisions"}],"predecessor-version":[{"id":173348,"href":"https:\/\/www.holmatro.com\/na\/wp-json\/wp\/v2\/pages\/173305\/revisions\/173348"}],"up":[{"embeddable":true,"href":"https:\/\/www.holmatro.com\/na\/wp-json\/wp\/v2\/pages\/173263"}],"wp:featuredmedia":[{"embeddable":true,"href":"https:\/\/www.holmatro.com\/na\/wp-json\/wp\/v2\/media\/9670"}],"wp:attachment":[{"href":"https:\/\/www.holmatro.com\/na\/wp-json\/wp\/v2\/media?parent=173305"}],"curies":[{"name":"wp","href":"https:\/\/api.w.org\/{rel}","templated":true}]}}