{"id":173303,"date":"2025-11-11T12:05:33","date_gmt":"2025-11-11T12:05:33","guid":{"rendered":"https:\/\/holmatro.com\/?page_id=173303"},"modified":"2025-11-11T12:05:37","modified_gmt":"2025-11-11T12:05:37","slug":"calidad","status":"publish","type":"page","link":"https:\/\/www.holmatro.com\/na\/es\/acerca-de-holmatro\/perfil-de-la-empresa\/calidad\/","title":{"rendered":"Calidad"},"content":{"rendered":"\n<h2 class=\"wp-block-heading\">Calidad y fiabilidad<\/h2>\n\n\n\n<p>Disponemos de plantas de producci\u00f3n de \u00faltima generaci\u00f3n en los Pa\u00edses Bajos y Estados Unidos para garantizar la m\u00e1xima calidad y solidez. El trabajo se realiza en ambas plantas de acuerdo con la norma de gesti\u00f3n de la calidad ISO 9001. Nuestra planta de los Pa\u00edses Bajos cuenta adem\u00e1s con la certificaci\u00f3n seg\u00fan las normas ISO 14001: 2015 para la gesti\u00f3n ambiental y la ISO 45001: 2018 para la gesti\u00f3n de la seguridad y la salud en el trabajo. Nuestros productos cumplen con normas internacionales, como las EN 13204 y EN 13731 europeas y la NFPA 1936 estadounidense. Las herramientas de Holmatro se dise\u00f1an, fabrican y mantienen de conformidad con los m\u00e1s altos criterios de calidad en cuanto a durabilidad, carga lateral, distorsi\u00f3n mec\u00e1nica y sobrepresi\u00f3n. Nuestros productos deben ser capaces de soportar las condiciones m\u00e1s extremas, por lo que se someten a pruebas exhaustivas antes de autorizar su uso en la pr\u00e1ctica.<\/p>\n\n\n\n<h2 class=\"wp-block-heading\">Seguridad del 200 %<\/h2>\n\n\n\n<p>Las herramientas y sistemas hidr\u00e1ulicos de Holmatro son de fabricaci\u00f3n propia, para la que se emplean avanzados procesos de producci\u00f3n y automatizaci\u00f3n. Contienen componentes muy duraderos, sellos y gu\u00edas de alta calidad que contribuyen a una vida \u00fatil m\u00e1s prolongada. Despu\u00e9s de su producci\u00f3n o reparaci\u00f3n, un t\u00e9cnico o un empleado de mantenimiento prueba todas nuestras herramientas. Posteriormente se someten a una prueba adicional interna en el departamento de Control de calidad. Esto proporciona una seguridad del 200&nbsp;%.<\/p>\n\n\n\n<h2 class=\"wp-block-heading\">Programa de mantenimiento integral<\/h2>\n\n\n\n<p>Lo fundamental de todos los productos Holmatro es el control de una fuerza inmensa. Usted debe poder confiar en que esto se cumpla en cualquier aplicaci\u00f3n y bajo cualquier circunstancia. Para garantizarlo son fundamentales el mantenimiento habitual y la certificaci\u00f3n peri\u00f3dica, as\u00ed como un uso espec\u00edfico y seguro de su equipo hidr\u00e1ulico. Trabajar con seguridad no solo resulta m\u00e1s eficiente, sino que tambi\u00e9n contribuye a que las herramientas tengan una mayor vida \u00fatil. Nuestras herramientas son de una gran calidad y extremadamente duraderas, gracias a nuestro exhaustivo programa de mantenimiento.<\/p>\n","protected":false},"excerpt":{"rendered":"<p>Calidad y fiabilidad Disponemos de plantas de producci\u00f3n de \u00faltima generaci\u00f3n en los Pa\u00edses Bajos y Estados Unidos para garantizar\u2026<\/p>\n","protected":false},"author":10,"featured_media":9669,"parent":173261,"menu_order":0,"comment_status":"closed","ping_status":"closed","template":"","meta":{"_acf_changed":false,"content-type":"","ep_exclude_from_search":false,"footnotes":""},"class_list":["post-173303","page","type-page","status-publish","has-post-thumbnail","hentry"],"acf":[],"lang":"es","translations":{"es":173303,"en":811,"fr":173305},"pll_sync_post":[],"_links":{"self":[{"href":"https:\/\/www.holmatro.com\/na\/wp-json\/wp\/v2\/pages\/173303","targetHints":{"allow":["GET"]}}],"collection":[{"href":"https:\/\/www.holmatro.com\/na\/wp-json\/wp\/v2\/pages"}],"about":[{"href":"https:\/\/www.holmatro.com\/na\/wp-json\/wp\/v2\/types\/page"}],"author":[{"embeddable":true,"href":"https:\/\/www.holmatro.com\/na\/wp-json\/wp\/v2\/users\/10"}],"replies":[{"embeddable":true,"href":"https:\/\/www.holmatro.com\/na\/wp-json\/wp\/v2\/comments?post=173303"}],"version-history":[{"count":1,"href":"https:\/\/www.holmatro.com\/na\/wp-json\/wp\/v2\/pages\/173303\/revisions"}],"predecessor-version":[{"id":173304,"href":"https:\/\/www.holmatro.com\/na\/wp-json\/wp\/v2\/pages\/173303\/revisions\/173304"}],"up":[{"embeddable":true,"href":"https:\/\/www.holmatro.com\/na\/wp-json\/wp\/v2\/pages\/173261"}],"wp:featuredmedia":[{"embeddable":true,"href":"https:\/\/www.holmatro.com\/na\/wp-json\/wp\/v2\/media\/9669"}],"wp:attachment":[{"href":"https:\/\/www.holmatro.com\/na\/wp-json\/wp\/v2\/media?parent=173303"}],"curies":[{"name":"wp","href":"https:\/\/api.w.org\/{rel}","templated":true}]}}