{"id":173294,"date":"2025-11-11T11:59:25","date_gmt":"2025-11-11T11:59:25","guid":{"rendered":"https:\/\/holmatro.com\/?page_id=173294"},"modified":"2025-11-11T12:01:41","modified_gmt":"2025-11-11T12:01:41","slug":"innovation","status":"publish","type":"page","link":"https:\/\/www.holmatro.com\/na\/fr\/a-propos-de-holmatro\/profil-de-lentreprise\/innovation\/","title":{"rendered":"Innovation"},"content":{"rendered":"\n<h2 class=\"wp-block-heading\">Innovations produits r\u00e9volutionnaires<\/h2>\n\n\n\n<p>Afin de conserver notre premi\u00e8re place de sp\u00e9cialistes de l&#8217;hydraulique \u00e0 haute pression, nous investissons continuellement dans le d\u00e9veloppement de nouveaux produits. Nos \u00e9quipes d&#8217;ing\u00e9nieurs \u00e9tudient non seulement tous les outils hydrauliques \u00e0 haute pression standards, tels que le mat\u00e9riel de sauvetage, les v\u00e9rins et les pompes. Nous travaillons \u00e9galement d&#8217;arrache-pied pour mettre au point des solutions plus complexes et le plus souvent personnalis\u00e9es pour chacun de nos clients. En additionnant notre connaissance des produits \u00e0 la connaissance pratique du client, nous pouvons combiner l&#8217;exp\u00e9rience du march\u00e9 avec les derni\u00e8res technologies. Les r\u00e9sultats sont r\u00e9volutionnaires&nbsp;: des syst\u00e8mes hydrauliques tr\u00e8s faciles \u00e0 utiliser, plus rapides, avec une meilleure ma\u00eetrise et plus de s\u00e9curit\u00e9.<\/p>\n\n\n\n<h2 class=\"wp-block-heading\">Innovation sociale et projets commerciaux<\/h2>\n\n\n\n<p>Le d\u00e9veloppement de produits utiles et l&#8217;utilisation de technologies de pointe entra\u00eenent des investissements continus dans l&#8217;innovation sociale et dans les projets commerciaux dans le domaine des technologies de l&#8217;information, des op\u00e9rations, de la veille \u00e9conomique, etc. En am\u00e9liorant en permanence notre m\u00e9thode de travail, nous sommes en mesure d&#8217;\u00e9tablir la norme pour les outils et syst\u00e8mes hydrauliques.<\/p>\n","protected":false},"excerpt":{"rendered":"<p>Innovations produits r\u00e9volutionnaires Afin de conserver notre premi\u00e8re place de sp\u00e9cialistes de l&#8217;hydraulique \u00e0 haute pression, nous investissons continuellement dans\u2026<\/p>\n","protected":false},"author":10,"featured_media":173286,"parent":173263,"menu_order":0,"comment_status":"closed","ping_status":"closed","template":"","meta":{"_acf_changed":false,"content-type":"","ep_exclude_from_search":false,"footnotes":""},"class_list":["post-173294","page","type-page","status-publish","has-post-thumbnail","hentry"],"acf":[],"lang":"fr","translations":{"fr":173294,"en":806,"es":173289},"pll_sync_post":[],"_links":{"self":[{"href":"https:\/\/www.holmatro.com\/na\/wp-json\/wp\/v2\/pages\/173294","targetHints":{"allow":["GET"]}}],"collection":[{"href":"https:\/\/www.holmatro.com\/na\/wp-json\/wp\/v2\/pages"}],"about":[{"href":"https:\/\/www.holmatro.com\/na\/wp-json\/wp\/v2\/types\/page"}],"author":[{"embeddable":true,"href":"https:\/\/www.holmatro.com\/na\/wp-json\/wp\/v2\/users\/10"}],"replies":[{"embeddable":true,"href":"https:\/\/www.holmatro.com\/na\/wp-json\/wp\/v2\/comments?post=173294"}],"version-history":[{"count":2,"href":"https:\/\/www.holmatro.com\/na\/wp-json\/wp\/v2\/pages\/173294\/revisions"}],"predecessor-version":[{"id":173298,"href":"https:\/\/www.holmatro.com\/na\/wp-json\/wp\/v2\/pages\/173294\/revisions\/173298"}],"up":[{"embeddable":true,"href":"https:\/\/www.holmatro.com\/na\/wp-json\/wp\/v2\/pages\/173263"}],"wp:featuredmedia":[{"embeddable":true,"href":"https:\/\/www.holmatro.com\/na\/wp-json\/wp\/v2\/media\/173286"}],"wp:attachment":[{"href":"https:\/\/www.holmatro.com\/na\/wp-json\/wp\/v2\/media?parent=173294"}],"curies":[{"name":"wp","href":"https:\/\/api.w.org\/{rel}","templated":true}]}}