{"id":173289,"date":"2025-11-11T11:57:12","date_gmt":"2025-11-11T11:57:12","guid":{"rendered":"https:\/\/holmatro.com\/?page_id=173289"},"modified":"2025-11-11T11:57:38","modified_gmt":"2025-11-11T11:57:38","slug":"innovaciones","status":"publish","type":"page","link":"https:\/\/www.holmatro.com\/na\/es\/acerca-de-holmatro\/perfil-de-la-empresa\/innovaciones\/","title":{"rendered":"Innovaciones"},"content":{"rendered":"\n<h2 class=\"wp-block-heading\">Innovaciones de productos pioneros<\/h2>\n\n\n\n<p>Para mantener nuestra posici\u00f3n de liderazgo como especialistas en sistemas hidr\u00e1ulicos de alta presi\u00f3n, invertimos continuamente en nuevos desarrollos de productos. No es solo que nuestros equipos de ingenier\u00eda revisen las herramientas hidr\u00e1ulicas de alta presi\u00f3n est\u00e1ndar, como herramientas de rescate, cilindros y bombas, sino que tambi\u00e9n nos esforzamos para desarrollar soluciones m\u00e1s complejas y, en la mayor\u00eda de los casos, espec\u00edficas para los clientes. Si a\u00f1adimos nuestro conocimiento de producto al conocimiento pr\u00e1ctico del cliente, podemos combinar la experiencia del mercado con la tecnolog\u00eda m\u00e1s novedosa. Los resultados son revolucionarios: sistemas hidr\u00e1ulicos extremadamente sencillos de usar, para trabajar m\u00e1s r\u00e1pido, con m\u00e1s control y con m\u00e1s seguridad.<\/p>\n\n\n\n<h2 class=\"wp-block-heading\">Innovaci\u00f3n social y proyectos de negocio<\/h2>\n\n\n\n<p>El desarrollo de productos valiosos y el uso de una tecnolog\u00eda pionera conducen a continuas inversiones en innovaci\u00f3n social y proyectos de negocio en los campos de las TIC, operaciones, inteligencia empresarial, etc. Con la mejora continua de nuestro m\u00e9todo de trabajo podemos establecer los est\u00e1ndares para las herramientas y los sistemas hidr\u00e1ulicos.<\/p>\n","protected":false},"excerpt":{"rendered":"<p>Innovaciones de productos pioneros Para mantener nuestra posici\u00f3n de liderazgo como especialistas en sistemas hidr\u00e1ulicos de alta presi\u00f3n, invertimos continuamente\u2026<\/p>\n","protected":false},"author":10,"featured_media":173285,"parent":173261,"menu_order":0,"comment_status":"closed","ping_status":"closed","template":"","meta":{"_acf_changed":false,"content-type":"","ep_exclude_from_search":false,"footnotes":""},"class_list":["post-173289","page","type-page","status-publish","has-post-thumbnail","hentry"],"acf":[],"lang":"es","translations":{"es":173289,"en":806,"fr":173294},"pll_sync_post":[],"_links":{"self":[{"href":"https:\/\/www.holmatro.com\/na\/wp-json\/wp\/v2\/pages\/173289","targetHints":{"allow":["GET"]}}],"collection":[{"href":"https:\/\/www.holmatro.com\/na\/wp-json\/wp\/v2\/pages"}],"about":[{"href":"https:\/\/www.holmatro.com\/na\/wp-json\/wp\/v2\/types\/page"}],"author":[{"embeddable":true,"href":"https:\/\/www.holmatro.com\/na\/wp-json\/wp\/v2\/users\/10"}],"replies":[{"embeddable":true,"href":"https:\/\/www.holmatro.com\/na\/wp-json\/wp\/v2\/comments?post=173289"}],"version-history":[{"count":2,"href":"https:\/\/www.holmatro.com\/na\/wp-json\/wp\/v2\/pages\/173289\/revisions"}],"predecessor-version":[{"id":173291,"href":"https:\/\/www.holmatro.com\/na\/wp-json\/wp\/v2\/pages\/173289\/revisions\/173291"}],"up":[{"embeddable":true,"href":"https:\/\/www.holmatro.com\/na\/wp-json\/wp\/v2\/pages\/173261"}],"wp:featuredmedia":[{"embeddable":true,"href":"https:\/\/www.holmatro.com\/na\/wp-json\/wp\/v2\/media\/173285"}],"wp:attachment":[{"href":"https:\/\/www.holmatro.com\/na\/wp-json\/wp\/v2\/media?parent=173289"}],"curies":[{"name":"wp","href":"https:\/\/api.w.org\/{rel}","templated":true}]}}