{"id":173263,"date":"2025-11-11T10:58:51","date_gmt":"2025-11-11T10:58:51","guid":{"rendered":"https:\/\/holmatro.com\/?page_id=173263"},"modified":"2025-11-11T11:08:35","modified_gmt":"2025-11-11T11:08:35","slug":"profil-de-lentreprise","status":"publish","type":"page","link":"https:\/\/www.holmatro.com\/na\/fr\/a-propos-de-holmatro\/profil-de-lentreprise\/","title":{"rendered":"Profil de l&#8217;entreprise"},"content":{"rendered":"\n<p>Les solutions d&#8217;\u00e9quipements et de syst\u00e8mes hydrauliques d&#8217;Holmatro sont surtout utilis\u00e9es pour le sauvetage, les interventions sp\u00e9ciales et les applications industrielles partout dans le monde. Ces types d&#8217;applications exigent des outils fiables et s\u00fbrs en toutes circonstances. Pour avoir la certitude que nos utilisateurs peuvent accomplir leurs t\u00e2ches sp\u00e9cialis\u00e9es, nous nous effor\u00e7ons d&#8217;\u00eatre les meilleurs sur le march\u00e9 en ayant recours \u00e0 des technologies qui changent la donne.<\/p>\n\n\n\n<h2 class=\"wp-block-heading\" id=\"qui-nous-sommes\">Qui Nous Sommes<\/h2>\n\n\n\n<p>Holmatro Group, fond\u00e9 aux Pays-Bas en 1967, est l&#8217;un des principaux fournisseurs mondiaux d&#8217;\u00e9quipements et de services hydrauliques. Avec plus de 300 employ\u00e9s, le groupe Holmatro se compose d&#8217;unit\u00e9s situ\u00e9es aux Pays-Bas, aux \u00c9tats-Unis et en Chine. \u00c0 partir de notre si\u00e8ge principal aux Pays-Bas, nous servons tous les clients en Europe, au Moyen-Orient, en Afrique, en Oc\u00e9anie, en Asie de l&#8217;Est et du Sud-Est et en Am\u00e9rique du Sud. \u00c0 partir de notre si\u00e8ge aux \u00c9tats-Unis, nous servons tous les clients en Am\u00e9rique du Nord et en Am\u00e9rique centrale. \u00c0 partir de notre si\u00e8ge en Chine, nous servons tous les clients en Chine continentale, \u00e0 Hong Kong et \u00e0 Macao.<\/p>\n\n\n\n<p>En plus de nos trois si\u00e8ges, nous avons est repr\u00e9sent\u00e9e dans plus de 160 pays par notre vaste r\u00e9seau mondial de ventes et de service, compos\u00e9 de plus de 400 partenaires commerciaux autoris\u00e9s. Cela fait de nous le premier fournisseur mondial d&#8217;outils hydrauliques \u00e0 haute pression innovants.&nbsp;<\/p>\n\n\n\n<p>Pour soutenir nos si\u00e8ges dans le monde, nos filiales, nos repr\u00e9sentants et nos partenaires commerciaux, nous avons centralis\u00e9 la recherche et le d\u00e9veloppement ainsi que la gestion des produits aux Pays-Bas. Nos unit\u00e9s de fabrication hautement automatis\u00e9es et ultramodernes sont situ\u00e9es aux Pays-Bas et aux \u00c9tats-Unis. Le marketing, les ventes et le support au service sont d\u00e9centralis\u00e9s dans les trois divisions.<\/p>\n\n\n\n<h2 class=\"wp-block-heading\" id=\"notre-philosophie\">Notre Philosophie<\/h2>\n\n\n\n<p>La devise \u00ab Mastering power \u00bb est au c\u0153ur de la philosophie de Holmatro. Tous nos produits ont une caract\u00e9ristique en commun : la puissance hydraulique n&#8217;est efficace que lorsqu&#8217;elle est ma\u00eetris\u00e9e. Les outils Holmatro permettent aux utilisateurs d&#8217;exploiter une puissance extr\u00eamement \u00e9lev\u00e9e de mani\u00e8re pratique, contr\u00f4l\u00e9e et s\u00fbre, m\u00eame dans les circonstances les plus d\u00e9favorables.<\/p>\n\n\n\n<h2 class=\"wp-block-heading\" id=\"watch-our-company-movie\">Visionnez Notre Film D&#8217;entreprise<\/h2>\n\n\n<div class=\"video-block\">\n                            <div class=\"video-block__overlay\">\n            <img decoding=\"async\" class=\"video-block__overlay-image\"\n                src=\"https:\/\/img.youtube.com\/vi\/sAE_2mV1_j0\/hqdefault.jpg \"\n                alt=\"\">\n            <button class=\"video-block__overlay-button\" tabindex=\"0\"><\/button>\n        <\/div>\n        \n        <iframe class=\"video-block__iframe\" allowfullscreen='true' allow=\"autoplay\"\n            data-src='https:\/\/www.youtube.com\/embed\/sAE_2mV1_j0?rel=0&amp;disablekb=1' longdesc='https:\/\/www.youtube.com\/watch?v=sAE_2mV1_j0'\n            data-cookieblock-src=\"https:\/\/www.youtube.com\/embed\/sAE_2mV1_j0?rel=0&amp;disablekb=1\"\n            data-cookieconsent=\"marketing\"\n                    ><\/iframe>\n        <div class=\"video-block__optout cookiebot-optout cookieconsent-optout-marketing\">\n            <p>\n                Please &nbsp; <a href=\"javascript:Cookiebot.renew()\"> accept marketing-cookies <\/a> &nbsp; to watch this video.\n            <\/p>\n        <\/div>\n    <\/div>\n            \n\n\n<h2 class=\"wp-block-heading\" id=\"i\">Nos valeurs<\/h2>\n\n\n\n<figure class=\"wp-block-image size-full is-resized\"><img loading=\"lazy\" decoding=\"async\" width=\"875\" height=\"575\" src=\"https:\/\/www.holmatro.com\/app\/uploads\/2025\/10\/Company-Profile-1.jpg\" alt=\"\" class=\"wp-image-9674\" style=\"width:875px\" srcset=\"https:\/\/www.holmatro.com\/app\/uploads\/2025\/10\/Company-Profile-1.jpg 875w, https:\/\/www.holmatro.com\/app\/uploads\/2025\/10\/Company-Profile-1-300x197.jpg 300w, https:\/\/www.holmatro.com\/app\/uploads\/2025\/10\/Company-Profile-1-768x505.jpg 768w, https:\/\/www.holmatro.com\/app\/uploads\/2025\/10\/Company-Profile-1-600x394.jpg 600w\" sizes=\"auto, (max-width: 875px) 100vw, 875px\" \/><\/figure>\n\n\n\n<p><strong>Holmatro veut vous aider \u00e0 faire votre travail de mani\u00e8re plus rapide, plus s\u00fbre et plus facile. Comment ? En utilisant des technologies innovantes pour d\u00e9velopper les meilleurs outils hydrauliques et solutions syst\u00e8me au monde.&nbsp;<\/strong><\/p>\n\n\n\n<p>Nous concevons et fabriquons des \u00e9quipements pour les march\u00e9s du Sauvetage et de l\u2019Industrie depuis plus d\u2019un&nbsp;<a href=\"https:\/\/www.holmatro.com\/fr\/propos-de-holmatro\/notre-histoire\">demi-si\u00e8cle<\/a>. Des centaines de milliers d\u2019utilisateurs dans le monde entier ont profit\u00e9 de l\u2019excellente performance et de la haute&nbsp;<a href=\"https:\/\/www.holmatro.com\/fr\/propos-de-holmatro\/profil-de-lentreprise\/nos-valeurs\/qualite\">qualit\u00e9<\/a>&nbsp;de nos produits.<\/p>\n\n\n\n<p>Mais nous souhaitons que les prochaines g\u00e9n\u00e9rations puissent \u00e9galement profiter des&nbsp;<a href=\"https:\/\/www.holmatro.com\/fr\/propos-de-holmatro\/profil-de-lentreprise\/nos-valeurs\/innovation\">innovations<\/a>&nbsp;r\u00e9volutionnaires de Holmatro. Nous ressentons une grande&nbsp;<a href=\"https:\/\/www.holmatro.com\/fr\/propos-de-holmatro\/profil-de-lentreprise\/nos-valeurs\/responsabilite-sociale-des-entreprises\">responsabilit\u00e9<\/a>&nbsp;pour assurer un avenir sain. Cela signifie que l\u2019accent doit \u00eatre mis sur l&#8217;efficacit\u00e9 \u00e9nerg\u00e9tique et la production durable.<\/p>\n\n\n\n<p>Mais avant tout, nous d\u00e9fendons les int\u00e9r\u00eats de nos employ\u00e9s. Le d\u00e9vouement et la cr\u00e9ativit\u00e9 de nos 300 employ\u00e9s \u00e0 travers le monde est ce qui a fait de notre entreprise ce qu&#8217;elle est aujourd&#8217;hui. Leur imagination et leur comp\u00e9tence aboutissent \u00e0 des produits qui vous aident \u00e0 faire votre travail. <\/p>\n\n\n\n<div class=\"wp-block-rank-math-toc-block\" id=\"rank-math-toc\"><h2>Table of Contents<\/h2><nav><ul><li><a href=\"#qui-nous-sommes\">Qui Nous Sommes<\/a><\/li><li><a href=\"#notre-philosophie\">Notre Philosophie<\/a><\/li><li><a href=\"#watch-our-company-movie\">Visionnez Notre Film D&#8217;entreprise<\/a><\/li><li><a href=\"#i\">Nos valeurs<\/a><\/li><\/ul><\/nav><\/div>\n\n\n<div class=\"carousel full-content carousel--white\">\n    <div class=\"carousel__container\">\n                    <h2 class=\"carousel__title\">Highlights<\/h2>\n                <section class=\"swiper swiper--highlighted-posts \" aria-roledescription=\"carousel\" aria-label=\"Image gallery\">\n        <div class=\"swiper__container\">\n            <div class=\"swiper-wrapper\">\n                <div class=\"highlighted-posts-swiper__slide swiper-slide\">\n                <article\n    class=\"base-card base-card--animation-slide-up base-card--size-default base-card--default\">\n    <a href=\"https:\/\/www.holmatro.com\/na\/en\/about-holmatro\/company-profile\/innovation\/\" class=\"base-card__link\">\n        \n        <div class=\"base-card__image-container\">\n            \n                            <img loading=\"lazy\" decoding=\"async\" width=\"768\" height=\"576\" src=\"https:\/\/www.holmatro.com\/app\/uploads\/2025\/09\/Quality-768x576.jpg\" class=\"base-card__image wp-post-image\" alt=\"\" srcset=\"https:\/\/www.holmatro.com\/app\/uploads\/2025\/09\/Quality-768x576.jpg 768w, https:\/\/www.holmatro.com\/app\/uploads\/2025\/09\/Quality-300x225.jpg 300w, https:\/\/www.holmatro.com\/app\/uploads\/2025\/09\/Quality-1024x768.jpg 1024w, https:\/\/www.holmatro.com\/app\/uploads\/2025\/09\/Quality-1536x1152.jpg 1536w, https:\/\/www.holmatro.com\/app\/uploads\/2025\/09\/Quality-600x450.jpg 600w, https:\/\/www.holmatro.com\/app\/uploads\/2025\/09\/Quality.jpg 1952w\" sizes=\"auto, (max-width: 768px) 100vw, 768px\" \/>\n                    <\/div>\n\n        <div class=\"base-card__content-container\">\n            <div class=\"base-card__content\">\n                                                    <div class=\"base-card__meta\">\n                                                                                            <\/div>\n                \n                                                            <h3 class=\"base-card__title\">Innovation<\/h3>\n                    \n                    \n                                            <div class=\"base-card__excerpt\">Groundbreaking product innovations In order to maintain our leading position as a specialist in high-pressure hydraulics, we continuously invest in\u2026<\/div>\n                    \n                    <span\n    class=\"button button--text-only button--dark\"\n        >\n\n    \n    Discover more\n\n            <span class=\"button__icon button__icon--after\">\n            <svg id=\"icon\" xmlns=\"http:\/\/www.w3.org\/2000\/svg\" width=\"32\" height=\"32\" viewBox=\"0 0 32 32\">\n  <defs>\n    <style>\n      .cls-1 {\n        fill: none;\n      }\n    <\/style>\n  <\/defs>\n  <polygon points=\"18 6 16.57 7.393 24.15 15 4 15 4 17 24.15 17 16.57 24.573 18 26 28 16 18 6\"\/>\n  <rect id=\"_Transparent_Rectangle_\" data-name=\"&lt;Transparent Rectangle&gt;\" class=\"cls-1\" width=\"32\" height=\"32\"\/>\n<\/svg>\n\n        <\/span>\n        <\/span>\n                            <\/div>\n        <\/div>\n    <\/a>\n<\/article>\n            <\/div>\n                    <div class=\"highlighted-posts-swiper__slide swiper-slide\">\n                <article\n    class=\"base-card base-card--animation-slide-up base-card--size-default base-card--default\">\n    <a href=\"https:\/\/www.holmatro.com\/na\/en\/about-holmatro\/company-profile\/quality\/\" class=\"base-card__link\">\n        \n        <div class=\"base-card__image-container\">\n            \n                            <img loading=\"lazy\" decoding=\"async\" width=\"768\" height=\"371\" src=\"https:\/\/www.holmatro.com\/app\/uploads\/2025\/10\/Quality-2-e1761208826148-768x371.jpg\" class=\"base-card__image wp-post-image\" alt=\"\" srcset=\"https:\/\/www.holmatro.com\/app\/uploads\/2025\/10\/Quality-2-e1761208826148-768x371.jpg 768w, https:\/\/www.holmatro.com\/app\/uploads\/2025\/10\/Quality-2-e1761208826148-300x145.jpg 300w, https:\/\/www.holmatro.com\/app\/uploads\/2025\/10\/Quality-2-e1761208826148-600x290.jpg 600w, https:\/\/www.holmatro.com\/app\/uploads\/2025\/10\/Quality-2-e1761208826148.jpg 875w\" sizes=\"auto, (max-width: 768px) 100vw, 768px\" \/>\n                    <\/div>\n\n        <div class=\"base-card__content-container\">\n            <div class=\"base-card__content\">\n                                                    <div class=\"base-card__meta\">\n                                                                                            <\/div>\n                \n                                                            <h3 class=\"base-card__title\">Quality<\/h3>\n                    \n                    \n                                            <div class=\"base-card__excerpt\">Our products are thoroughly tested before they are authorized for use in practice.<\/div>\n                    \n                    <span\n    class=\"button button--text-only button--dark\"\n        >\n\n    \n    Discover more\n\n            <span class=\"button__icon button__icon--after\">\n            <svg id=\"icon\" xmlns=\"http:\/\/www.w3.org\/2000\/svg\" width=\"32\" height=\"32\" viewBox=\"0 0 32 32\">\n  <defs>\n    <style>\n      .cls-1 {\n        fill: none;\n      }\n    <\/style>\n  <\/defs>\n  <polygon points=\"18 6 16.57 7.393 24.15 15 4 15 4 17 24.15 17 16.57 24.573 18 26 28 16 18 6\"\/>\n  <rect id=\"_Transparent_Rectangle_\" data-name=\"&lt;Transparent Rectangle&gt;\" class=\"cls-1\" width=\"32\" height=\"32\"\/>\n<\/svg>\n\n        <\/span>\n        <\/span>\n                            <\/div>\n        <\/div>\n    <\/a>\n<\/article>\n            <\/div>\n                    <div class=\"highlighted-posts-swiper__slide swiper-slide\">\n                <article\n    class=\"base-card base-card--animation-slide-up base-card--size-default base-card--default\">\n    <a href=\"https:\/\/www.holmatro.com\/na\/en\/about-holmatro\/corporate-social-responsibility\/\" class=\"base-card__link\">\n        \n        <div class=\"base-card__image-container\">\n            \n                            <img loading=\"lazy\" decoding=\"async\" width=\"768\" height=\"299\" src=\"https:\/\/www.holmatro.com\/app\/uploads\/2025\/09\/CSR-768x299.png\" class=\"base-card__image wp-post-image\" alt=\"\" srcset=\"https:\/\/www.holmatro.com\/app\/uploads\/2025\/09\/CSR-768x299.png 768w, https:\/\/www.holmatro.com\/app\/uploads\/2025\/09\/CSR-300x117.png 300w, https:\/\/www.holmatro.com\/app\/uploads\/2025\/09\/CSR-600x233.png 600w, https:\/\/www.holmatro.com\/app\/uploads\/2025\/09\/CSR.png 900w\" sizes=\"auto, (max-width: 768px) 100vw, 768px\" \/>\n                    <\/div>\n\n        <div class=\"base-card__content-container\">\n            <div class=\"base-card__content\">\n                                                    <div class=\"base-card__meta\">\n                                                                                            <\/div>\n                \n                                                            <h3 class=\"base-card__title\">Corporate Social Responsibility<\/h3>\n                    \n                    \n                                            <div class=\"base-card__excerpt\">More than ever Holmatro has a strong focus on Corporate Social Responsibility (CSR).<\/div>\n                    \n                    <span\n    class=\"button button--text-only button--dark\"\n        >\n\n    \n    Discover more\n\n            <span class=\"button__icon button__icon--after\">\n            <svg id=\"icon\" xmlns=\"http:\/\/www.w3.org\/2000\/svg\" width=\"32\" height=\"32\" viewBox=\"0 0 32 32\">\n  <defs>\n    <style>\n      .cls-1 {\n        fill: none;\n      }\n    <\/style>\n  <\/defs>\n  <polygon points=\"18 6 16.57 7.393 24.15 15 4 15 4 17 24.15 17 16.57 24.573 18 26 28 16 18 6\"\/>\n  <rect id=\"_Transparent_Rectangle_\" data-name=\"&lt;Transparent Rectangle&gt;\" class=\"cls-1\" width=\"32\" height=\"32\"\/>\n<\/svg>\n\n        <\/span>\n        <\/span>\n                            <\/div>\n        <\/div>\n    <\/a>\n<\/article>\n            <\/div>\n                    <div class=\"highlighted-posts-swiper__slide swiper-slide\">\n                <article\n    class=\"base-card base-card--animation-slide-up base-card--size-default base-card--default\">\n    <a href=\"https:\/\/www.holmatro.com\/na\/en\/about-holmatro\/our-history\/\" class=\"base-card__link\">\n        \n        <div class=\"base-card__image-container\">\n            \n                            <img loading=\"lazy\" decoding=\"async\" width=\"768\" height=\"365\" src=\"https:\/\/www.holmatro.com\/app\/uploads\/2025\/09\/1974-First-production-facility-opened-in-Breda.tif_-768x365.jpg\" class=\"base-card__image wp-post-image\" alt=\"\" srcset=\"https:\/\/www.holmatro.com\/app\/uploads\/2025\/09\/1974-First-production-facility-opened-in-Breda.tif_-768x365.jpg 768w, https:\/\/www.holmatro.com\/app\/uploads\/2025\/09\/1974-First-production-facility-opened-in-Breda.tif_-300x143.jpg 300w, https:\/\/www.holmatro.com\/app\/uploads\/2025\/09\/1974-First-production-facility-opened-in-Breda.tif_-600x285.jpg 600w, https:\/\/www.holmatro.com\/app\/uploads\/2025\/09\/1974-First-production-facility-opened-in-Breda.tif_.jpg 901w\" sizes=\"auto, (max-width: 768px) 100vw, 768px\" \/>\n                    <\/div>\n\n        <div class=\"base-card__content-container\">\n            <div class=\"base-card__content\">\n                                                    <div class=\"base-card__meta\">\n                                                                                            <\/div>\n                \n                                                            <h3 class=\"base-card__title\">Our History<\/h3>\n                    \n                    \n                                            <div class=\"base-card__excerpt\">Learn more about our heritage by having a look at our timeline.<\/div>\n                    \n                    <span\n    class=\"button button--text-only button--dark\"\n        >\n\n    \n    Discover more\n\n            <span class=\"button__icon button__icon--after\">\n            <svg id=\"icon\" xmlns=\"http:\/\/www.w3.org\/2000\/svg\" width=\"32\" height=\"32\" viewBox=\"0 0 32 32\">\n  <defs>\n    <style>\n      .cls-1 {\n        fill: none;\n      }\n    <\/style>\n  <\/defs>\n  <polygon points=\"18 6 16.57 7.393 24.15 15 4 15 4 17 24.15 17 16.57 24.573 18 26 28 16 18 6\"\/>\n  <rect id=\"_Transparent_Rectangle_\" data-name=\"&lt;Transparent Rectangle&gt;\" class=\"cls-1\" width=\"32\" height=\"32\"\/>\n<\/svg>\n\n        <\/span>\n        <\/span>\n                            <\/div>\n        <\/div>\n    <\/a>\n<\/article>\n            <\/div>\n            <\/div>\n        <\/div>\n\n        \n                    <div class=\"swiper-controls\">\n    <div class=\"swiper-controls__pagination swiper-controls__pagination--hide-on-mobile\"><\/div>\n\n    <button class=\"swiper-controls__button-prev swiper-button-prev\" aria-label=\"Previous\">\n        <svg id=\"icon\" xmlns=\"http:\/\/www.w3.org\/2000\/svg\" width=\"32\" height=\"32\" viewBox=\"0 0 32 32\">\n  <defs>\n    <style>\n      .cls-1 {\n        fill: none;\n      }\n    <\/style>\n  <\/defs>\n  <polygon points=\"14 26 15.41 24.59 7.83 17 28 17 28 15 7.83 15 15.41 7.41 14 6 4 16 14 26\"\/>\n  <rect id=\"_Transparent_Rectangle_\" data-name=\"&lt;Transparent Rectangle&gt;\" class=\"cls-1\" width=\"32\" height=\"32\"\/>\n<\/svg>\n\n    <\/button>\n\n    <button class=\"swiper-controls__button-next swiper-button-next\" aria-label=\"Next\">\n        <svg id=\"icon\" xmlns=\"http:\/\/www.w3.org\/2000\/svg\" width=\"32\" height=\"32\" viewBox=\"0 0 32 32\">\n  <defs>\n    <style>\n      .cls-1 {\n        fill: none;\n      }\n    <\/style>\n  <\/defs>\n  <polygon points=\"18 6 16.57 7.393 24.15 15 4 15 4 17 24.15 17 16.57 24.573 18 26 28 16 18 6\"\/>\n  <rect id=\"_Transparent_Rectangle_\" data-name=\"&lt;Transparent Rectangle&gt;\" class=\"cls-1\" width=\"32\" height=\"32\"\/>\n<\/svg>\n\n    <\/button>\n\n    <\/div>\n        \n            <\/section>\n    <\/div>\n<\/div>\n","protected":false},"excerpt":{"rendered":"<p>Les solutions d&#8217;\u00e9quipements et de syst\u00e8mes hydrauliques d&#8217;Holmatro sont surtout utilis\u00e9es pour le sauvetage, les interventions sp\u00e9ciales et les applications\u2026<\/p>\n","protected":false},"author":10,"featured_media":795,"parent":171832,"menu_order":0,"comment_status":"closed","ping_status":"closed","template":"","meta":{"_acf_changed":false,"content-type":"","ep_exclude_from_search":false,"footnotes":""},"class_list":["post-173263","page","type-page","status-publish","has-post-thumbnail","hentry"],"acf":[],"lang":"fr","translations":{"fr":173263,"en":43,"es":173261},"pll_sync_post":[],"_links":{"self":[{"href":"https:\/\/www.holmatro.com\/na\/wp-json\/wp\/v2\/pages\/173263","targetHints":{"allow":["GET"]}}],"collection":[{"href":"https:\/\/www.holmatro.com\/na\/wp-json\/wp\/v2\/pages"}],"about":[{"href":"https:\/\/www.holmatro.com\/na\/wp-json\/wp\/v2\/types\/page"}],"author":[{"embeddable":true,"href":"https:\/\/www.holmatro.com\/na\/wp-json\/wp\/v2\/users\/10"}],"replies":[{"embeddable":true,"href":"https:\/\/www.holmatro.com\/na\/wp-json\/wp\/v2\/comments?post=173263"}],"version-history":[{"count":2,"href":"https:\/\/www.holmatro.com\/na\/wp-json\/wp\/v2\/pages\/173263\/revisions"}],"predecessor-version":[{"id":173276,"href":"https:\/\/www.holmatro.com\/na\/wp-json\/wp\/v2\/pages\/173263\/revisions\/173276"}],"up":[{"embeddable":true,"href":"https:\/\/www.holmatro.com\/na\/wp-json\/wp\/v2\/pages\/171832"}],"wp:featuredmedia":[{"embeddable":true,"href":"https:\/\/www.holmatro.com\/na\/wp-json\/wp\/v2\/media\/795"}],"wp:attachment":[{"href":"https:\/\/www.holmatro.com\/na\/wp-json\/wp\/v2\/media?parent=173263"}],"curies":[{"name":"wp","href":"https:\/\/api.w.org\/{rel}","templated":true}]}}