{"id":173261,"date":"2025-11-11T10:56:36","date_gmt":"2025-11-11T10:56:36","guid":{"rendered":"https:\/\/holmatro.com\/?page_id=173261"},"modified":"2025-11-11T11:04:56","modified_gmt":"2025-11-11T11:04:56","slug":"perfil-de-la-empresa","status":"publish","type":"page","link":"https:\/\/www.holmatro.com\/na\/es\/acerca-de-holmatro\/perfil-de-la-empresa\/","title":{"rendered":"Perfil de la empresa"},"content":{"rendered":"\n<p>Las soluciones de equipos y sistemas hidr\u00e1ulicos de Holmatro se emplean de forma predominante en rescate, t\u00e1cticas especiales y aplicaciones industriales en todo el mundo. Estos tipos de aplicaciones exigen herramientas fiables y seguras en todas las circunstancias. Para garantizar que nuestros usuarios pueden desempe\u00f1ar sus tareas especializadas, nos esforzamos por ser l\u00edderes de primera clase en el sector usando una tecnolog\u00eda innovadora.<\/p>\n\n\n\n<h2 class=\"wp-block-heading\" id=\"who-we-are\">Qui\u00e9nes somos<\/h2>\n\n\n\n<p>Holmatro Group, fundado en los Pa\u00edses Bajos en 1967, es un proveedor privado l\u00edder mundial de equipos y servicios hidr\u00e1ulicos. Con m\u00e1s de 300 empleados, Holmatro Group est\u00e1 formado por divisiones ubicadas en los Pa\u00edses Bajos, EE. UU. y China. Desde nuestra sede principal en los Pa\u00edses Bajos atendemos a todos nuestros clientes en Europa, Oriente Medio, \u00c1frica, Ocean\u00eda, Asia Oriental y Sudoriental, y Sudam\u00e9rica. Desde nuestra sede americana atendemos a todos los clientes de Norteam\u00e9rica y de Am\u00e9rica Central. Desde nuestra sede en China atendemos a todos los clientes en la China continental, Hong Kong y Macao.<\/p>\n\n\n\n<p>Adem\u00e1s de nuestras tres sedes, nuestra marca tiene representaci\u00f3n en m\u00e1s de 160 pa\u00edses gracias a nuestra extensa red mundial de ventas y servicio t\u00e9cnico, formada por m\u00e1s de 400 socios comerciales autorizados en activo. Esto nos convierte en el mayor proveedor global de herramientas hidr\u00e1ulicas innovadoras de alta presi\u00f3n.<\/p>\n\n\n\n<p>Para apoyar a nuestras sedes, filiales, representantes y socios comerciales mundiales, hemos centralizado Innovaci\u00f3n y Desarrollo y Gesti\u00f3n de Producto en los Pa\u00edses Bajos. Nuestras completas instalaciones de producci\u00f3n, altamente automatizadas y de \u00faltima tecnolog\u00eda, est\u00e1n los Pa\u00edses Bajos y en los EE. UU. Marketing, Ventas y Servicio t\u00e9cnico est\u00e1n descentralizados en las tres divisiones.<\/p>\n\n\n\n<h2 class=\"wp-block-heading\" id=\"our-vision\">Nuestra visi\u00f3n<\/h2>\n\n\n\n<p>El lema \u00abMastering power\u00bb est\u00e1 en el n\u00facleo de la visi\u00f3n de nuestra empresa. Com\u00fan a todos nuestros productos es el hecho fundamental de que solo la potencia hidr\u00e1ulica controlada se puede usar con eficacia. Las herramientas de Holmatro permiten a los usuarios aplicar una potencia extremadamente alta de modo pr\u00e1ctico, controlado y seguro, incluso si se usan en las circunstancias m\u00e1s desfavorables.&nbsp;<\/p>\n\n\n\n<h2 class=\"wp-block-heading\" id=\"watch-our-company-movie\">Vea el v\u00eddeo de nuestra empresa<\/h2>\n\n\n<div class=\"video-block\">\n                            <div class=\"video-block__overlay\">\n            <img decoding=\"async\" class=\"video-block__overlay-image\"\n                src=\"https:\/\/img.youtube.com\/vi\/sAE_2mV1_j0\/hqdefault.jpg \"\n                alt=\"\">\n            <button class=\"video-block__overlay-button\" tabindex=\"0\"><\/button>\n        <\/div>\n        \n        <iframe class=\"video-block__iframe\" allowfullscreen='true' allow=\"autoplay\"\n            data-src='https:\/\/www.youtube.com\/embed\/sAE_2mV1_j0?rel=0&amp;disablekb=1' longdesc='https:\/\/www.youtube.com\/watch?v=sAE_2mV1_j0'\n            data-cookieblock-src=\"https:\/\/www.youtube.com\/embed\/sAE_2mV1_j0?rel=0&amp;disablekb=1\"\n            data-cookieconsent=\"marketing\"\n                    ><\/iframe>\n        <div class=\"video-block__optout cookiebot-optout cookieconsent-optout-marketing\">\n            <p>\n                Please &nbsp; <a href=\"javascript:Cookiebot.renew()\"> accept marketing-cookies <\/a> &nbsp; to watch this video.\n            <\/p>\n        <\/div>\n    <\/div>\n            \n\n\n<h2 class=\"wp-block-heading\" id=\"i\">Lo que representamos<\/h2>\n\n\n\n<figure class=\"wp-block-image size-full is-resized\"><img loading=\"lazy\" decoding=\"async\" width=\"875\" height=\"575\" src=\"https:\/\/www.holmatro.com\/app\/uploads\/2025\/10\/Company-Profile-1.jpg\" alt=\"\" class=\"wp-image-9674\" style=\"width:875px\" srcset=\"https:\/\/www.holmatro.com\/app\/uploads\/2025\/10\/Company-Profile-1.jpg 875w, https:\/\/www.holmatro.com\/app\/uploads\/2025\/10\/Company-Profile-1-300x197.jpg 300w, https:\/\/www.holmatro.com\/app\/uploads\/2025\/10\/Company-Profile-1-768x505.jpg 768w, https:\/\/www.holmatro.com\/app\/uploads\/2025\/10\/Company-Profile-1-600x394.jpg 600w\" sizes=\"auto, (max-width: 875px) 100vw, 875px\" \/><\/figure>\n\n\n\n<p><strong>Hacer que su trabajo se haga de una manera m\u00e1s r\u00e1pida, segura y sencilla. Esta es la forma en la que Holmatro quiere ayudarle. \u00bfC\u00f3mo? Mediante el uso de tecnolog\u00eda de \u00faltima generaci\u00f3n para desarrollar las mejores herramientas hidr\u00e1ulicas y soluciones de sistemas del mundo.&nbsp;<\/strong><\/p>\n\n\n\n<p>Desarrollamos y fabricamos equipos para los sectores de Rescate e Industria, algo que llevamos haciendo m\u00e1s de&nbsp;<a href=\"https:\/\/www.holmatro.com\/es\/acerca-de-holmatro\/nuestra-historia\">medio siglo<\/a>. Cientos de miles de usuarios de todo el mundo han disfrutado ya de las excelentes prestaciones y de la elevada&nbsp;<a href=\"https:\/\/www.holmatro.com\/es\/acerca-de-holmatro\/perfil-de-la-empresa\/lo-que-representamos\/calidad\">calidad<\/a>&nbsp;de nuestros productos.<\/p>\n\n\n\n<p>Sin embargo, queremos que las siguientes generaciones tambi\u00e9n puedan disfrutar de las revolucionarias&nbsp;<a href=\"https:\/\/www.holmatro.com\/es\/acerca-de-holmatro\/perfil-de-la-empresa\/lo-que-representamos\/innovaciones\">innovaciones<\/a>&nbsp;de Holmatro. Sentimos una gran&nbsp;<a href=\"https:\/\/www.holmatro.com\/es\/acerca-de-holmatro\/perfil-de-la-empresa\/lo-que-representamos\/responsabilidad-social-corporativa\">responsabilidad<\/a>&nbsp;para lograr un futuro m\u00e1s saludable. Para ello, tenemos que centrarnos en la eficiencia energ\u00e9tica y la producci\u00f3n sostenible.<\/p>\n\n\n\n<p>Pero, sobre todo, lo primero son las personas. La entrega y la creatividad de los 300 empleados que tenemos en todo el mundo son lo que ha convertido a esta compa\u00f1\u00eda en lo que es hoy. Su imaginaci\u00f3n y sus capacidades dan como resultado los productos que nos ayudan a hacer nuestro trabajo.&nbsp;<a href=\"https:\/\/www.holmatro.com\/node\/13452\">\u00bfQuiere unirse a nosotros?<\/a><\/p>\n\n\n\n<div class=\"wp-block-rank-math-toc-block\" id=\"rank-math-toc\"><h2>Table of Contents<\/h2><nav><ul><li><a href=\"#who-we-are\">Qui\u00e9nes somos<\/a><\/li><li><a href=\"#our-vision\">Nuestra visi\u00f3n<\/a><\/li><li><a href=\"#watch-our-company-movie\">Vea el v\u00eddeo de nuestra empresa<\/a><\/li><li><a href=\"#i\">Lo que representamos<\/a><\/li><\/ul><\/nav><\/div>\n\n\n<div class=\"carousel full-content carousel--white\">\n    <div class=\"carousel__container\">\n                    <h2 class=\"carousel__title\">Highlights<\/h2>\n                <section class=\"swiper swiper--highlighted-posts \" aria-roledescription=\"carousel\" aria-label=\"Image gallery\">\n        <div class=\"swiper__container\">\n            <div class=\"swiper-wrapper\">\n                <div class=\"highlighted-posts-swiper__slide swiper-slide\">\n                <article\n    class=\"base-card base-card--animation-slide-up base-card--size-default base-card--default\">\n    <a href=\"https:\/\/www.holmatro.com\/na\/en\/about-holmatro\/company-profile\/innovation\/\" class=\"base-card__link\">\n        \n        <div class=\"base-card__image-container\">\n            \n                            <img loading=\"lazy\" decoding=\"async\" width=\"768\" height=\"576\" src=\"https:\/\/www.holmatro.com\/app\/uploads\/2025\/09\/Quality-768x576.jpg\" class=\"base-card__image wp-post-image\" alt=\"\" srcset=\"https:\/\/www.holmatro.com\/app\/uploads\/2025\/09\/Quality-768x576.jpg 768w, https:\/\/www.holmatro.com\/app\/uploads\/2025\/09\/Quality-300x225.jpg 300w, https:\/\/www.holmatro.com\/app\/uploads\/2025\/09\/Quality-1024x768.jpg 1024w, https:\/\/www.holmatro.com\/app\/uploads\/2025\/09\/Quality-1536x1152.jpg 1536w, https:\/\/www.holmatro.com\/app\/uploads\/2025\/09\/Quality-600x450.jpg 600w, https:\/\/www.holmatro.com\/app\/uploads\/2025\/09\/Quality.jpg 1952w\" sizes=\"auto, (max-width: 768px) 100vw, 768px\" \/>\n                    <\/div>\n\n        <div class=\"base-card__content-container\">\n            <div class=\"base-card__content\">\n                                                    <div class=\"base-card__meta\">\n                                                                                            <\/div>\n                \n                                                            <h3 class=\"base-card__title\">Innovation<\/h3>\n                    \n                    \n                                            <div class=\"base-card__excerpt\">Groundbreaking product innovations In order to maintain our leading position as a specialist in high-pressure hydraulics, we continuously invest in\u2026<\/div>\n                    \n                    <span\n    class=\"button button--text-only button--dark\"\n        >\n\n    \n    Discover more\n\n            <span class=\"button__icon button__icon--after\">\n            <svg id=\"icon\" xmlns=\"http:\/\/www.w3.org\/2000\/svg\" width=\"32\" height=\"32\" viewBox=\"0 0 32 32\">\n  <defs>\n    <style>\n      .cls-1 {\n        fill: none;\n      }\n    <\/style>\n  <\/defs>\n  <polygon points=\"18 6 16.57 7.393 24.15 15 4 15 4 17 24.15 17 16.57 24.573 18 26 28 16 18 6\"\/>\n  <rect id=\"_Transparent_Rectangle_\" data-name=\"&lt;Transparent Rectangle&gt;\" class=\"cls-1\" width=\"32\" height=\"32\"\/>\n<\/svg>\n\n        <\/span>\n        <\/span>\n                            <\/div>\n        <\/div>\n    <\/a>\n<\/article>\n            <\/div>\n                    <div class=\"highlighted-posts-swiper__slide swiper-slide\">\n                <article\n    class=\"base-card base-card--animation-slide-up base-card--size-default base-card--default\">\n    <a href=\"https:\/\/www.holmatro.com\/na\/en\/about-holmatro\/company-profile\/quality\/\" class=\"base-card__link\">\n        \n        <div class=\"base-card__image-container\">\n            \n                            <img loading=\"lazy\" decoding=\"async\" width=\"768\" height=\"371\" src=\"https:\/\/www.holmatro.com\/app\/uploads\/2025\/10\/Quality-2-e1761208826148-768x371.jpg\" class=\"base-card__image wp-post-image\" alt=\"\" srcset=\"https:\/\/www.holmatro.com\/app\/uploads\/2025\/10\/Quality-2-e1761208826148-768x371.jpg 768w, https:\/\/www.holmatro.com\/app\/uploads\/2025\/10\/Quality-2-e1761208826148-300x145.jpg 300w, https:\/\/www.holmatro.com\/app\/uploads\/2025\/10\/Quality-2-e1761208826148-600x290.jpg 600w, https:\/\/www.holmatro.com\/app\/uploads\/2025\/10\/Quality-2-e1761208826148.jpg 875w\" sizes=\"auto, (max-width: 768px) 100vw, 768px\" \/>\n                    <\/div>\n\n        <div class=\"base-card__content-container\">\n            <div class=\"base-card__content\">\n                                                    <div class=\"base-card__meta\">\n                                                                                            <\/div>\n                \n                                                            <h3 class=\"base-card__title\">Quality<\/h3>\n                    \n                    \n                                            <div class=\"base-card__excerpt\">Our products are thoroughly tested before they are authorized for use in practice.<\/div>\n                    \n                    <span\n    class=\"button button--text-only button--dark\"\n        >\n\n    \n    Discover more\n\n            <span class=\"button__icon button__icon--after\">\n            <svg id=\"icon\" xmlns=\"http:\/\/www.w3.org\/2000\/svg\" width=\"32\" height=\"32\" viewBox=\"0 0 32 32\">\n  <defs>\n    <style>\n      .cls-1 {\n        fill: none;\n      }\n    <\/style>\n  <\/defs>\n  <polygon points=\"18 6 16.57 7.393 24.15 15 4 15 4 17 24.15 17 16.57 24.573 18 26 28 16 18 6\"\/>\n  <rect id=\"_Transparent_Rectangle_\" data-name=\"&lt;Transparent Rectangle&gt;\" class=\"cls-1\" width=\"32\" height=\"32\"\/>\n<\/svg>\n\n        <\/span>\n        <\/span>\n                            <\/div>\n        <\/div>\n    <\/a>\n<\/article>\n            <\/div>\n                    <div class=\"highlighted-posts-swiper__slide swiper-slide\">\n                <article\n    class=\"base-card base-card--animation-slide-up base-card--size-default base-card--default\">\n    <a href=\"https:\/\/www.holmatro.com\/na\/en\/about-holmatro\/corporate-social-responsibility\/\" class=\"base-card__link\">\n        \n        <div class=\"base-card__image-container\">\n            \n                            <img loading=\"lazy\" decoding=\"async\" width=\"768\" height=\"299\" src=\"https:\/\/www.holmatro.com\/app\/uploads\/2025\/09\/CSR-768x299.png\" class=\"base-card__image wp-post-image\" alt=\"\" srcset=\"https:\/\/www.holmatro.com\/app\/uploads\/2025\/09\/CSR-768x299.png 768w, https:\/\/www.holmatro.com\/app\/uploads\/2025\/09\/CSR-300x117.png 300w, https:\/\/www.holmatro.com\/app\/uploads\/2025\/09\/CSR-600x233.png 600w, https:\/\/www.holmatro.com\/app\/uploads\/2025\/09\/CSR.png 900w\" sizes=\"auto, (max-width: 768px) 100vw, 768px\" \/>\n                    <\/div>\n\n        <div class=\"base-card__content-container\">\n            <div class=\"base-card__content\">\n                                                    <div class=\"base-card__meta\">\n                                                                                            <\/div>\n                \n                                                            <h3 class=\"base-card__title\">Corporate Social Responsibility<\/h3>\n                    \n                    \n                                            <div class=\"base-card__excerpt\">More than ever Holmatro has a strong focus on Corporate Social Responsibility (CSR).<\/div>\n                    \n                    <span\n    class=\"button button--text-only button--dark\"\n        >\n\n    \n    Discover more\n\n            <span class=\"button__icon button__icon--after\">\n            <svg id=\"icon\" xmlns=\"http:\/\/www.w3.org\/2000\/svg\" width=\"32\" height=\"32\" viewBox=\"0 0 32 32\">\n  <defs>\n    <style>\n      .cls-1 {\n        fill: none;\n      }\n    <\/style>\n  <\/defs>\n  <polygon points=\"18 6 16.57 7.393 24.15 15 4 15 4 17 24.15 17 16.57 24.573 18 26 28 16 18 6\"\/>\n  <rect id=\"_Transparent_Rectangle_\" data-name=\"&lt;Transparent Rectangle&gt;\" class=\"cls-1\" width=\"32\" height=\"32\"\/>\n<\/svg>\n\n        <\/span>\n        <\/span>\n                            <\/div>\n        <\/div>\n    <\/a>\n<\/article>\n            <\/div>\n                    <div class=\"highlighted-posts-swiper__slide swiper-slide\">\n                <article\n    class=\"base-card base-card--animation-slide-up base-card--size-default base-card--default\">\n    <a href=\"https:\/\/www.holmatro.com\/na\/en\/about-holmatro\/our-history\/\" class=\"base-card__link\">\n        \n        <div class=\"base-card__image-container\">\n            \n                            <img loading=\"lazy\" decoding=\"async\" width=\"768\" height=\"365\" src=\"https:\/\/www.holmatro.com\/app\/uploads\/2025\/09\/1974-First-production-facility-opened-in-Breda.tif_-768x365.jpg\" class=\"base-card__image wp-post-image\" alt=\"\" srcset=\"https:\/\/www.holmatro.com\/app\/uploads\/2025\/09\/1974-First-production-facility-opened-in-Breda.tif_-768x365.jpg 768w, https:\/\/www.holmatro.com\/app\/uploads\/2025\/09\/1974-First-production-facility-opened-in-Breda.tif_-300x143.jpg 300w, https:\/\/www.holmatro.com\/app\/uploads\/2025\/09\/1974-First-production-facility-opened-in-Breda.tif_-600x285.jpg 600w, https:\/\/www.holmatro.com\/app\/uploads\/2025\/09\/1974-First-production-facility-opened-in-Breda.tif_.jpg 901w\" sizes=\"auto, (max-width: 768px) 100vw, 768px\" \/>\n                    <\/div>\n\n        <div class=\"base-card__content-container\">\n            <div class=\"base-card__content\">\n                                                    <div class=\"base-card__meta\">\n                                                                                            <\/div>\n                \n                                                            <h3 class=\"base-card__title\">Our History<\/h3>\n                    \n                    \n                                            <div class=\"base-card__excerpt\">Learn more about our heritage by having a look at our timeline.<\/div>\n                    \n                    <span\n    class=\"button button--text-only button--dark\"\n        >\n\n    \n    Discover more\n\n            <span class=\"button__icon button__icon--after\">\n            <svg id=\"icon\" xmlns=\"http:\/\/www.w3.org\/2000\/svg\" width=\"32\" height=\"32\" viewBox=\"0 0 32 32\">\n  <defs>\n    <style>\n      .cls-1 {\n        fill: none;\n      }\n    <\/style>\n  <\/defs>\n  <polygon points=\"18 6 16.57 7.393 24.15 15 4 15 4 17 24.15 17 16.57 24.573 18 26 28 16 18 6\"\/>\n  <rect id=\"_Transparent_Rectangle_\" data-name=\"&lt;Transparent Rectangle&gt;\" class=\"cls-1\" width=\"32\" height=\"32\"\/>\n<\/svg>\n\n        <\/span>\n        <\/span>\n                            <\/div>\n        <\/div>\n    <\/a>\n<\/article>\n            <\/div>\n            <\/div>\n        <\/div>\n\n        \n                    <div class=\"swiper-controls\">\n    <div class=\"swiper-controls__pagination swiper-controls__pagination--hide-on-mobile\"><\/div>\n\n    <button class=\"swiper-controls__button-prev swiper-button-prev\" aria-label=\"Previous\">\n        <svg id=\"icon\" xmlns=\"http:\/\/www.w3.org\/2000\/svg\" width=\"32\" height=\"32\" viewBox=\"0 0 32 32\">\n  <defs>\n    <style>\n      .cls-1 {\n        fill: none;\n      }\n    <\/style>\n  <\/defs>\n  <polygon points=\"14 26 15.41 24.59 7.83 17 28 17 28 15 7.83 15 15.41 7.41 14 6 4 16 14 26\"\/>\n  <rect id=\"_Transparent_Rectangle_\" data-name=\"&lt;Transparent Rectangle&gt;\" class=\"cls-1\" width=\"32\" height=\"32\"\/>\n<\/svg>\n\n    <\/button>\n\n    <button class=\"swiper-controls__button-next swiper-button-next\" aria-label=\"Next\">\n        <svg id=\"icon\" xmlns=\"http:\/\/www.w3.org\/2000\/svg\" width=\"32\" height=\"32\" viewBox=\"0 0 32 32\">\n  <defs>\n    <style>\n      .cls-1 {\n        fill: none;\n      }\n    <\/style>\n  <\/defs>\n  <polygon points=\"18 6 16.57 7.393 24.15 15 4 15 4 17 24.15 17 16.57 24.573 18 26 28 16 18 6\"\/>\n  <rect id=\"_Transparent_Rectangle_\" data-name=\"&lt;Transparent Rectangle&gt;\" class=\"cls-1\" width=\"32\" height=\"32\"\/>\n<\/svg>\n\n    <\/button>\n\n    <\/div>\n        \n            <\/section>\n    <\/div>\n<\/div>\n","protected":false},"excerpt":{"rendered":"<p>Las soluciones de equipos y sistemas hidr\u00e1ulicos de Holmatro se emplean de forma predominante en rescate, t\u00e1cticas especiales y aplicaciones\u2026<\/p>\n","protected":false},"author":10,"featured_media":795,"parent":171826,"menu_order":0,"comment_status":"closed","ping_status":"closed","template":"","meta":{"_acf_changed":false,"content-type":"","ep_exclude_from_search":false,"footnotes":""},"class_list":["post-173261","page","type-page","status-publish","has-post-thumbnail","hentry"],"acf":[],"lang":"es","translations":{"es":173261,"en":43,"fr":173263},"pll_sync_post":[],"_links":{"self":[{"href":"https:\/\/www.holmatro.com\/na\/wp-json\/wp\/v2\/pages\/173261","targetHints":{"allow":["GET"]}}],"collection":[{"href":"https:\/\/www.holmatro.com\/na\/wp-json\/wp\/v2\/pages"}],"about":[{"href":"https:\/\/www.holmatro.com\/na\/wp-json\/wp\/v2\/types\/page"}],"author":[{"embeddable":true,"href":"https:\/\/www.holmatro.com\/na\/wp-json\/wp\/v2\/users\/10"}],"replies":[{"embeddable":true,"href":"https:\/\/www.holmatro.com\/na\/wp-json\/wp\/v2\/comments?post=173261"}],"version-history":[{"count":2,"href":"https:\/\/www.holmatro.com\/na\/wp-json\/wp\/v2\/pages\/173261\/revisions"}],"predecessor-version":[{"id":173272,"href":"https:\/\/www.holmatro.com\/na\/wp-json\/wp\/v2\/pages\/173261\/revisions\/173272"}],"up":[{"embeddable":true,"href":"https:\/\/www.holmatro.com\/na\/wp-json\/wp\/v2\/pages\/171826"}],"wp:featuredmedia":[{"embeddable":true,"href":"https:\/\/www.holmatro.com\/na\/wp-json\/wp\/v2\/media\/795"}],"wp:attachment":[{"href":"https:\/\/www.holmatro.com\/na\/wp-json\/wp\/v2\/media?parent=173261"}],"curies":[{"name":"wp","href":"https:\/\/api.w.org\/{rel}","templated":true}]}}