{"id":173249,"date":"2025-11-11T10:30:38","date_gmt":"2025-11-11T10:30:38","guid":{"rendered":"https:\/\/holmatro.com\/?page_id=173249"},"modified":"2025-11-13T14:45:54","modified_gmt":"2025-11-13T14:45:54","slug":"descargo-de-responsabilidad","status":"publish","type":"page","link":"https:\/\/www.holmatro.com\/na\/es\/acerca-de-holmatro\/descargo-de-responsabilidad\/","title":{"rendered":"Descargo de Responsabilidad"},"content":{"rendered":"\n<p>Aunque se ha puesto el mayor cuidado en el contenido de este sitio web, es posible que la informaci\u00f3n de este sitio de Internet sea incorrecta o incompleta. Ni Holmatro B.V.&nbsp;ni sus empresas filiales (en adelante, Holmatro) pueden considerarse responsables en ning\u00fan modo de las consecuencias de las actividades emprendidas basadas en este sitio web. Si tiene cualquier duda acerca de si la informaci\u00f3n es correcta o completa, puede ponerse en contacto con Holmatro (n\u00famero de tel\u00e9fono: +31 (0) 162 751 480).<\/p>\n\n\n\n<h2 class=\"wp-block-heading\">Propiedad intelectual<\/h2>\n\n\n\n<p>Todos los derechos reservados. Todos los derechos de autor y otros derechos de propiedad intelectual de todos los textos, im\u00e1genes, sonidos y otros materiales de este sitio web son propiedad de Holmatro o sus licenciatarios.&nbsp; Se le permite navegar por este sitio web y reproducir extractos mediante impresi\u00f3n, descarga a un disco duro y distribuci\u00f3n a otras personas, pero, en todos los casos, solo para fines no comerciales, informativos y personales. No se puede vender o distribuir para obtener beneficio comercial ninguna reproducci\u00f3n de ninguna parte de este sitio web, ni podr\u00e1 ser modificada ni incorporada a ning\u00fan otro trabajo, publicaci\u00f3n o sitio web, sea en copia f\u00edsica o en formato electr\u00f3nico, incluida la publicaci\u00f3n en cualquier otro sitio web. No se otorga ning\u00fan otro derecho o licencia.<\/p>\n\n\n\n<p>Los derechos de propiedad intelectual relacionados con los productos, invenciones, dise\u00f1os, marcas registradas y nombres comerciales presentados en este sitio web son tambi\u00e9n propiedad de Holmatro o este los usa bajo licencia.<\/p>\n\n\n\n<p>Nada de lo que se incluye en este sitio web puede copiarse o hacerse p\u00fablico de ninguna forma sin la autorizaci\u00f3n por escrito de Holmatro.<\/p>\n","protected":false},"excerpt":{"rendered":"<p>Aunque se ha puesto el mayor cuidado en el contenido de este sitio web, es posible que la informaci\u00f3n de\u2026<\/p>\n","protected":false},"author":10,"featured_media":0,"parent":171826,"menu_order":0,"comment_status":"closed","ping_status":"closed","template":"","meta":{"_acf_changed":false,"content-type":"","ep_exclude_from_search":false,"footnotes":""},"class_list":["post-173249","page","type-page","status-publish","hentry"],"acf":[],"lang":"es","translations":{"es":173249,"en":23,"fr":173235},"pll_sync_post":[],"_links":{"self":[{"href":"https:\/\/www.holmatro.com\/na\/wp-json\/wp\/v2\/pages\/173249","targetHints":{"allow":["GET"]}}],"collection":[{"href":"https:\/\/www.holmatro.com\/na\/wp-json\/wp\/v2\/pages"}],"about":[{"href":"https:\/\/www.holmatro.com\/na\/wp-json\/wp\/v2\/types\/page"}],"author":[{"embeddable":true,"href":"https:\/\/www.holmatro.com\/na\/wp-json\/wp\/v2\/users\/10"}],"replies":[{"embeddable":true,"href":"https:\/\/www.holmatro.com\/na\/wp-json\/wp\/v2\/comments?post=173249"}],"version-history":[{"count":3,"href":"https:\/\/www.holmatro.com\/na\/wp-json\/wp\/v2\/pages\/173249\/revisions"}],"predecessor-version":[{"id":173633,"href":"https:\/\/www.holmatro.com\/na\/wp-json\/wp\/v2\/pages\/173249\/revisions\/173633"}],"up":[{"embeddable":true,"href":"https:\/\/www.holmatro.com\/na\/wp-json\/wp\/v2\/pages\/171826"}],"wp:attachment":[{"href":"https:\/\/www.holmatro.com\/na\/wp-json\/wp\/v2\/media?parent=173249"}],"curies":[{"name":"wp","href":"https:\/\/api.w.org\/{rel}","templated":true}]}}