{"id":173235,"date":"2025-11-11T10:28:41","date_gmt":"2025-11-11T10:28:41","guid":{"rendered":"https:\/\/holmatro.com\/?page_id=173235"},"modified":"2025-11-13T14:38:11","modified_gmt":"2025-11-13T14:38:11","slug":"avis-de-non-responsabilite","status":"publish","type":"page","link":"https:\/\/www.holmatro.com\/na\/fr\/a-propos-de-holmatro\/avis-de-non-responsabilite\/","title":{"rendered":"Avis de non-responsabilit\u00e9"},"content":{"rendered":"\n<p>Bien que le plus grand soin ait \u00e9t\u00e9 apport\u00e9 au contenu de ce site Web, il est possible que les informations qu\u2019il contient soient erron\u00e9es ou incompl\u00e8tes. Holmatro B.V. et ses soci\u00e9t\u00e9s affili\u00e9es (ci-apr\u00e8s \u00ab&nbsp;Holmatro&nbsp;\u00bb) ne peuvent \u00eatre tenus responsables, de quelque mani\u00e8re que ce soit, des cons\u00e9quences d\u2019activit\u00e9s entreprises en se basant sur ce site Web. Si vous avez des doutes sur l\u2019exactitude ou l\u2019exhaustivit\u00e9 des informations, contactez Holmatro (num\u00e9ro de t\u00e9l\u00e9phone&nbsp;: +31 (0) 162&nbsp;751&nbsp;480).<\/p>\n\n\n\n<h2 class=\"wp-block-heading\">Propri\u00e9t\u00e9 intellectuelle<\/h2>\n\n\n\n<p>Tous droits r\u00e9serv\u00e9s. Tous les droits d\u2019auteur et autres droits de propri\u00e9t\u00e9 intellectuelle pour tous les textes, images, sons, logiciels et autres informations sur ce site sont la propri\u00e9t\u00e9 d\u2019Holmatro ou de ses conc\u00e9dants de licence.&nbsp; Vous avez le droit de parcourir ce site et de reproduire des extraits par impression, t\u00e9l\u00e9chargement vers un disque dur et distribution \u00e0 d\u2019autres personnes mais, dans tous les cas, \u00e0 des fins non commerciales, informatives et personnelles exclusivement. Aucune reproduction d\u2019une quelconque partie du site ne peut \u00eatre vendue \u00e0 des fins commerciales, et ne peut \u00eatre modifi\u00e9e ou int\u00e9gr\u00e9e dans une quelconque autre \u0153uvre, publication ou site, que ce soit en format papier ou \u00e9lectronique, y compris la publication sur tout quelconque autre site. Aucune autre licence ni aucun autre droit ne sont accord\u00e9s.<\/p>\n\n\n\n<p>Les droits de propri\u00e9t\u00e9 intellectuelle en rapport avec les produits, inventions, cr\u00e9ations, marques de commerce, noms de marques de commerce, affich\u00e9s sur ce site Web sont \u00e9galement la propri\u00e9t\u00e9 d\u2019Holmatro, ou sont utilis\u00e9s par Holmatro sous licence.<\/p>\n\n\n\n<p>Aucune partie de ce site Web ne doit \u00eatre copi\u00e9e et\/ou rendue publique de quelque fa\u00e7on que ce soit sans l\u2019autorisation \u00e9crite d\u2019Holmatro.<\/p>\n\n\n\n<p><\/p>\n","protected":false},"excerpt":{"rendered":"<p>Bien que le plus grand soin ait \u00e9t\u00e9 apport\u00e9 au contenu de ce site Web, il est possible que les\u2026<\/p>\n","protected":false},"author":10,"featured_media":0,"parent":171832,"menu_order":0,"comment_status":"closed","ping_status":"closed","template":"","meta":{"_acf_changed":false,"content-type":"","ep_exclude_from_search":false,"footnotes":""},"class_list":["post-173235","page","type-page","status-publish","hentry"],"acf":[],"lang":"fr","translations":{"fr":173235,"en":23,"es":173249},"pll_sync_post":[],"_links":{"self":[{"href":"https:\/\/www.holmatro.com\/na\/wp-json\/wp\/v2\/pages\/173235","targetHints":{"allow":["GET"]}}],"collection":[{"href":"https:\/\/www.holmatro.com\/na\/wp-json\/wp\/v2\/pages"}],"about":[{"href":"https:\/\/www.holmatro.com\/na\/wp-json\/wp\/v2\/types\/page"}],"author":[{"embeddable":true,"href":"https:\/\/www.holmatro.com\/na\/wp-json\/wp\/v2\/users\/10"}],"replies":[{"embeddable":true,"href":"https:\/\/www.holmatro.com\/na\/wp-json\/wp\/v2\/comments?post=173235"}],"version-history":[{"count":2,"href":"https:\/\/www.holmatro.com\/na\/wp-json\/wp\/v2\/pages\/173235\/revisions"}],"predecessor-version":[{"id":173616,"href":"https:\/\/www.holmatro.com\/na\/wp-json\/wp\/v2\/pages\/173235\/revisions\/173616"}],"up":[{"embeddable":true,"href":"https:\/\/www.holmatro.com\/na\/wp-json\/wp\/v2\/pages\/171832"}],"wp:attachment":[{"href":"https:\/\/www.holmatro.com\/na\/wp-json\/wp\/v2\/media?parent=173235"}],"curies":[{"name":"wp","href":"https:\/\/api.w.org\/{rel}","templated":true}]}}