{"id":171832,"date":"2025-11-06T15:44:11","date_gmt":"2025-11-06T15:44:11","guid":{"rendered":"https:\/\/holmatro.com\/?page_id=171832"},"modified":"2025-11-27T12:58:41","modified_gmt":"2025-11-27T12:58:41","slug":"a-propos-de-holmatro","status":"publish","type":"page","link":"https:\/\/www.holmatro.com\/na\/fr\/a-propos-de-holmatro\/","title":{"rendered":"\u00c0 propos de Holmatro"},"content":{"rendered":"<div class=\"tabs-content-block\">\n            <div class=\"tabs-content-block__column\">\n            <img loading=\"lazy\" decoding=\"async\" width=\"768\" height=\"1024\" src=\"https:\/\/www.holmatro.com\/app\/uploads\/2025\/11\/00c174c30e29e1ed38e31eac662caaca817fecf5-768x1024-1.jpg\" class=\"tabs-content-block__image-left\" alt=\"\" srcset=\"https:\/\/www.holmatro.com\/app\/uploads\/2025\/11\/00c174c30e29e1ed38e31eac662caaca817fecf5-768x1024-1.jpg 768w, https:\/\/www.holmatro.com\/app\/uploads\/2025\/11\/00c174c30e29e1ed38e31eac662caaca817fecf5-768x1024-1-225x300.jpg 225w, https:\/\/www.holmatro.com\/app\/uploads\/2025\/11\/00c174c30e29e1ed38e31eac662caaca817fecf5-768x1024-1-600x800.jpg 600w\" sizes=\"auto, (max-width: 768px) 100vw, 768px\" \/>\n        <\/div>\n        <div class=\"tabs-content-block__column\">\n        <div class=\"tabs-content-block__sentinel js-sticky-tabs-top\"><\/div>\n        <div class=\"tabs-content-block__nav-wrapper\">\n            <div class=\"tabs-content-block__nav-container\">\n                <ul class=\"tabs-content-block__nav\"><\/ul>\n            <\/div>\n        <\/div>\n        <div class=\"tabs-content-block__dropdown-container dropdown\" aria-controls=\"tabs-dropdown\" role=\"combobox\"\n            aria-haspopup=\"listbox\" aria-expanded=\"false\">\n            <ul class=\"tabs-content-block__dropdown dropdown__list\" id=\"tabs-dropdown\" role=\"listbox\" hidden><\/ul>\n        <\/div>\n        <div class=\"acf-innerblocks-container\">\n<div class=\"tabs-content-block__panel\" role=\"tabpanel\" data-tab-title=\"holmatro-group\" aria-labelledby=\"holmatro-group\" hidden>\n    <h2 class=\"tabs-content-block__item-title\">Holmatro Group<\/h2>\n    <div class=\"acf-innerblocks-container\">\n\n<p>Depuis plus de 55 ans, Holmatro est un moteur d&#8217;innovation dans le domaine des technologies hydrauliques haute pression, cr\u00e9ant des \u00e9quipements performants qui contribuent \u00e0 un monde plus s\u00fbr, plus sain et plus productif. \u00c0 travers nos deux divisions \u2013 \u00c9quipements de secours et Solutions hydrauliques \u2013 nous concevons et fabriquons des outils de pointe, utilis\u00e9s par les \u00e9quipes de secours, les forces de police, les forces sp\u00e9ciales et les industries du monde entier.<\/p>\n\n\n\n<ul class=\"wp-block-list\">\n<li>Fond\u00e9 aux Pays-Bas en 1967<\/li>\n\n\n\n<li>Repr\u00e9sent\u00e9 dans plus de 160 pays<\/li>\n\n\n\n<li>Plus de 300 employ\u00e9s dans le monde entier<\/li>\n\n\n\n<li>Installations de fabrication ultramodernes aux \u00c9tats-Unis et aux Pays-Bas<\/li>\n\n\n\n<li>Plus de 400 partenaires commerciaux autoris\u00e9s actifs<\/li>\n<\/ul>\n\n\n<div class=\"align wp-block-buttons\">\n\n  <div class=\"button-group-block\">\n                  <a class=\"button button--default\" href=\"https:\/\/www.holmatro.com\/na\/fr\/a-propos-de-holmatro\/profil-de-lentreprise\/\" target=\"\">\n\n    \n    En savoir plus\n\n        <\/a>\n            <\/div>\n\n  <\/div>\n\n<\/div>\n<\/div>\n\n\n<div class=\"tabs-content-block__panel\" role=\"tabpanel\" data-tab-title=\"sauvetage\" aria-labelledby=\"sauvetage\" hidden>\n    <h2 class=\"tabs-content-block__item-title\">Sauvetage<\/h2>\n    <div class=\"acf-innerblocks-container\">\n\n<p>Depuis plus d\u2019un demi-si\u00e8cle, Holmatro con\u00e7oit les outils les plus innovants et les plus puissants au monde pour les \u00e9quipes de secours, les forces de police, les unit\u00e9s sp\u00e9ciales et l\u2019arm\u00e9e.<\/p>\n\n\n<div class=\"align wp-block-buttons\">\n\n  <div class=\"button-group-block\">\n                  <a class=\"button button--default\" href=\"https:\/\/www.holmatro.com\/na\/fr\/sauvetage\/\" target=\"\">\n\n    \n    Holmatro Sauvetage\n\n        <\/a>\n            <\/div>\n\n  <\/div>\n\n<\/div>\n<\/div>\n\n\n<div class=\"tabs-content-block__panel\" role=\"tabpanel\" data-tab-title=\"solutions-hydrauliques-\" aria-labelledby=\"solutions-hydrauliques-\" hidden>\n    <h2 class=\"tabs-content-block__item-title\">Solutions Hydrauliques <\/h2>\n    <div class=\"acf-innerblocks-container\">\n\n<p>Les \u00e9quipements et syst\u00e8mes hydrauliques d&#8217;Holmatro sont utilis\u00e9s pour le sauvetage, les interventions sp\u00e9ciales et les applications industrielles partout dans le monde. 50 ans apr\u00e8s notre cr\u00e9ation en 1967, nous continuons \u00e0 honorer nos racines traditionnelles &nbsp;n\u00e9erlandaises et notre nom est synonyme d&#8217;innovation, de qualit\u00e9 et de soutien.<\/p>\n\n\n<div class=\"align wp-block-buttons\">\n\n  <div class=\"button-group-block\">\n                  <a class=\"button button--default\" href=\"https:\/\/www.holmatro.com\/na\/hydraulic-solutions\/\" target=\"\">\n\n    \n    Holmatro Solutions Hydrauliques\n\n        <\/a>\n            <\/div>\n\n  <\/div>\n\n<\/div>\n<\/div>\n\n<\/div>\n        <div class=\"tabs-content-block__sentinel js-sticky-tabs-bottom\"><\/div>\n    <\/div>\n<\/div>\n\n\n<div class=\"wp-block-spacer\"  aria-hidden=\"true\"><\/div>\n\n\n<div class=\"carousel full-content carousel--white\">\n    <div class=\"carousel__container\">\n                    <h2 class=\"carousel__title\">\u00c0 la une<\/h2>\n                <section class=\"swiper swiper--highlighted-posts \" aria-roledescription=\"carousel\" aria-label=\"Image gallery\">\n        <div class=\"swiper__container\">\n            <div class=\"swiper-wrapper\">\n                <div class=\"highlighted-posts-swiper__slide swiper-slide\">\n                <article\n    class=\"base-card base-card--animation-slide-up base-card--size-default base-card--default\">\n    <a href=\"https:\/\/www.holmatro.com\/na\/fr\/a-propos-de-holmatro\/profil-de-lentreprise\/\" class=\"base-card__link\">\n        \n        <div class=\"base-card__image-container\">\n            \n                            <img loading=\"lazy\" decoding=\"async\" width=\"768\" height=\"366\" src=\"https:\/\/www.holmatro.com\/app\/uploads\/2025\/09\/Company-profile-Lissenveld-768x366.jpg\" class=\"base-card__image wp-post-image\" alt=\"\" srcset=\"https:\/\/www.holmatro.com\/app\/uploads\/2025\/09\/Company-profile-Lissenveld-768x366.jpg 768w, https:\/\/www.holmatro.com\/app\/uploads\/2025\/09\/Company-profile-Lissenveld-300x143.jpg 300w, https:\/\/www.holmatro.com\/app\/uploads\/2025\/09\/Company-profile-Lissenveld-1024x487.jpg 1024w, https:\/\/www.holmatro.com\/app\/uploads\/2025\/09\/Company-profile-Lissenveld-600x286.jpg 600w, https:\/\/www.holmatro.com\/app\/uploads\/2025\/09\/Company-profile-Lissenveld.jpg 1128w\" sizes=\"auto, (max-width: 768px) 100vw, 768px\" \/>\n                    <\/div>\n\n        <div class=\"base-card__content-container\">\n            <div class=\"base-card__content\">\n                                                    <div class=\"base-card__meta\">\n                                                                                            <\/div>\n                \n                                                            <h3 class=\"base-card__title\">Profil de l&#8217;entreprise<\/h3>\n                    \n                    \n                                            <div class=\"base-card__excerpt\">Les solutions d&#8217;\u00e9quipements et de syst\u00e8mes hydrauliques d&#8217;Holmatro sont surtout utilis\u00e9es pour le sauvetage, les interventions sp\u00e9ciales et les applications\u2026<\/div>\n                    \n                    <span\n    class=\"button button--text-only button--dark\"\n        >\n\n    \n    Discover more\n\n            <span class=\"button__icon button__icon--after\">\n            <svg id=\"icon\" xmlns=\"http:\/\/www.w3.org\/2000\/svg\" width=\"32\" height=\"32\" viewBox=\"0 0 32 32\">\n  <defs>\n    <style>\n      .cls-1 {\n        fill: none;\n      }\n    <\/style>\n  <\/defs>\n  <polygon points=\"18 6 16.57 7.393 24.15 15 4 15 4 17 24.15 17 16.57 24.573 18 26 28 16 18 6\"\/>\n  <rect id=\"_Transparent_Rectangle_\" data-name=\"&lt;Transparent Rectangle&gt;\" class=\"cls-1\" width=\"32\" height=\"32\"\/>\n<\/svg>\n\n        <\/span>\n        <\/span>\n                            <\/div>\n        <\/div>\n    <\/a>\n<\/article>\n            <\/div>\n                    <div class=\"highlighted-posts-swiper__slide swiper-slide\">\n                <article\n    class=\"base-card base-card--animation-slide-up base-card--size-default base-card--default\">\n    <a href=\"https:\/\/www.holmatro.com\/na\/fr\/a-propos-de-holmatro\/responsabilite-sociale-des-entreprises\/\" class=\"base-card__link\">\n        \n        <div class=\"base-card__image-container\">\n            \n                            <img loading=\"lazy\" decoding=\"async\" width=\"768\" height=\"299\" src=\"https:\/\/www.holmatro.com\/app\/uploads\/2025\/09\/CSR-768x299.png\" class=\"base-card__image wp-post-image\" alt=\"\" srcset=\"https:\/\/www.holmatro.com\/app\/uploads\/2025\/09\/CSR-768x299.png 768w, https:\/\/www.holmatro.com\/app\/uploads\/2025\/09\/CSR-300x117.png 300w, https:\/\/www.holmatro.com\/app\/uploads\/2025\/09\/CSR-600x233.png 600w, https:\/\/www.holmatro.com\/app\/uploads\/2025\/09\/CSR.png 900w\" sizes=\"auto, (max-width: 768px) 100vw, 768px\" \/>\n                    <\/div>\n\n        <div class=\"base-card__content-container\">\n            <div class=\"base-card__content\">\n                                                    <div class=\"base-card__meta\">\n                                                                                            <\/div>\n                \n                                                            <h3 class=\"base-card__title\">Responsabilit\u00e9 Sociale des Entreprises<\/h3>\n                    \n                    \n                                            <div class=\"base-card__excerpt\">Plus que jamais Holmatro met l&#8217;accent sur la responsabilit\u00e9 sociale des entreprises (RSE). Ceci est bien illustr\u00e9 par nos d\u00e9marches\u2026<\/div>\n                    \n                    <span\n    class=\"button button--text-only button--dark\"\n        >\n\n    \n    Discover more\n\n            <span class=\"button__icon button__icon--after\">\n            <svg id=\"icon\" xmlns=\"http:\/\/www.w3.org\/2000\/svg\" width=\"32\" height=\"32\" viewBox=\"0 0 32 32\">\n  <defs>\n    <style>\n      .cls-1 {\n        fill: none;\n      }\n    <\/style>\n  <\/defs>\n  <polygon points=\"18 6 16.57 7.393 24.15 15 4 15 4 17 24.15 17 16.57 24.573 18 26 28 16 18 6\"\/>\n  <rect id=\"_Transparent_Rectangle_\" data-name=\"&lt;Transparent Rectangle&gt;\" class=\"cls-1\" width=\"32\" height=\"32\"\/>\n<\/svg>\n\n        <\/span>\n        <\/span>\n                            <\/div>\n        <\/div>\n    <\/a>\n<\/article>\n            <\/div>\n                    <div class=\"highlighted-posts-swiper__slide swiper-slide\">\n                <article\n    class=\"base-card base-card--animation-slide-up base-card--size-default base-card--default\">\n    <a href=\"https:\/\/www.holmatro.com\/na\/fr\/a-propos-de-holmatro\/notre-histoire\/\" class=\"base-card__link\">\n        \n        <div class=\"base-card__image-container\">\n            \n                            <img loading=\"lazy\" decoding=\"async\" width=\"768\" height=\"365\" src=\"https:\/\/www.holmatro.com\/app\/uploads\/2025\/09\/1974-First-production-facility-opened-in-Breda.tif_-768x365.jpg\" class=\"base-card__image wp-post-image\" alt=\"\" srcset=\"https:\/\/www.holmatro.com\/app\/uploads\/2025\/09\/1974-First-production-facility-opened-in-Breda.tif_-768x365.jpg 768w, https:\/\/www.holmatro.com\/app\/uploads\/2025\/09\/1974-First-production-facility-opened-in-Breda.tif_-300x143.jpg 300w, https:\/\/www.holmatro.com\/app\/uploads\/2025\/09\/1974-First-production-facility-opened-in-Breda.tif_-600x285.jpg 600w, https:\/\/www.holmatro.com\/app\/uploads\/2025\/09\/1974-First-production-facility-opened-in-Breda.tif_.jpg 901w\" sizes=\"auto, (max-width: 768px) 100vw, 768px\" \/>\n                    <\/div>\n\n        <div class=\"base-card__content-container\">\n            <div class=\"base-card__content\">\n                                                    <div class=\"base-card__meta\">\n                                                                                            <\/div>\n                \n                                                            <h3 class=\"base-card__title\">Notre Histoire<\/h3>\n                    \n                    \n                    \n                    <span\n    class=\"button button--text-only button--dark\"\n        >\n\n    \n    Discover more\n\n            <span class=\"button__icon button__icon--after\">\n            <svg id=\"icon\" xmlns=\"http:\/\/www.w3.org\/2000\/svg\" width=\"32\" height=\"32\" viewBox=\"0 0 32 32\">\n  <defs>\n    <style>\n      .cls-1 {\n        fill: none;\n      }\n    <\/style>\n  <\/defs>\n  <polygon points=\"18 6 16.57 7.393 24.15 15 4 15 4 17 24.15 17 16.57 24.573 18 26 28 16 18 6\"\/>\n  <rect id=\"_Transparent_Rectangle_\" data-name=\"&lt;Transparent Rectangle&gt;\" class=\"cls-1\" width=\"32\" height=\"32\"\/>\n<\/svg>\n\n        <\/span>\n        <\/span>\n                            <\/div>\n        <\/div>\n    <\/a>\n<\/article>\n            <\/div>\n            <\/div>\n        <\/div>\n\n        \n                    <div class=\"swiper-controls\">\n    <div class=\"swiper-controls__pagination swiper-controls__pagination--hide-on-mobile\"><\/div>\n\n    <button class=\"swiper-controls__button-prev swiper-button-prev\" aria-label=\"Previous\">\n        <svg id=\"icon\" xmlns=\"http:\/\/www.w3.org\/2000\/svg\" width=\"32\" height=\"32\" viewBox=\"0 0 32 32\">\n  <defs>\n    <style>\n      .cls-1 {\n        fill: none;\n      }\n    <\/style>\n  <\/defs>\n  <polygon points=\"14 26 15.41 24.59 7.83 17 28 17 28 15 7.83 15 15.41 7.41 14 6 4 16 14 26\"\/>\n  <rect id=\"_Transparent_Rectangle_\" data-name=\"&lt;Transparent Rectangle&gt;\" class=\"cls-1\" width=\"32\" height=\"32\"\/>\n<\/svg>\n\n    <\/button>\n\n    <button class=\"swiper-controls__button-next swiper-button-next\" aria-label=\"Next\">\n        <svg id=\"icon\" xmlns=\"http:\/\/www.w3.org\/2000\/svg\" width=\"32\" height=\"32\" viewBox=\"0 0 32 32\">\n  <defs>\n    <style>\n      .cls-1 {\n        fill: none;\n      }\n    <\/style>\n  <\/defs>\n  <polygon points=\"18 6 16.57 7.393 24.15 15 4 15 4 17 24.15 17 16.57 24.573 18 26 28 16 18 6\"\/>\n  <rect id=\"_Transparent_Rectangle_\" data-name=\"&lt;Transparent Rectangle&gt;\" class=\"cls-1\" width=\"32\" height=\"32\"\/>\n<\/svg>\n\n    <\/button>\n\n    <\/div>\n        \n            <\/section>\n    <\/div>\n<\/div>\n","protected":false},"excerpt":{"rendered":"","protected":false},"author":10,"featured_media":0,"parent":0,"menu_order":0,"comment_status":"closed","ping_status":"closed","template":"template-homepage.blade.php","meta":{"_acf_changed":false,"content-type":"","ep_exclude_from_search":false,"footnotes":""},"class_list":["post-171832","page","type-page","status-publish","hentry"],"acf":[],"lang":"fr","translations":{"fr":171832,"en":42,"es":171826},"pll_sync_post":[],"_links":{"self":[{"href":"https:\/\/www.holmatro.com\/na\/wp-json\/wp\/v2\/pages\/171832","targetHints":{"allow":["GET"]}}],"collection":[{"href":"https:\/\/www.holmatro.com\/na\/wp-json\/wp\/v2\/pages"}],"about":[{"href":"https:\/\/www.holmatro.com\/na\/wp-json\/wp\/v2\/types\/page"}],"author":[{"embeddable":true,"href":"https:\/\/www.holmatro.com\/na\/wp-json\/wp\/v2\/users\/10"}],"replies":[{"embeddable":true,"href":"https:\/\/www.holmatro.com\/na\/wp-json\/wp\/v2\/comments?post=171832"}],"version-history":[{"count":2,"href":"https:\/\/www.holmatro.com\/na\/wp-json\/wp\/v2\/pages\/171832\/revisions"}],"predecessor-version":[{"id":261447,"href":"https:\/\/www.holmatro.com\/na\/wp-json\/wp\/v2\/pages\/171832\/revisions\/261447"}],"wp:attachment":[{"href":"https:\/\/www.holmatro.com\/na\/wp-json\/wp\/v2\/media?parent=171832"}],"curies":[{"name":"wp","href":"https:\/\/api.w.org\/{rel}","templated":true}]}}