{"id":171826,"date":"2025-11-06T15:40:43","date_gmt":"2025-11-06T15:40:43","guid":{"rendered":"https:\/\/holmatro.com\/?page_id=171826"},"modified":"2025-11-27T12:58:34","modified_gmt":"2025-11-27T12:58:34","slug":"acerca-de-holmatro","status":"publish","type":"page","link":"https:\/\/www.holmatro.com\/na\/es\/acerca-de-holmatro\/","title":{"rendered":"Acerca de Holmatro"},"content":{"rendered":"<div class=\"tabs-content-block\">\n            <div class=\"tabs-content-block__column\">\n            <img loading=\"lazy\" decoding=\"async\" width=\"768\" height=\"1024\" src=\"https:\/\/www.holmatro.com\/app\/uploads\/2025\/11\/00c174c30e29e1ed38e31eac662caaca817fecf5-768x1024-1.jpg\" class=\"tabs-content-block__image-left\" alt=\"\" srcset=\"https:\/\/www.holmatro.com\/app\/uploads\/2025\/11\/00c174c30e29e1ed38e31eac662caaca817fecf5-768x1024-1.jpg 768w, https:\/\/www.holmatro.com\/app\/uploads\/2025\/11\/00c174c30e29e1ed38e31eac662caaca817fecf5-768x1024-1-225x300.jpg 225w, https:\/\/www.holmatro.com\/app\/uploads\/2025\/11\/00c174c30e29e1ed38e31eac662caaca817fecf5-768x1024-1-600x800.jpg 600w\" sizes=\"auto, (max-width: 768px) 100vw, 768px\" \/>\n        <\/div>\n        <div class=\"tabs-content-block__column\">\n        <div class=\"tabs-content-block__sentinel js-sticky-tabs-top\"><\/div>\n        <div class=\"tabs-content-block__nav-wrapper\">\n            <div class=\"tabs-content-block__nav-container\">\n                <ul class=\"tabs-content-block__nav\"><\/ul>\n            <\/div>\n        <\/div>\n        <div class=\"tabs-content-block__dropdown-container dropdown\" aria-controls=\"tabs-dropdown\" role=\"combobox\"\n            aria-haspopup=\"listbox\" aria-expanded=\"false\">\n            <ul class=\"tabs-content-block__dropdown dropdown__list\" id=\"tabs-dropdown\" role=\"listbox\" hidden><\/ul>\n        <\/div>\n        <div class=\"acf-innerblocks-container\">\n<div class=\"tabs-content-block__panel\" role=\"tabpanel\" data-tab-title=\"holmatro-group\" aria-labelledby=\"holmatro-group\" hidden>\n    <h2 class=\"tabs-content-block__item-title\">Holmatro Group<\/h2>\n    <div class=\"acf-innerblocks-container\">\n\n<p>Durante m\u00e1s de 55 a\u00f1os, Holmatro ha impulsado la innovaci\u00f3n en tecnolog\u00eda hidr\u00e1ulica de alta presi\u00f3n, creando equipos potentes que contribuyen a un mundo m\u00e1s seguro, saludable y productivo. A trav\u00e9s de nuestras dos unidades de negocio \u2014Equipos de Rescate y Soluciones Hidr\u00e1ulicas\u2014 dise\u00f1amos y fabricamos herramientas de vanguardia en las que conf\u00edan equipos de rescate, polic\u00eda, fuerzas especiales e industrias de todo el mundo.<\/p>\n\n\n\n<ul class=\"wp-block-list\">\n<li>M\u00e1s informaci\u00f3n acerca de nosotros<\/li>\n\n\n\n<li>Empresa fundada en los Pa\u00edses Bajos en 1967<\/li>\n\n\n\n<li>Con representaci\u00f3n en m\u00e1s de 160 pa\u00edses<\/li>\n\n\n\n<li>M\u00e1s de 300 empleados en todo el mundo<\/li>\n\n\n\n<li>Instalaciones de producci\u00f3n de \u00faltima tecnolog\u00eda en los EE. UU. y los Pa\u00edses Bajos<\/li>\n\n\n\n<li>M\u00e1s de 400 socios comerciales autorizados en activo<\/li>\n<\/ul>\n\n\n<div class=\"align wp-block-buttons\">\n\n  <div class=\"button-group-block\">\n                  <a\n    class=\"button button--default\" href=\"https:\/\/www.holmatro.com\/na\/es\/acerca-de-holmatro\/perfil-de-la-empresa\/\" target=\"\"\n        >\n\n    \n    M\u00e1s informaci\u00f3n\n\n        <\/a>\n            <\/div>\n\n  <\/div>\n\n<\/div>\n<\/div>\n\n\n<div class=\"tabs-content-block__panel\" role=\"tabpanel\" data-tab-title=\"rescate\" aria-labelledby=\"rescate\" hidden>\n    <h2 class=\"tabs-content-block__item-title\">Rescate<\/h2>\n    <div class=\"acf-innerblocks-container\">\n\n<p>Holmatro lleva m\u00e1s de medio siglo desarrollando las herramientas m\u00e1s innovadoras y potentes del mundo para equipos de rescate, unidades policiales, fuerzas especiales y ej\u00e9rcito.<\/p>\n\n\n<div class=\"align wp-block-buttons\">\n\n  <div class=\"button-group-block\">\n                  <a\n    class=\"button button--default\" href=\"https:\/\/www.holmatro.com\/na\/rescue\/\" target=\"\"\n        >\n\n    \n    Holmatro Rescue Equipment\n\n        <\/a>\n            <\/div>\n\n  <\/div>\n\n<\/div>\n<\/div>\n\n\n<div class=\"tabs-content-block__panel\" role=\"tabpanel\" data-tab-title=\"soluciones-hidr-ulicas-\" aria-labelledby=\"soluciones-hidr-ulicas-\" hidden>\n    <h2 class=\"tabs-content-block__item-title\">Soluciones Hidr\u00e1ulicas <\/h2>\n    <div class=\"acf-innerblocks-container\">\n\n<p>El equipo y los sistemas hidr\u00e1ulicos de Holmatro se emplean para rescate, t\u00e1cticas especiales y aplicaciones industriales en todo el mundo. Aun as\u00ed, tras m\u00e1s de 50 a\u00f1os desde su fundaci\u00f3n en 1967, seguimos honrando nuestras ra\u00edces holandesas tradicionales y representamos innovaci\u00f3n, calidad y asistencia.<\/p>\n\n\n<div class=\"align wp-block-buttons\">\n\n  <div class=\"button-group-block\">\n                  <a\n    class=\"button button--default\" href=\"https:\/\/www.holmatro.com\/na\/es\/soluciones-hidraulicas\/\" target=\"\"\n        >\n\n    \n    Holmatro Soluciones Hidr\u00e1ulicas\n\n        <\/a>\n            <\/div>\n\n  <\/div>\n\n<\/div>\n<\/div>\n\n<\/div>\n        <div class=\"tabs-content-block__sentinel js-sticky-tabs-bottom\"><\/div>\n    <\/div>\n<\/div>\n\n\n<div class=\"wp-block-spacer\"  aria-hidden=\"true\"><\/div>\n\n\n<div class=\"carousel full-content carousel--white\">\n    <div class=\"carousel__container\">\n                    <h2 class=\"carousel__title\">Destacado<\/h2>\n                <section class=\"swiper swiper--highlighted-posts \" aria-roledescription=\"carousel\" aria-label=\"Image gallery\">\n        <div class=\"swiper__container\">\n            <div class=\"swiper-wrapper\">\n                <div class=\"highlighted-posts-swiper__slide swiper-slide\">\n                <article\n    class=\"base-card base-card--animation-slide-up base-card--size-default base-card--default\">\n    <a href=\"https:\/\/www.holmatro.com\/na\/es\/acerca-de-holmatro\/perfil-de-la-empresa\/\" class=\"base-card__link\">\n        \n        <div class=\"base-card__image-container\">\n            \n                            <img loading=\"lazy\" decoding=\"async\" width=\"768\" height=\"366\" src=\"https:\/\/www.holmatro.com\/app\/uploads\/2025\/09\/Company-profile-Lissenveld-768x366.jpg\" class=\"base-card__image wp-post-image\" alt=\"\" srcset=\"https:\/\/www.holmatro.com\/app\/uploads\/2025\/09\/Company-profile-Lissenveld-768x366.jpg 768w, https:\/\/www.holmatro.com\/app\/uploads\/2025\/09\/Company-profile-Lissenveld-300x143.jpg 300w, https:\/\/www.holmatro.com\/app\/uploads\/2025\/09\/Company-profile-Lissenveld-1024x487.jpg 1024w, https:\/\/www.holmatro.com\/app\/uploads\/2025\/09\/Company-profile-Lissenveld-600x286.jpg 600w, https:\/\/www.holmatro.com\/app\/uploads\/2025\/09\/Company-profile-Lissenveld.jpg 1128w\" sizes=\"auto, (max-width: 768px) 100vw, 768px\" \/>\n                    <\/div>\n\n        <div class=\"base-card__content-container\">\n            <div class=\"base-card__content\">\n                                                    <div class=\"base-card__meta\">\n                                                                                            <\/div>\n                \n                                                            <h3 class=\"base-card__title\">Perfil de la empresa<\/h3>\n                    \n                    \n                                            <div class=\"base-card__excerpt\">Las soluciones de equipos y sistemas hidr\u00e1ulicos de Holmatro se emplean de forma predominante en rescate, t\u00e1cticas especiales y aplicaciones\u2026<\/div>\n                    \n                    <span\n    class=\"button button--text-only button--dark\"\n        >\n\n    \n    Discover more\n\n            <span class=\"button__icon button__icon--after\">\n            <svg id=\"icon\" xmlns=\"http:\/\/www.w3.org\/2000\/svg\" width=\"32\" height=\"32\" viewBox=\"0 0 32 32\">\n  <defs>\n    <style>\n      .cls-1 {\n        fill: none;\n      }\n    <\/style>\n  <\/defs>\n  <polygon points=\"18 6 16.57 7.393 24.15 15 4 15 4 17 24.15 17 16.57 24.573 18 26 28 16 18 6\"\/>\n  <rect id=\"_Transparent_Rectangle_\" data-name=\"&lt;Transparent Rectangle&gt;\" class=\"cls-1\" width=\"32\" height=\"32\"\/>\n<\/svg>\n\n        <\/span>\n        <\/span>\n                            <\/div>\n        <\/div>\n    <\/a>\n<\/article>\n            <\/div>\n                    <div class=\"highlighted-posts-swiper__slide swiper-slide\">\n                <article\n    class=\"base-card base-card--animation-slide-up base-card--size-default base-card--default\">\n    <a href=\"https:\/\/www.holmatro.com\/na\/es\/acerca-de-holmatro\/descargo-de-responsabilidad\/\" class=\"base-card__link\">\n        \n        <div class=\"base-card__image-container\">\n                            <img decoding=\"async\" class=\"base-card__image\"\n                    src=\"https:\/\/www.holmatro.com\/app\/themes\/harborn\/resources\/images\/card-default-image.jpg\" alt=\"\">\n            \n                    <\/div>\n\n        <div class=\"base-card__content-container\">\n            <div class=\"base-card__content\">\n                                                    <div class=\"base-card__meta\">\n                                                                                            <\/div>\n                \n                                                            <h3 class=\"base-card__title\">Descargo de Responsabilidad<\/h3>\n                    \n                    \n                                            <div class=\"base-card__excerpt\">Aunque se ha puesto el mayor cuidado en el contenido de este sitio web, es posible que la informaci\u00f3n de\u2026<\/div>\n                    \n                    <span\n    class=\"button button--text-only button--dark\"\n        >\n\n    \n    Discover more\n\n            <span class=\"button__icon button__icon--after\">\n            <svg id=\"icon\" xmlns=\"http:\/\/www.w3.org\/2000\/svg\" width=\"32\" height=\"32\" viewBox=\"0 0 32 32\">\n  <defs>\n    <style>\n      .cls-1 {\n        fill: none;\n      }\n    <\/style>\n  <\/defs>\n  <polygon points=\"18 6 16.57 7.393 24.15 15 4 15 4 17 24.15 17 16.57 24.573 18 26 28 16 18 6\"\/>\n  <rect id=\"_Transparent_Rectangle_\" data-name=\"&lt;Transparent Rectangle&gt;\" class=\"cls-1\" width=\"32\" height=\"32\"\/>\n<\/svg>\n\n        <\/span>\n        <\/span>\n                            <\/div>\n        <\/div>\n    <\/a>\n<\/article>\n            <\/div>\n                    <div class=\"highlighted-posts-swiper__slide swiper-slide\">\n                <article\n    class=\"base-card base-card--animation-slide-up base-card--size-default base-card--default\">\n    <a href=\"https:\/\/www.holmatro.com\/na\/es\/acerca-de-holmatro\/nuestra-historia\/\" class=\"base-card__link\">\n        \n        <div class=\"base-card__image-container\">\n            \n                            <img loading=\"lazy\" decoding=\"async\" width=\"768\" height=\"365\" src=\"https:\/\/www.holmatro.com\/app\/uploads\/2025\/09\/1974-First-production-facility-opened-in-Breda.tif_-768x365.jpg\" class=\"base-card__image wp-post-image\" alt=\"\" srcset=\"https:\/\/www.holmatro.com\/app\/uploads\/2025\/09\/1974-First-production-facility-opened-in-Breda.tif_-768x365.jpg 768w, https:\/\/www.holmatro.com\/app\/uploads\/2025\/09\/1974-First-production-facility-opened-in-Breda.tif_-300x143.jpg 300w, https:\/\/www.holmatro.com\/app\/uploads\/2025\/09\/1974-First-production-facility-opened-in-Breda.tif_-600x285.jpg 600w, https:\/\/www.holmatro.com\/app\/uploads\/2025\/09\/1974-First-production-facility-opened-in-Breda.tif_.jpg 901w\" sizes=\"auto, (max-width: 768px) 100vw, 768px\" \/>\n                    <\/div>\n\n        <div class=\"base-card__content-container\">\n            <div class=\"base-card__content\">\n                                                    <div class=\"base-card__meta\">\n                                                                                            <\/div>\n                \n                                                            <h3 class=\"base-card__title\">Nuestra Historia<\/h3>\n                    \n                    \n                    \n                    <span\n    class=\"button button--text-only button--dark\"\n        >\n\n    \n    Discover more\n\n            <span class=\"button__icon button__icon--after\">\n            <svg id=\"icon\" xmlns=\"http:\/\/www.w3.org\/2000\/svg\" width=\"32\" height=\"32\" viewBox=\"0 0 32 32\">\n  <defs>\n    <style>\n      .cls-1 {\n        fill: none;\n      }\n    <\/style>\n  <\/defs>\n  <polygon points=\"18 6 16.57 7.393 24.15 15 4 15 4 17 24.15 17 16.57 24.573 18 26 28 16 18 6\"\/>\n  <rect id=\"_Transparent_Rectangle_\" data-name=\"&lt;Transparent Rectangle&gt;\" class=\"cls-1\" width=\"32\" height=\"32\"\/>\n<\/svg>\n\n        <\/span>\n        <\/span>\n                            <\/div>\n        <\/div>\n    <\/a>\n<\/article>\n            <\/div>\n            <\/div>\n        <\/div>\n\n        \n                    <div class=\"swiper-controls\">\n    <div class=\"swiper-controls__pagination swiper-controls__pagination--hide-on-mobile\"><\/div>\n\n    <button class=\"swiper-controls__button-prev swiper-button-prev\" aria-label=\"Previous\">\n        <svg id=\"icon\" xmlns=\"http:\/\/www.w3.org\/2000\/svg\" width=\"32\" height=\"32\" viewBox=\"0 0 32 32\">\n  <defs>\n    <style>\n      .cls-1 {\n        fill: none;\n      }\n    <\/style>\n  <\/defs>\n  <polygon points=\"14 26 15.41 24.59 7.83 17 28 17 28 15 7.83 15 15.41 7.41 14 6 4 16 14 26\"\/>\n  <rect id=\"_Transparent_Rectangle_\" data-name=\"&lt;Transparent Rectangle&gt;\" class=\"cls-1\" width=\"32\" height=\"32\"\/>\n<\/svg>\n\n    <\/button>\n\n    <button class=\"swiper-controls__button-next swiper-button-next\" aria-label=\"Next\">\n        <svg id=\"icon\" xmlns=\"http:\/\/www.w3.org\/2000\/svg\" width=\"32\" height=\"32\" viewBox=\"0 0 32 32\">\n  <defs>\n    <style>\n      .cls-1 {\n        fill: none;\n      }\n    <\/style>\n  <\/defs>\n  <polygon points=\"18 6 16.57 7.393 24.15 15 4 15 4 17 24.15 17 16.57 24.573 18 26 28 16 18 6\"\/>\n  <rect id=\"_Transparent_Rectangle_\" data-name=\"&lt;Transparent Rectangle&gt;\" class=\"cls-1\" width=\"32\" height=\"32\"\/>\n<\/svg>\n\n    <\/button>\n\n    <\/div>\n        \n            <\/section>\n    <\/div>\n<\/div>\n","protected":false},"excerpt":{"rendered":"","protected":false},"author":10,"featured_media":0,"parent":0,"menu_order":0,"comment_status":"closed","ping_status":"closed","template":"template-homepage.blade.php","meta":{"_acf_changed":false,"content-type":"","ep_exclude_from_search":false,"footnotes":""},"class_list":["post-171826","page","type-page","status-publish","hentry"],"acf":[],"lang":"es","translations":{"es":171826,"en":42,"fr":171832},"pll_sync_post":[],"_links":{"self":[{"href":"https:\/\/www.holmatro.com\/na\/wp-json\/wp\/v2\/pages\/171826","targetHints":{"allow":["GET"]}}],"collection":[{"href":"https:\/\/www.holmatro.com\/na\/wp-json\/wp\/v2\/pages"}],"about":[{"href":"https:\/\/www.holmatro.com\/na\/wp-json\/wp\/v2\/types\/page"}],"author":[{"embeddable":true,"href":"https:\/\/www.holmatro.com\/na\/wp-json\/wp\/v2\/users\/10"}],"replies":[{"embeddable":true,"href":"https:\/\/www.holmatro.com\/na\/wp-json\/wp\/v2\/comments?post=171826"}],"version-history":[{"count":3,"href":"https:\/\/www.holmatro.com\/na\/wp-json\/wp\/v2\/pages\/171826\/revisions"}],"predecessor-version":[{"id":261446,"href":"https:\/\/www.holmatro.com\/na\/wp-json\/wp\/v2\/pages\/171826\/revisions\/261446"}],"wp:attachment":[{"href":"https:\/\/www.holmatro.com\/na\/wp-json\/wp\/v2\/media?parent=171826"}],"curies":[{"name":"wp","href":"https:\/\/api.w.org\/{rel}","templated":true}]}}