{"id":138,"date":"2025-08-01T16:52:51","date_gmt":"2025-08-01T16:52:51","guid":{"rendered":"https:\/\/holmatro.com\/splashpage-espanol\/"},"modified":"2025-12-15T21:49:23","modified_gmt":"2025-12-15T21:49:23","slug":"splashpage-espanol","status":"publish","type":"page","link":"https:\/\/www.holmatro.com\/na\/es\/","title":{"rendered":"Holmatro &#8211; Equipos y Sistemas Hidr\u00e1ulicos"},"content":{"rendered":"\n<p>Durante m\u00e1s de 55 a\u00f1os, Holmatro ha impulsado la innovaci\u00f3n en tecnolog\u00eda hidr\u00e1ulica de alta presi\u00f3n, creando soluciones potentes que hacen del mundo un lugar m\u00e1s seguro, saludable y productivo.<\/p>\n","protected":false},"excerpt":{"rendered":"<p>Durante m\u00e1s de 55 a\u00f1os, Holmatro ha impulsado la innovaci\u00f3n en tecnolog\u00eda hidr\u00e1ulica de alta presi\u00f3n, creando soluciones potentes que\u2026<\/p>\n","protected":false},"author":1,"featured_media":0,"parent":0,"menu_order":0,"comment_status":"closed","ping_status":"closed","template":"template-splash-page.blade.php","meta":{"_acf_changed":false,"content-type":"","ep_exclude_from_search":false,"footnotes":""},"class_list":["post-138","page","type-page","status-publish","hentry"],"acf":[],"lang":"es","translations":{"es":138,"en":105,"fr":139},"pll_sync_post":[],"_links":{"self":[{"href":"https:\/\/www.holmatro.com\/na\/wp-json\/wp\/v2\/pages\/138","targetHints":{"allow":["GET"]}}],"collection":[{"href":"https:\/\/www.holmatro.com\/na\/wp-json\/wp\/v2\/pages"}],"about":[{"href":"https:\/\/www.holmatro.com\/na\/wp-json\/wp\/v2\/types\/page"}],"author":[{"embeddable":true,"href":"https:\/\/www.holmatro.com\/na\/wp-json\/wp\/v2\/users\/1"}],"replies":[{"embeddable":true,"href":"https:\/\/www.holmatro.com\/na\/wp-json\/wp\/v2\/comments?post=138"}],"version-history":[{"count":3,"href":"https:\/\/www.holmatro.com\/na\/wp-json\/wp\/v2\/pages\/138\/revisions"}],"predecessor-version":[{"id":173182,"href":"https:\/\/www.holmatro.com\/na\/wp-json\/wp\/v2\/pages\/138\/revisions\/173182"}],"wp:attachment":[{"href":"https:\/\/www.holmatro.com\/na\/wp-json\/wp\/v2\/media?parent=138"}],"curies":[{"name":"wp","href":"https:\/\/api.w.org\/{rel}","templated":true}]}}